{"id":750,"date":"2023-08-17T14:13:12","date_gmt":"2023-08-17T12:13:12","guid":{"rendered":"https:\/\/prezbiopia.pl\/konferencja\/?page_id=750"},"modified":"2025-11-20T09:02:16","modified_gmt":"2025-11-20T08:02:16","slug":"__trashed","status":"publish","type":"page","link":"https:\/\/prezbiopia.pl\/konferencja\/en\/","title":{"rendered":"Strona g\u0142\u00f3wna"},"content":{"rendered":"<section class=\"l-section wpb_row height_auto width_full\"><div class=\"l-section-h i-cf\"><div class=\"g-cols vc_row via_flex valign_top type_default stacking_default\"><div class=\"vc_col-sm-12 wpb_column vc_column_container\"><div class=\"vc_column-inner\"><div class=\"wpb_wrapper\"><div class=\"w-image us_custom_55df17ee align_center\"><div class=\"w-image-h\"><img width=\"1600\" height=\"900\" src=\"https:\/\/prezbiopia.pl\/konferencja\/wp-content\/uploads\/2025\/05\/Presbyopia-2025-en-1.png\" class=\"attachment-full size-full\" alt=\"Presbyopia 2025 en\" decoding=\"async\" loading=\"lazy\" srcset=\"https:\/\/prezbiopia.pl\/konferencja\/wp-content\/uploads\/2025\/05\/Presbyopia-2025-en-1.png 1600w, https:\/\/prezbiopia.pl\/konferencja\/wp-content\/uploads\/2025\/05\/Presbyopia-2025-en-1-300x169.png 300w, https:\/\/prezbiopia.pl\/konferencja\/wp-content\/uploads\/2025\/05\/Presbyopia-2025-en-1-1024x576.png 1024w, https:\/\/prezbiopia.pl\/konferencja\/wp-content\/uploads\/2025\/05\/Presbyopia-2025-en-1-800x450.png 800w, https:\/\/prezbiopia.pl\/konferencja\/wp-content\/uploads\/2025\/05\/Presbyopia-2025-en-1-600x338.png 600w\" sizes=\"(max-width: 1600px) 100vw, 1600px\" \/><\/div><\/div><\/div><\/div><\/div><\/div><\/div><\/section><section class=\"l-section wpb_row us_custom_242268fa height_medium\" id=\"program\"><div class=\"l-section-overlay\" style=\"background:#f0f0f6\"><\/div><div class=\"l-section-h i-cf\"><div class=\"g-cols vc_row via_flex valign_top type_default stacking_default\"><div class=\"vc_col-sm-12 wpb_column vc_column_container\"><div class=\"vc_column-inner\"><div class=\"wpb_wrapper\"><h2 class=\"w-text us_custom_03b3ee3e\"><span class=\"w-text-h\"><span class=\"w-text-value\">Programme<\/span><\/span><\/h2><h3 class=\"w-text us_custom_d7709b92\"><span class=\"w-text-h\"><span class=\"w-text-value\">PRESBYOPIA 2025<\/span><\/span><\/h3><div class=\"w-html scroll-box\"><svg xmlns=\"http:\/\/www.w3.org\/2000\/svg\" viewBox=\"0 0 448 512\"><!--!Font Awesome Free 6.6.0 by @fontawesome - https:\/\/fontawesome.com License - https:\/\/fontawesome.com\/license\/free Copyright 2024 Fonticons, Inc.--><path d=\"M9.4 233.4c-12.5 12.5-12.5 32.8 0 45.3l160 160c12.5 12.5 32.8 12.5 45.3 0s12.5-32.8 0-45.3L109.2 288 416 288c17.7 0 32-14.3 32-32s-14.3-32-32-32l-306.7 0L214.6 118.6c12.5-12.5 12.5-32.8 0-45.3s-32.8-12.5-45.3 0l-160 160z\"\/><\/svg><span>Horizontal scrolling<\/span><svg xmlns=\"http:\/\/www.w3.org\/2000\/svg\" viewBox=\"0 0 448 512\"><!--!Font Awesome Free 6.6.0 by @fontawesome - https:\/\/fontawesome.com License - https:\/\/fontawesome.com\/license\/free Copyright 2024 Fonticons, Inc.--><path d=\"M438.6 278.6c12.5-12.5 12.5-32.8 0-45.3l-160-160c-12.5-12.5-32.8-12.5-45.3 0s-12.5 32.8 0 45.3L338.8 224 32 224c-17.7 0-32 14.3-32 32s14.3 32 32 32l306.7 0L233.4 393.4c-12.5 12.5-12.5 32.8 0 45.3s32.8 12.5 45.3 0l160-160z\"\/><\/svg><\/div><div class=\"w-html table-box\"><table id=\"custom-table-2025-en\" class=\"konf-table-program\">\n  <thead>\n    <tr class=\"row-1\">\n      <th class=\"column-1\"><strong><\/strong><\/th>\n      <th colspan=\"3\" class=\"column-2\"><strong>Presbyopia 2025<\/strong><\/th>\n    <\/tr>\n  <\/thead>\n  <tbody>\n    <tr class=\"row-2\">\n      <td class=\"column-1\"><strong>Lp.<\/strong><\/td>\n      <td class=\"column-2\"><strong>Time (CET)<\/strong><\/td>\n      <td class=\"column-3\"><strong>Title<\/strong><\/td>\n      <td class=\"column-4\"><strong>Prelegent<\/strong><\/td>\n    <\/tr>\n    <tr class=\"row-3\">\n      <td class=\"column-1\"><strong>1<\/strong><\/td>\n      <td class=\"column-2\">12:30 \u2013 12:35<\/td>\n      <td class=\"column-3\">Conference Opening<\/td>\n      <td class=\"column-4\">Prof. Andrzej Grzybowski (Foundation Okulistyka 21, Poland)<\/td>\n    <\/tr>\n    <tr class=\"row-5\">\n      <td class=\"column-1\"><strong>2<\/strong><\/td>\n      <td class=\"column-2\">12:35 \u2013 12:50<\/td>\n      <td class=\"column-3\">\n        Refractive surgery: understanding options, avoiding mistakes\n      <\/td>\n      <td class=\"column-4\">Prof. Rafael I. Barraquer (Centre of Ophthalmology Barraquer, Spain)<\/td>\n    <\/tr>\n    <tr class=\"row-7\">\n      <td class=\"column-1\"><strong><\/strong><\/td>\n      <td colspan=\"3\" class=\"column-2\" style=\"text-align: center;\">\n        <strong>SESSION I \u2013 European Academy of Ophthalmology session<\/strong><br \/><span>Moderator: Prof. Andrzej Grzybowski (Poland), Dr. Maria Muzyka-Wo\u017aniak, Prof. Bart\u0142omiej Ka\u0142u\u017cny <\/span>\n      <\/td>\n    <\/tr>\n    <tr class=\"row-8\">\n      <td class=\"column-1\"><strong>3<\/strong><\/td>\n      <td class=\"column-2\">12:50 \u2013 13:02<\/td>\n      <td class=\"column-3\">\n        Cataract surgery with a new accommodative IOL\n      <\/td>\n      <td class=\"column-4\">Prof. Jorge Ali\u00f3 (Universidad Miguel Hern\u00e1ndez de Elche, Alicante, Spain) <\/td>\n    <\/tr>\n    <tr class=\"row-9\">\n      <td class=\"column-1\"><strong>4<\/strong><\/td>\n      <td class=\"column-2\">13:02 \u2013 13:20<\/td>\n      <td class=\"column-3\">\n        How to deal with coexistant cataract and glaucoma\n      <\/td>\n      <td class=\"column-4\">Prof. Norbert Pfeiffer (Eye Clinic and Polyclinic University Medical Center Mainz, Germany)<\/td>\n    <\/tr>\n    <tr class=\"row-10\">\n      <td class=\"column-1\"><strong>5<\/strong><\/td>\n      <td class=\"column-2\">13:20 \u2013 13:31<\/td>\n      <td class=\"column-3\">Restoring Dynamic Range of Focus and Binocular Vision: Clinical and Quality of Life Outcomes with Laser Scleral Mircroporation (LSM) Therapy<\/td>\n      <td class=\"column-4\">Dr Hipsley (Ace Vision Group, Inc., USA) <\/td>\n    <\/tr>\n    <tr class=\"row-11\">\n      <td class=\"column-1\"><strong>6<\/strong><\/td>\n      <td class=\"column-2\">13:31 \u2013 13:41<\/td>\n      <td class=\"column-3\">Discussion<\/td>\n      <td class=\"column-4\"><strong><\/strong><\/td>\n    <\/tr>\n       <tr class=\"row-11\">\n      <td class=\"column-1\"><\/td>\n      <td class=\"column-2\">13:41 \u2013 13:45<\/td>\n      <td class=\"column-3\">Break<\/td>\n      <td class=\"column-4\"><strong><\/strong><\/td>\n    <\/tr>\n    <tr class=\"row-13\">\n      <td class=\"column-1\"><strong><\/strong><\/td>\n      <td colspan=\"3\" class=\"column-2\" style=\"text-align: center;\">\n        <strong>SESSION II \u2013 Practical innovations<\/strong><br \/><span>Moderator: Prof. Andrzej Grzybowski (Poland), Dr. Agnieszka Kudasiewicz-Kardaszewska, (Poland), Dr. Pawe\u0142 Klonowski (Poland)<\/span>\n      <\/td>\n    <\/tr>\n    <tr class=\"row-15\">\n      <td class=\"column-1\"><strong>7<\/strong><\/td>\n      <td class=\"column-2\">13:45 \u2013 13:58<\/td>\n      <td class=\"column-3\">\n        Help patients enjoy natural vision with the LuxLife\u2122 lens from Bausch + Lomb\n      <\/td>\n      <td class=\"column-4\">Zuzanna Pl\u0105ska (Bausch & Lomb Poland, Poland) <\/td>\n    <\/tr>\n    <tr class=\"row-16\">\n      <td class=\"column-1\"><strong>8<\/strong><\/td>\n      <td class=\"column-2\">13:58 \u2013 14:15<\/td>\n      <td class=\"column-3\">Modern Progressive Lenses \u2013 Meeting the Growing Needs of Presbyopes<\/td>\n      <td class=\"column-4\">Meena Puar (Global Medical Advisor \u2013 EssilorLuxottica) <\/td>\n    <\/tr>\n    <tr class=\"row-17\">\n      <td class=\"column-1\"><strong>9<\/strong><\/td>\n      <td class=\"column-2\">14:15 \u2013 14:27<\/td>\n      <td class=\"column-3\">Most common problems and mistakes when choosing premium lenses - tips and pitfalls<\/td>\n      <td class=\"column-4\">Dr Agnieszka Kudasiewicz-Kardaszewska (Grupa Medyczna OCHO, Poland)<\/td>\n    <\/tr>\n    <tr class=\"row-18\">\n      <td class=\"column-1\"><strong>10<\/strong><\/td>\n      <td class=\"column-2\">14:27 \u2013 14:37<\/td>\n      <td class=\"column-3\">What might my patients ask about presbyopia correction? Modern eyewear solutions worth knowing,<\/td>\n      <td class=\"column-4\">Micha\u0142 Szajna (SZAJNA Laboratorium Optyczne, Poland) <\/td>\n    <\/tr>\n    <tr class=\"row-23\">\n      <td class=\"column-1\"><strong>11<\/strong><\/td>\n      <td class=\"column-2\">14:37 \u2013 14:47<\/td>\n      <td class=\"column-3\">Discussion<\/td>\n      <td class=\"column-4\"><strong><\/strong><\/td>\n    <\/tr>\n    <tr class=\"row-24\">\n      <td class=\"column-1\"><strong>12<\/strong><\/td>\n      <td class=\"column-2\">14:47 \u2013 14:52<\/td>\n      <td colspan=\"2\" class=\"column-3\">Conference Closing<\/td>\n    <\/tr>\n  <\/tbody>\n<\/table>\n<\/div><\/div><\/div><\/div><\/div><\/div><\/section><section class=\"l-section wpb_row height_small\"><div class=\"l-section-overlay\" style=\"background:#f0f0f6\"><\/div><div class=\"l-section-h i-cf\"><div class=\"g-cols vc_row via_flex valign_top type_default stacking_default\"><div class=\"vc_col-sm-12 wpb_column vc_column_container\"><div class=\"vc_column-inner\"><div class=\"wpb_wrapper\"><div class=\"wpb_text_column\"><div class=\"wpb_wrapper\"><p>By participating in the conference, attendees have the opportunity to earn 5 educational credits awarded by the event organizers.<\/p>\n<\/div><\/div><\/div><\/div><\/div><\/div><\/div><\/section>\n","protected":false},"excerpt":{"rendered":"ProgrammePRESBYOPIA 2025Horizontal scrolling Presbyopia 2025 Lp. Time (CET) Title Prelegent 1 12:30 \u2013 12:35 Conference Opening Prof. Andrzej Grzybowski (Foundation Okulistyka 21, Poland) 2 12:35 \u2013 12:50 Refractive surgery: understanding options, avoiding mistakes Prof. Rafael I. Barraquer (Centre of Ophthalmology Barraquer, Spain) SESSION I \u2013 European Academy of Ophthalmology sessionModerator: Prof. Andrzej Grzybowski (Poland), Dr....","protected":false},"author":1,"featured_media":0,"parent":0,"menu_order":10,"comment_status":"closed","ping_status":"closed","template":"","meta":[],"acf":[],"_links":{"self":[{"href":"https:\/\/prezbiopia.pl\/konferencja\/en\/wp-json\/wp\/v2\/pages\/750"}],"collection":[{"href":"https:\/\/prezbiopia.pl\/konferencja\/en\/wp-json\/wp\/v2\/pages"}],"about":[{"href":"https:\/\/prezbiopia.pl\/konferencja\/en\/wp-json\/wp\/v2\/types\/page"}],"author":[{"embeddable":true,"href":"https:\/\/prezbiopia.pl\/konferencja\/en\/wp-json\/wp\/v2\/users\/1"}],"replies":[{"embeddable":true,"href":"https:\/\/prezbiopia.pl\/konferencja\/en\/wp-json\/wp\/v2\/comments?post=750"}],"version-history":[{"count":76,"href":"https:\/\/prezbiopia.pl\/konferencja\/en\/wp-json\/wp\/v2\/pages\/750\/revisions"}],"predecessor-version":[{"id":1474,"href":"https:\/\/prezbiopia.pl\/konferencja\/en\/wp-json\/wp\/v2\/pages\/750\/revisions\/1474"}],"wp:attachment":[{"href":"https:\/\/prezbiopia.pl\/konferencja\/en\/wp-json\/wp\/v2\/media?parent=750"}],"curies":[{"name":"wp","href":"https:\/\/api.w.org\/{rel}","templated":true}]}}