{"id":914,"date":"2023-09-01T11:49:40","date_gmt":"2023-09-01T09:49:40","guid":{"rendered":"https:\/\/prezbiopia.pl\/konferencja\/?page_id=914"},"modified":"2025-10-01T14:17:48","modified_gmt":"2025-10-01T12:17:48","slug":"wyklad-im-w-fukaly","status":"publish","type":"page","link":"https:\/\/prezbiopia.pl\/konferencja\/en\/wyklad-im-w-fukaly\/","title":{"rendered":"W. Fuka\u0142a Lecture"},"content":{"rendered":"<section class=\"l-section wpb_row height_medium\"><div class=\"l-section-h i-cf\"><div class=\"g-cols vc_row via_flex valign_top type_default stacking_default\"><div class=\"vc_col-sm-12 wpb_column vc_column_container\"><div class=\"vc_column-inner\"><div class=\"wpb_wrapper\"><h1 class=\"w-text us_custom_58b1af09\"><span class=\"w-text-h\"><span class=\"w-text-value\">Wincenty Fuka\u0142a (1847-1895)<\/span><\/span><\/h1><h1 class=\"w-text us_custom_58b1af09\"><span class=\"w-text-h\"><span class=\"w-text-value\">Pioneer of refractive surgery<\/span><\/span><\/h1><div class=\"g-cols wpb_row via_flex valign_top type_default stacking_default\"><div class=\"vc_col-sm-12 wpb_column vc_column_container\"><div class=\"vc_column-inner\"><div class=\"wpb_wrapper\"><div class=\"w-separator size_medium\"><\/div><div class=\"w-iconbox us_custom_0f088a09 has_text_color iconpos_left style_default color_primary align_none no_text\"><div class=\"w-iconbox-icon\" style=\"font-size:1rem;\"><i class=\"fas fa-square\"><\/i><\/div><div class=\"w-iconbox-meta\"><h4 class=\"w-iconbox-title\">Born into a Polish family in the town of Zhovkva in Galicia (today&#8217;s Ukraine)<\/h4><\/div><\/div><div class=\"w-separator size_small\"><\/div><div class=\"w-iconbox us_custom_0f088a09 has_text_color iconpos_left style_default color_primary align_none no_text\"><div class=\"w-iconbox-icon\" style=\"font-size:1rem;\"><i class=\"fas fa-square\"><\/i><\/div><div class=\"w-iconbox-meta\"><h4 class=\"w-iconbox-title\">Studied in Vienna where he specialised in ophthalmology under Prof. von Arlt<\/h4><\/div><\/div><div class=\"w-separator size_small\"><\/div><div class=\"w-iconbox us_custom_0f088a09 has_text_color iconpos_left style_default color_primary align_none no_text\"><div class=\"w-iconbox-icon\" style=\"font-size:1rem;\"><i class=\"fas fa-square\"><\/i><\/div><div class=\"w-iconbox-meta\"><h4 class=\"w-iconbox-title\">Performed the first refractive operation (clear-lens extraction in high myopia) in the history of ophthalmology (Fuka\u0142a operation) in 1887, and by the end of 1889 had treated 16 patients in this way<\/h4><\/div><\/div><div class=\"w-separator size_small\"><\/div><\/div><\/div><\/div><\/div><div class=\"w-separator size_medium\"><\/div><div class=\"g-cols wpb_row via_flex valign_top type_default stacking_default\"><div class=\"vc_col-sm-6 wpb_column vc_column_container\"><div class=\"vc_column-inner\"><div class=\"wpb_wrapper\"><div class=\"w-image align_center\"><div class=\"w-image-h\"><img width=\"390\" height=\"271\" src=\"https:\/\/prezbiopia.pl\/konferencja\/wp-content\/uploads\/2023\/09\/Fukala2.png\" class=\"attachment-large size-large\" alt=\"\" decoding=\"async\" loading=\"lazy\" srcset=\"https:\/\/prezbiopia.pl\/konferencja\/wp-content\/uploads\/2023\/09\/Fukala2.png 390w, https:\/\/prezbiopia.pl\/konferencja\/wp-content\/uploads\/2023\/09\/Fukala2-300x208.png 300w\" sizes=\"(max-width: 390px) 100vw, 390px\" \/><\/div><\/div><\/div><\/div><\/div><div class=\"vc_col-sm-6 wpb_column vc_column_container\"><div class=\"vc_column-inner\"><div class=\"wpb_wrapper\"><div class=\"w-image align_center\"><div class=\"w-image-h\"><img width=\"390\" height=\"259\" src=\"https:\/\/prezbiopia.pl\/konferencja\/wp-content\/uploads\/2023\/09\/Fukala.png\" class=\"attachment-large size-large\" alt=\"\" decoding=\"async\" loading=\"lazy\" srcset=\"https:\/\/prezbiopia.pl\/konferencja\/wp-content\/uploads\/2023\/09\/Fukala.png 390w, https:\/\/prezbiopia.pl\/konferencja\/wp-content\/uploads\/2023\/09\/Fukala-300x199.png 300w\" sizes=\"(max-width: 390px) 100vw, 390px\" \/><\/div><\/div><\/div><\/div><\/div><\/div><div class=\"w-separator size_medium\"><\/div><div class=\"g-cols wpb_row via_flex valign_top type_default stacking_default\"><div class=\"vc_col-sm-12 wpb_column vc_column_container\"><div class=\"vc_column-inner\"><div class=\"wpb_wrapper\"><div class=\"w-text us_custom_175b29d5\"><span class=\"w-text-h\"><span class=\"w-text-value\">References:<\/span><\/span><\/div><div class=\"w-separator size_small\"><\/div><div class=\"wpb_text_column\"><div class=\"wpb_wrapper\"><ol>\n<li>Schmidt D, Grzybowski A. Vincenz Fukala (1847-1911) and the early history of clear-lens operations in high myopia. Saudi J Ophthalmol. 2013 Jan;27(1):41-6.<\/li>\n<li>Schmidt D, Grzybowski A. Vincenz Fukala (1847-1911): versatile surgeon and early historian of ophthalmology. Surv Ophthalmol. 2011 Nov-Dec;56(6):550-6.<\/li>\n<li>Schmidt D, Grzybowski A. Vincenz Fukala (1847-1911) and the early history of clear-lens surgery in high myopia. J Refract Surg. 2011 Sep;27(9):636-7.<\/li>\n<\/ol>\n<\/div><\/div><\/div><\/div><\/div><\/div><div class=\"w-separator size_medium\"><\/div><h2 class=\"w-text us_custom_eb849559\"><span class=\"w-text-h\"><span class=\"w-text-value\">Wincenty Fuka\u0142a Lectures<\/span><\/span><\/h2><div class=\"g-cols wpb_row via_flex valign_top type_default stacking_default\"><div class=\"vc_col-sm-12 wpb_column vc_column_container\"><div class=\"vc_column-inner\"><div class=\"wpb_wrapper\"><div class=\"w-separator size_large\"><\/div><h1 class=\"w-text us_custom_538bf124 has_text_color\"><span class=\"w-text-h\"><span class=\"w-text-value\">Rok 2025<\/span><\/span><\/h1><div class=\"w-separator size_small\"><\/div><h3 class=\"w-text us_custom_538bf124 has_text_color\"><span class=\"w-text-h\"><span class=\"w-text-value\">Professor Rafael I. Barraquer<\/span><\/span><\/h3><\/div><\/div><\/div><div class=\"vc_col-sm-4 wpb_column vc_column_container\"><div class=\"vc_column-inner\"><div class=\"wpb_wrapper\"><div class=\"w-image us_custom_e846fb14 align_center\"><div class=\"w-image-h\"><img width=\"300\" height=\"300\" src=\"https:\/\/prezbiopia.pl\/konferencja\/wp-content\/uploads\/2025\/10\/barraquer-zdjecie-300x300.jpeg\" class=\"attachment-medium size-medium\" alt=\"barraquer\" decoding=\"async\" loading=\"lazy\" srcset=\"https:\/\/prezbiopia.pl\/konferencja\/wp-content\/uploads\/2025\/10\/barraquer-zdjecie-300x300.jpeg 300w, https:\/\/prezbiopia.pl\/konferencja\/wp-content\/uploads\/2025\/10\/barraquer-zdjecie-150x150.jpeg 150w, https:\/\/prezbiopia.pl\/konferencja\/wp-content\/uploads\/2025\/10\/barraquer-zdjecie-400x400.jpeg 400w, https:\/\/prezbiopia.pl\/konferencja\/wp-content\/uploads\/2025\/10\/barraquer-zdjecie.jpeg 700w\" sizes=\"(max-width: 300px) 100vw, 300px\" \/><\/div><\/div><\/div><\/div><\/div><div class=\"vc_col-sm-8 wpb_column vc_column_container\"><div class=\"vc_column-inner\"><div class=\"wpb_wrapper\"><div class=\"w-separator size_medium\"><\/div><div class=\"w-separator size_small\"><\/div><div class=\"w-iconbox us_custom_0f088a09 has_text_color iconpos_left style_default color_primary align_none no_text\"><div class=\"w-iconbox-icon\" style=\"font-size:1rem;\"><i class=\"fas fa-square\"><\/i><\/div><div class=\"w-iconbox-meta\"><h4 class=\"w-iconbox-title\">Professor of Ophthalmology at UAB and UIC, Medical Director of the Barraquer Ophthalmology Centre, and President of the Barraquer Institute.<\/h4><\/div><\/div><div class=\"w-separator size_small\"><\/div><div class=\"w-iconbox us_custom_0f088a09 has_text_color iconpos_left style_default color_primary align_none no_text\"><div class=\"w-iconbox-icon\" style=\"font-size:1rem;\"><i class=\"fas fa-square\"><\/i><\/div><div class=\"w-iconbox-meta\"><h4 class=\"w-iconbox-title\">Holder of the Joaquin Barraquer Chair, Training Director of the MIR Ophthalmology Unit, and President of the European Association for Vision and Eye Research (EVER).<\/h4><\/div><\/div><div class=\"w-separator size_small\"><\/div><div class=\"w-iconbox us_custom_0f088a09 has_text_color iconpos_left style_default color_primary align_none no_text\"><div class=\"w-iconbox-icon\" style=\"font-size:1rem;\"><i class=\"fas fa-square\"><\/i><\/div><div class=\"w-iconbox-meta\"><h4 class=\"w-iconbox-title\">Author of 7 books, 57 book chapters, and over 130 scientific articles, mainly on anterior segment diseases and surgery.<\/h4><\/div><\/div><div class=\"w-separator size_small\"><\/div><div class=\"w-iconbox us_custom_0f088a09 has_text_color iconpos_left style_default color_primary align_none no_text\"><div class=\"w-iconbox-icon\" style=\"font-size:1rem;\"><i class=\"fas fa-square\"><\/i><\/div><div class=\"w-iconbox-meta\"><h4 class=\"w-iconbox-title\">Over 4,500 hours of teaching experience, having trained more than 100 ophthalmology residents.<\/h4><\/div><\/div><div class=\"w-separator size_small\"><\/div><div class=\"w-iconbox us_custom_0f088a09 has_text_color iconpos_left style_default color_primary align_none no_text\"><div class=\"w-iconbox-icon\" style=\"font-size:1rem;\"><i class=\"fas fa-square\"><\/i><\/div><div class=\"w-iconbox-meta\"><h4 class=\"w-iconbox-title\">President of the 36th World Ophthalmology Congress (WOC2018) and member of more than 30 scientific societies.<\/h4><\/div><\/div><\/div><\/div><\/div><\/div><div class=\"w-separator us_custom_dd184a0a size_medium with_line width_default thick_5 style_solid color_secondary align_center\" id=\"q83f\"><style>@media(max-width:1024px){ #q83f{height:5rem!important}}@media(max-width:600px){ #q83f{height:4rem!important}}<\/style><div class=\"w-separator-h\"><\/div><\/div><div class=\"vc_col-sm-12 wpb_column vc_column_container\"><div class=\"vc_column-inner\"><div class=\"wpb_wrapper\"><\/div><\/div><\/div><h2 class=\"w-text us_custom_538bf124 has_text_color\"><span class=\"w-text-h\"><span class=\"w-text-value\">2024<\/span><\/span><\/h2><div class=\"w-separator size_small\"><\/div><h3 class=\"w-text us_custom_538bf124 has_text_color\"><span class=\"w-text-h\"><span class=\"w-text-value\">Professor Yao Ke<\/span><\/span><\/h3><div class=\"w-separator size_small\"><\/div><h3 class=\"w-text us_custom_c8cb90df has_text_color\"><span class=\"w-text-h\"><span class=\"w-text-value\">&#8220;Cataract in China &#8211; My Cataract Surgery Journey from Couching to FLACS&#8221;<\/span><\/span><\/h3><div class=\"w-separator us_custom_dd184a0a size_medium with_line width_default thick_5 style_solid color_secondary align_center\" id=\"ccd3\"><style>@media(max-width:1024px){ #ccd3{height:5rem!important}}@media(max-width:600px){ #ccd3{height:4rem!important}}<\/style><div class=\"w-separator-h\"><\/div><\/div><div class=\"g-cols wpb_row via_flex valign_top type_default stacking_default\"><div class=\"vc_col-sm-12 wpb_column vc_column_container\"><div class=\"vc_column-inner\"><div class=\"wpb_wrapper\"><h2 class=\"w-text us_custom_538bf124 has_text_color\"><span class=\"w-text-h\"><span class=\"w-text-value\">2023<\/span><\/span><\/h2><div class=\"w-separator size_small\"><\/div><h3 class=\"w-text us_custom_538bf124 has_text_color\"><span class=\"w-text-h\"><span class=\"w-text-value\">Professor George Beiko<\/span><\/span><\/h3><div class=\"w-separator size_small\"><\/div><h3 class=\"w-text us_custom_c8cb90df has_text_color\"><span class=\"w-text-h\"><span class=\"w-text-value\">&#8220;Current understanding of accommodation and its different treatment modalities&#8221;<\/span><\/span><\/h3><\/div><\/div><\/div><\/div><div class=\"g-cols wpb_row via_flex valign_top type_default stacking_default\"><div class=\"vc_col-sm-4 wpb_column vc_column_container\"><div class=\"vc_column-inner\"><div class=\"wpb_wrapper\"><div class=\"w-image us_custom_e846fb14 align_center\"><div class=\"w-image-h\"><img width=\"300\" height=\"300\" src=\"https:\/\/prezbiopia.pl\/konferencja\/wp-content\/uploads\/2023\/08\/G.Beiko_-300x300.jpg\" class=\"attachment-medium size-medium\" alt=\"\" decoding=\"async\" loading=\"lazy\" srcset=\"https:\/\/prezbiopia.pl\/konferencja\/wp-content\/uploads\/2023\/08\/G.Beiko_-300x300.jpg 300w, https:\/\/prezbiopia.pl\/konferencja\/wp-content\/uploads\/2023\/08\/G.Beiko_-1024x1024.jpg 1024w, https:\/\/prezbiopia.pl\/konferencja\/wp-content\/uploads\/2023\/08\/G.Beiko_-150x150.jpg 150w, https:\/\/prezbiopia.pl\/konferencja\/wp-content\/uploads\/2023\/08\/G.Beiko_.jpg 1313w\" sizes=\"(max-width: 300px) 100vw, 300px\" \/><\/div><\/div><\/div><\/div><\/div><div class=\"vc_col-sm-8 wpb_column vc_column_container\"><div class=\"vc_column-inner\"><div class=\"wpb_wrapper\"><div class=\"w-separator size_medium\"><\/div><div class=\"w-separator size_small\"><\/div><div class=\"w-iconbox us_custom_0f088a09 has_text_color iconpos_left style_default color_primary align_none no_text\"><div class=\"w-iconbox-icon\" style=\"font-size:1rem;\"><i class=\"fas fa-square\"><\/i><\/div><div class=\"w-iconbox-meta\"><h4 class=\"w-iconbox-title\">Professor at McMaster University and Toronto University in Canada<\/h4><\/div><\/div><div class=\"w-separator size_small\"><\/div><div class=\"w-iconbox us_custom_0f088a09 has_text_color iconpos_left style_default color_primary align_none no_text\"><div class=\"w-iconbox-icon\" style=\"font-size:1rem;\"><i class=\"fas fa-square\"><\/i><\/div><div class=\"w-iconbox-meta\"><h4 class=\"w-iconbox-title\">Published over 30 peer-reviewed articles and authored 13 book chapters. Has given over 700 scientific presentations at meetings throughout the world<\/h4><\/div><\/div><div class=\"w-separator size_small\"><\/div><div class=\"w-iconbox us_custom_0f088a09 has_text_color iconpos_left style_default color_primary align_none no_text\"><div class=\"w-iconbox-icon\" style=\"font-size:1rem;\"><i class=\"fas fa-square\"><\/i><\/div><div class=\"w-iconbox-meta\"><h4 class=\"w-iconbox-title\">Member of the review panel or editorial board of over 30 ophthalmology journals<\/h4><\/div><\/div><div class=\"w-separator size_small\"><\/div><div class=\"w-iconbox us_custom_0f088a09 has_text_color iconpos_left style_default color_primary align_none no_text\"><div class=\"w-iconbox-icon\" style=\"font-size:1rem;\"><i class=\"fas fa-square\"><\/i><\/div><div class=\"w-iconbox-meta\"><h4 class=\"w-iconbox-title\">Being named one of the \u201cPremier Surgeons\u201d of North America (which numbers 250 surgeons)<\/h4><\/div><\/div><div class=\"w-separator size_small\"><\/div><div class=\"w-iconbox us_custom_0f088a09 has_text_color iconpos_left style_default color_primary align_none no_text\"><div class=\"w-iconbox-icon\" style=\"font-size:1rem;\"><i class=\"fas fa-square\"><\/i><\/div><div class=\"w-iconbox-meta\"><h4 class=\"w-iconbox-title\">Has received many awards including the Gold Medal awarded by the Indian Society of Cataract and Refractive Surgery, the Achievement Award from the American Academy of Ophthalmology, and the Boberg-Ans Award from the Danish Ophthalmological Society<\/h4><\/div><\/div><\/div><\/div><\/div><\/div><div class=\"w-separator us_custom_dd184a0a size_medium with_line width_default thick_5 style_solid color_secondary align_center\" id=\"pf3e\"><style>@media(max-width:1024px){ #pf3e{height:5rem!important}}@media(max-width:600px){ #pf3e{height:4rem!important}}<\/style><div class=\"w-separator-h\"><\/div><\/div><div class=\"g-cols wpb_row via_flex valign_top type_default stacking_default\"><div class=\"vc_col-sm-12 wpb_column vc_column_container\"><div class=\"vc_column-inner\"><div class=\"wpb_wrapper\"><h2 class=\"w-text us_custom_538bf124 has_text_color\"><span class=\"w-text-h\"><span class=\"w-text-value\">2022<\/span><\/span><\/h2><div class=\"w-separator size_small\"><\/div><h3 class=\"w-text us_custom_538bf124 has_text_color\"><span class=\"w-text-h\"><span class=\"w-text-value\">Professor Zbigniew Zag\u00f3rski<\/span><\/span><\/h3><div class=\"w-separator size_small\"><\/div><h3 class=\"w-text us_custom_c8cb90df has_text_color\"><span class=\"w-text-h\"><span class=\"w-text-value\">&#8220;The importance of the ocular surface in the surgical correction of presbyopia&#8221;<\/span><\/span><\/h3><\/div><\/div><\/div><\/div><div class=\"g-cols wpb_row via_flex valign_top type_default stacking_default\"><div class=\"vc_col-sm-8 wpb_column vc_column_container\"><div class=\"vc_column-inner\"><div class=\"wpb_wrapper\"><div class=\"w-separator size_medium\"><\/div><div class=\"w-iconbox us_custom_0f088a09 has_text_color iconpos_left style_default color_primary align_none no_text\"><div class=\"w-iconbox-icon\" style=\"font-size:1rem;\"><i class=\"fas fa-square\"><\/i><\/div><div class=\"w-iconbox-meta\"><h4 class=\"w-iconbox-title\">Outstanding surgeon &#8211; performed over 20.000 ocular surgeries during his surgical career<\/h4><\/div><\/div><div class=\"w-separator size_small\"><\/div><div class=\"w-iconbox us_custom_0f088a09 has_text_color iconpos_left style_default color_primary align_none no_text\"><div class=\"w-iconbox-icon\" style=\"font-size:1rem;\"><i class=\"fas fa-square\"><\/i><\/div><div class=\"w-iconbox-meta\"><h4 class=\"w-iconbox-title\">Head of Professor Krwawicz&#8217;s Department of Ophthalmology, Medical University of Lublin, 1991 &#8211; 2006<\/h4><\/div><\/div><div class=\"w-separator size_small\"><\/div><div class=\"w-iconbox us_custom_0f088a09 has_text_color iconpos_left style_default color_primary align_none no_text\"><div class=\"w-iconbox-icon\" style=\"font-size:1rem;\"><i class=\"fas fa-square\"><\/i><\/div><div class=\"w-iconbox-meta\"><h4 class=\"w-iconbox-title\">Author of around 200 scientific publications and 5 books on ophthalmology<\/h4><\/div><\/div><div class=\"w-separator size_small\"><\/div><div class=\"w-iconbox us_custom_0f088a09 has_text_color iconpos_left style_default color_primary align_none no_text\"><div class=\"w-iconbox-icon\" style=\"font-size:1rem;\"><i class=\"fas fa-square\"><\/i><\/div><div class=\"w-iconbox-meta\"><h4 class=\"w-iconbox-title\">In 1998, Professor opened the first Eye Surgery Centre in Na\u0142\u0119cz\u00f3w, followed by similar centres in Rzesz\u00f3w, Krak\u00f3w, Nowy S\u0105cz and Luck (Ukraine)<\/h4><\/div><\/div><div class=\"w-separator size_small\"><\/div><div class=\"w-iconbox us_custom_0f088a09 has_text_color iconpos_left style_default color_primary align_none no_text\"><div class=\"w-iconbox-icon\" style=\"font-size:1rem;\"><i class=\"fas fa-square\"><\/i><\/div><div class=\"w-iconbox-meta\"><h4 class=\"w-iconbox-title\">Currently, the OCHO Medical Group has locations in Krak\u00f3w, Na\u0142\u0119cz\u00f3w, Nowy S\u0105cz, Rzesz\u00f3w, Lublin, Lubart\u00f3w and Zwole\u0144.<\/h4><\/div><\/div><\/div><\/div><\/div><div class=\"vc_col-sm-4 wpb_column vc_column_container\"><div class=\"vc_column-inner\"><div class=\"wpb_wrapper\"><div class=\"w-image us_custom_e846fb14 align_center\"><div class=\"w-image-h\"><img width=\"300\" height=\"300\" src=\"https:\/\/prezbiopia.pl\/konferencja\/wp-content\/uploads\/2022\/10\/zbigniew-zagorski-300x300.jpg\" class=\"attachment-medium size-medium\" alt=\"zbigniew zag\u00f3rski\" decoding=\"async\" loading=\"lazy\" srcset=\"https:\/\/prezbiopia.pl\/konferencja\/wp-content\/uploads\/2022\/10\/zbigniew-zagorski-300x300.jpg 300w, https:\/\/prezbiopia.pl\/konferencja\/wp-content\/uploads\/2022\/10\/zbigniew-zagorski-150x150.jpg 150w, https:\/\/prezbiopia.pl\/konferencja\/wp-content\/uploads\/2022\/10\/zbigniew-zagorski.jpg 800w\" sizes=\"(max-width: 300px) 100vw, 300px\" \/><\/div><\/div><\/div><\/div><\/div><\/div><div class=\"w-separator us_custom_dd184a0a size_medium with_line width_default thick_5 style_solid color_secondary align_center\" id=\"df48\"><style>@media(max-width:1024px){ #df48{height:5rem!important}}@media(max-width:600px){ #df48{height:4rem!important}}<\/style><div class=\"w-separator-h\"><\/div><\/div><div class=\"g-cols wpb_row via_flex valign_top type_default stacking_default\"><div class=\"vc_col-sm-12 wpb_column vc_column_container\"><div class=\"vc_column-inner\"><div class=\"wpb_wrapper\"><h2 class=\"w-text us_custom_538bf124 has_text_color\"><span class=\"w-text-h\"><span class=\"w-text-value\">2021<\/span><\/span><\/h2><div class=\"w-separator size_small\"><\/div><h3 class=\"w-text us_custom_538bf124 has_text_color\"><span class=\"w-text-h\"><span class=\"w-text-value\">Professor Jorge Ali\u00f3<\/span><\/span><\/h3><div class=\"w-separator size_small\"><\/div><h3 class=\"w-text us_custom_c8cb90df has_text_color\"><span class=\"w-text-h\"><span class=\"w-text-value\">&#8220;Multifocal Intraocular Lenses: how to solve neuroadaptation problems&#8221;<\/span><\/span><\/h3><\/div><\/div><\/div><\/div><div class=\"g-cols wpb_row via_flex valign_top type_default stacking_default\"><div class=\"vc_col-sm-4 wpb_column vc_column_container\"><div class=\"vc_column-inner\"><div class=\"wpb_wrapper\"><div class=\"w-separator size_medium\"><\/div><div class=\"w-separator size_small\"><\/div><div class=\"w-image align_none\"><div class=\"w-image-h\"><img width=\"255\" height=\"255\" src=\"https:\/\/prezbiopia.pl\/konferencja\/wp-content\/uploads\/2023\/08\/csm_Aliox850_dfd74b4a46.webp\" class=\"attachment-large size-large\" alt=\"\" decoding=\"async\" loading=\"lazy\" srcset=\"https:\/\/prezbiopia.pl\/konferencja\/wp-content\/uploads\/2023\/08\/csm_Aliox850_dfd74b4a46.webp 255w, https:\/\/prezbiopia.pl\/konferencja\/wp-content\/uploads\/2023\/08\/csm_Aliox850_dfd74b4a46-150x150.webp 150w\" sizes=\"(max-width: 255px) 100vw, 255px\" \/><\/div><\/div><\/div><\/div><\/div><div class=\"vc_col-sm-8 wpb_column vc_column_container\"><div class=\"vc_column-inner\"><div class=\"wpb_wrapper\"><div class=\"w-separator size_medium\"><\/div><div class=\"w-iconbox us_custom_0f088a09 has_text_color iconpos_left style_default color_primary align_none no_text\"><div class=\"w-iconbox-icon\" style=\"font-size:1rem;\"><i class=\"fas fa-square\"><\/i><\/div><div class=\"w-iconbox-meta\"><h4 class=\"w-iconbox-title\">Chairman of Ophthalmology since 1987, first at the University of Alicante and since 2002 at the University Miguel Hern\u00e1ndez of Elche, Spain<\/h4><\/div><\/div><div class=\"w-separator size_small\"><\/div><div class=\"w-iconbox us_custom_0f088a09 has_text_color iconpos_left style_default color_primary align_none no_text\"><div class=\"w-iconbox-icon\" style=\"font-size:1rem;\"><i class=\"fas fa-square\"><\/i><\/div><div class=\"w-iconbox-meta\"><h4 class=\"w-iconbox-title\">Outstanding surgeon &#8211; performed over 55.000 ocular surgeries during his surgical career<\/h4><\/div><\/div><div class=\"w-separator size_small\"><\/div><div class=\"w-iconbox us_custom_0f088a09 has_text_color iconpos_left style_default color_primary align_none no_text\"><div class=\"w-iconbox-icon\" style=\"font-size:1rem;\"><i class=\"fas fa-square\"><\/i><\/div><div class=\"w-iconbox-meta\"><h4 class=\"w-iconbox-title\">Author or co-author of 669 peer review papers and 99 books<\/h4><\/div><\/div><div class=\"w-separator size_small\"><\/div><div class=\"w-iconbox us_custom_0f088a09 has_text_color iconpos_left style_default color_primary align_none no_text\"><div class=\"w-iconbox-icon\" style=\"font-size:1rem;\"><i class=\"fas fa-square\"><\/i><\/div><div class=\"w-iconbox-meta\"><h4 class=\"w-iconbox-title\">Main dedication has been to Cataract, Cornea and Refractive Surgery<\/h4><\/div><\/div><div class=\"w-separator size_small\"><\/div><div class=\"w-iconbox us_custom_0f088a09 has_text_color iconpos_left style_default color_primary align_none no_text\"><div class=\"w-iconbox-icon\" style=\"font-size:1rem;\"><i class=\"fas fa-square\"><\/i><\/div><div class=\"w-iconbox-meta\"><h4 class=\"w-iconbox-title\">Full Member of 26 Scientific Societies around the world<\/h4><\/div><\/div><div class=\"w-separator size_small\"><\/div><\/div><\/div><\/div><\/div><\/div><\/div><\/div><\/div><\/div><\/section>\n","protected":false},"excerpt":{"rendered":"Wincenty Fuka\u0142a (1847-1895)Pioneer of refractive surgeryBorn into a Polish family in the town of Zhovkva in Galicia (today&#8217;s Ukraine)Studied in Vienna where he specialised in ophthalmology under Prof. von ArltPerformed the first refractive operation (clear-lens extraction in high myopia) in the history of ophthalmology (Fuka\u0142a operation) in 1887, and by the end of 1889 had...","protected":false},"author":5,"featured_media":0,"parent":0,"menu_order":22,"comment_status":"closed","ping_status":"closed","template":"","meta":[],"acf":[],"_links":{"self":[{"href":"https:\/\/prezbiopia.pl\/konferencja\/en\/wp-json\/wp\/v2\/pages\/914"}],"collection":[{"href":"https:\/\/prezbiopia.pl\/konferencja\/en\/wp-json\/wp\/v2\/pages"}],"about":[{"href":"https:\/\/prezbiopia.pl\/konferencja\/en\/wp-json\/wp\/v2\/types\/page"}],"author":[{"embeddable":true,"href":"https:\/\/prezbiopia.pl\/konferencja\/en\/wp-json\/wp\/v2\/users\/5"}],"replies":[{"embeddable":true,"href":"https:\/\/prezbiopia.pl\/konferencja\/en\/wp-json\/wp\/v2\/comments?post=914"}],"version-history":[{"count":15,"href":"https:\/\/prezbiopia.pl\/konferencja\/en\/wp-json\/wp\/v2\/pages\/914\/revisions"}],"predecessor-version":[{"id":1428,"href":"https:\/\/prezbiopia.pl\/konferencja\/en\/wp-json\/wp\/v2\/pages\/914\/revisions\/1428"}],"wp:attachment":[{"href":"https:\/\/prezbiopia.pl\/konferencja\/en\/wp-json\/wp\/v2\/media?parent=914"}],"curies":[{"name":"wp","href":"https:\/\/api.w.org\/{rel}","templated":true}]}}