{"id":1342,"date":"2025-05-28T14:37:52","date_gmt":"2025-05-28T12:37:52","guid":{"rendered":"https:\/\/prezbiopia.pl\/konferencja\/?page_id=1342"},"modified":"2025-05-28T15:06:44","modified_gmt":"2025-05-28T13:06:44","slug":"edycja-2024","status":"publish","type":"page","link":"https:\/\/prezbiopia.pl\/konferencja\/edycja-2024\/","title":{"rendered":"Edycja 2024"},"content":{"rendered":"<section class=\"l-section wpb_row height_auto width_full\"><div class=\"l-section-h i-cf\"><div class=\"g-cols vc_row via_flex valign_top type_default stacking_default\"><div class=\"vc_col-sm-12 wpb_column vc_column_container\"><div class=\"vc_column-inner\"><div class=\"wpb_wrapper\"><div class=\"w-image align_left\"><div class=\"w-image-h\"><img width=\"1920\" height=\"935\" src=\"https:\/\/prezbiopia.pl\/konferencja\/wp-content\/uploads\/2024\/01\/prezbiopia-baner-pl.jpg\" class=\"attachment-full size-full\" alt=\"\" decoding=\"async\" loading=\"lazy\" srcset=\"https:\/\/prezbiopia.pl\/konferencja\/wp-content\/uploads\/2024\/01\/prezbiopia-baner-pl.jpg 1920w, https:\/\/prezbiopia.pl\/konferencja\/wp-content\/uploads\/2024\/01\/prezbiopia-baner-pl-300x146.jpg 300w, https:\/\/prezbiopia.pl\/konferencja\/wp-content\/uploads\/2024\/01\/prezbiopia-baner-pl-1024x499.jpg 1024w, https:\/\/prezbiopia.pl\/konferencja\/wp-content\/uploads\/2024\/01\/prezbiopia-baner-pl-800x390.jpg 800w, https:\/\/prezbiopia.pl\/konferencja\/wp-content\/uploads\/2024\/01\/prezbiopia-baner-pl-600x292.jpg 600w\" sizes=\"(max-width: 1920px) 100vw, 1920px\" \/><\/div><\/div><div class=\"w-separator size_medium\"><\/div><div class=\"w-image align_center\"><div class=\"w-image-h\"><img width=\"800\" height=\"240\" src=\"https:\/\/prezbiopia.pl\/konferencja\/wp-content\/uploads\/2024\/01\/dofinansowanie-pl.jpg\" class=\"attachment-us_800_800 size-us_800_800\" alt=\"\" decoding=\"async\" loading=\"lazy\" srcset=\"https:\/\/prezbiopia.pl\/konferencja\/wp-content\/uploads\/2024\/01\/dofinansowanie-pl.jpg 1920w, https:\/\/prezbiopia.pl\/konferencja\/wp-content\/uploads\/2024\/01\/dofinansowanie-pl-300x90.jpg 300w, https:\/\/prezbiopia.pl\/konferencja\/wp-content\/uploads\/2024\/01\/dofinansowanie-pl-1024x307.jpg 1024w, https:\/\/prezbiopia.pl\/konferencja\/wp-content\/uploads\/2024\/01\/dofinansowanie-pl-800x240.jpg 800w, https:\/\/prezbiopia.pl\/konferencja\/wp-content\/uploads\/2024\/01\/dofinansowanie-pl-600x180.jpg 600w\" sizes=\"(max-width: 800px) 100vw, 800px\" \/><\/div><\/div><\/div><\/div><\/div><\/div><\/div><\/section><section class=\"l-section wpb_row height_medium\"><div class=\"l-section-h i-cf\"><div class=\"g-cols vc_row via_flex valign_top type_default stacking_default\"><div class=\"vc_col-sm-12 wpb_column vc_column_container\"><div class=\"vc_column-inner\"><div class=\"wpb_wrapper\"><div class=\"w-hwrapper align_center valign_middle\"><div class=\"w-btn-wrapper align_none\"><a class=\"w-btn us-btn-style_1 us_custom_eb849559\" target=\"_blank\" href=\"https:\/\/prezbiopia.pl\/konferencja\/wp-content\/uploads\/2025\/02\/Raport-Prezbiopia-2024_pol-ost.pdf\" rel=\"noopener\"><span class=\"w-btn-label\">Raport Prezbiopia 2024<\/span><\/a><\/div><div class=\"w-btn-wrapper align_none\"><a class=\"w-btn us-btn-style_1 us_custom_eb849559\" target=\"_blank\" href=\"\/konferencja\/edycja-2024\/prelegenci-2024\/\" rel=\"noopener\"><span class=\"w-btn-label\">Prelegenci 2024<\/span><\/a><\/div><\/div><\/div><\/div><\/div><\/div><\/div><\/section><section class=\"l-section wpb_row height_medium\"><div class=\"l-section-h i-cf\"><div class=\"g-cols vc_row via_flex valign_top type_default stacking_default\"><div class=\"vc_col-sm-12 wpb_column vc_column_container\"><div class=\"vc_column-inner\"><div class=\"wpb_wrapper\"><div class=\"w-video align_none ratio_16x9\" onclick=\"return {&quot;player_html&quot;:&quot;&lt;iframe title=\\&quot;PRESBYOPIA 2024  online conference\\&quot; width=\\&quot;640\\&quot; height=\\&quot;360\\&quot; src=\\&quot;https:\\\/\\\/www.youtube.com\\\/embed\\\/bT3x-72UO4g?feature=oembed\\&quot; frameborder=\\&quot;0\\&quot; allow=\\&quot;accelerometer; autoplay; clipboard-write; encrypted-media; gyroscope; picture-in-picture; web-share\\&quot; referrerpolicy=\\&quot;strict-origin-when-cross-origin\\&quot; allowfullscreen&gt;&lt;\\\/iframe&gt;&quot;}\"><div class=\"w-video-h\"><iframe title=\"Youtube video player\" src=\"\/\/www.youtube.com\/embed\/bT3x-72UO4g?origin=https:\/\/prezbiopia.pl\/konferencja&controls=1\" allowfullscreen=\"1\" loading=\"lazy\"><\/iframe><\/div><div class=\"w-video-icon\" style=\"font-size:1.5rem;background:rgba(0,0,0,0.5);color:#fff\"><\/div><\/div><\/div><\/div><\/div><\/div><\/div><\/section><section class=\"l-section wpb_row us_custom_242268fa height_medium\" id=\"program\"><div class=\"l-section-overlay\" style=\"background:#f0f0f6\"><\/div><div class=\"l-section-h i-cf\"><div class=\"g-cols vc_row via_flex valign_top type_default stacking_default\"><div class=\"vc_col-sm-12 wpb_column vc_column_container\"><div class=\"vc_column-inner\"><div class=\"wpb_wrapper\"><h2 class=\"w-text us_custom_03b3ee3e\"><span class=\"w-text-h\"><span class=\"w-text-value\">Program konferencji &#8222;PRESBIOPIA 2024&#8221;<\/span><\/span><\/h2><h3 class=\"w-text us_custom_d7709b92\"><span class=\"w-text-h\"><span class=\"w-text-value\">8 LISTOPADA<\/span><\/span><\/h3><div class=\"w-html scroll-box\"><svg xmlns=\"http:\/\/www.w3.org\/2000\/svg\" viewBox=\"0 0 448 512\"><!--!Font Awesome Free 6.6.0 by @fontawesome - https:\/\/fontawesome.com License - https:\/\/fontawesome.com\/license\/free Copyright 2024 Fonticons, Inc.--><path d=\"M9.4 233.4c-12.5 12.5-12.5 32.8 0 45.3l160 160c12.5 12.5 32.8 12.5 45.3 0s12.5-32.8 0-45.3L109.2 288 416 288c17.7 0 32-14.3 32-32s-14.3-32-32-32l-306.7 0L214.6 118.6c12.5-12.5 12.5-32.8 0-45.3s-32.8-12.5-45.3 0l-160 160z\"\/><\/svg><span>Przewi\u0144 tabel\u0119<\/span><svg xmlns=\"http:\/\/www.w3.org\/2000\/svg\" viewBox=\"0 0 448 512\"><!--!Font Awesome Free 6.6.0 by @fontawesome - https:\/\/fontawesome.com License - https:\/\/fontawesome.com\/license\/free Copyright 2024 Fonticons, Inc.--><path d=\"M438.6 278.6c12.5-12.5 12.5-32.8 0-45.3l-160-160c-12.5-12.5-32.8-12.5-45.3 0s-12.5 32.8 0 45.3L338.8 224 32 224c-17.7 0-32 14.3-32 32s14.3 32 32 32l306.7 0L233.4 393.4c-12.5 12.5-12.5 32.8 0 45.3s32.8 12.5 45.3 0l160-160z\"\/><\/svg><\/div><div class=\"w-html table-box\">\n<table id=\"tablepress-7\" class=\"tablepress tablepress-id-7\">\n<thead>\n<tr class=\"row-1 odd\">\n\t<th class=\"column-1\"><strong><\/strong><\/th><th colspan=\"3\" class=\"column-2\"><strong>Prezbiopia 2024<\/strong><\/th><th class=\"column-5\"><\/th><th class=\"column-6\"><\/th>\n<\/tr>\n<\/thead>\n<tbody class=\"row-hover\">\n<tr class=\"row-2 even\">\n\t<td class=\"column-1\"><strong>Lp.<\/strong><\/td><td class=\"column-2\"><strong>Czas (CET)<\/strong><\/td><td class=\"column-3\"><strong>Tytu\u0142<\/strong><\/td><td class=\"column-4\"><strong>Prelegent<\/strong><\/td><td class=\"column-5\"><\/td><td class=\"column-6\"><\/td>\n<\/tr>\n<tr class=\"row-3 odd\">\n\t<td class=\"column-1\"><strong><\/strong><\/td><td class=\"column-2\">13:30 - 13:35<\/td><td class=\"column-3\">Otwarcie konferencji<\/td><td class=\"column-4\"><strong>Prof. Andrzej Grzybowski<\/strong><\/td><td class=\"column-5\"><\/td><td class=\"column-6\"><\/td>\n<\/tr>\n<tr class=\"row-4 even\">\n\t<td class=\"column-1\"><strong><\/strong><\/td><td colspan=\"3\" class=\"column-2\"><strong> Wyk\u0142ad otwierajacy im. Wincentego Fukaly <\/strong><\/td><td class=\"column-5\"><\/td><td class=\"column-6\"><\/td>\n<\/tr>\n<tr class=\"row-5 odd\">\n\t<td class=\"column-1\"><strong>1<\/strong><\/td><td class=\"column-2\">13.35 - 13:50<\/td><td class=\"column-3\">Za\u0107ma w Chinach - moja podr\u00f3\u017c po chirurgii za\u0107my od Couching do FLACS<\/td><td class=\"column-4\"><strong>Prof. Yao Ke <\/strong><\/td><td class=\"column-5\"><\/td><td class=\"column-6\"><\/td>\n<\/tr>\n<tr class=\"row-6 even\">\n\t<td class=\"column-1\"><strong><\/strong><\/td><td class=\"column-2\">13:50 - 14:00<\/td><td colspan=\"2\" class=\"column-3\">Dyskusja<\/td><td class=\"column-5\"><\/td><td class=\"column-6\"><\/td>\n<\/tr>\n<tr class=\"row-7 odd\">\n\t<td class=\"column-1\"><strong><\/strong><\/td><td colspan=\"3\" class=\"column-2\"><strong>SESJA I <br \/>\n<\/strong><\/td><td class=\"column-5\"><\/td><td class=\"column-6\"><\/td>\n<\/tr>\n<tr class=\"row-8 even\">\n\t<td class=\"column-1\"><strong>2<\/strong><\/td><td class=\"column-2\">14:00 - 14:15<\/td><td class=\"column-3\">Obiektywny pomiar akomodacji u pacjent\u00f3w z akomodacyjn\u0105 soczewk\u0105 wewn\u0105trzga\u0142kow\u0105 w por\u00f3wnaniu z oczami fakijnymi, presbiopijnymi i pseudofakijnymi<\/td><td class=\"column-4\"><strong>Prof. Timo Eppig<\/strong><\/td><td class=\"column-5\"><\/td><td class=\"column-6\"><\/td>\n<\/tr>\n<tr class=\"row-9 odd\">\n\t<td class=\"column-1\"><strong>3<\/strong><\/td><td class=\"column-2\">14:15 - 14:30<\/td><td class=\"column-3\">Soczewki wewn\u0105trzga\u0142kowe koryguj\u0105ce prezbiopi\u0119: od teorii do rzeczywistych wynik\u00f3w<\/td><td class=\"column-4\"><strong>Prof. Reda Zemaitiene <\/strong><\/td><td class=\"column-5\"><\/td><td class=\"column-6\"><\/td>\n<\/tr>\n<tr class=\"row-10 even\">\n\t<td class=\"column-1\"><strong>4<\/strong><\/td><td class=\"column-2\">14:30 - 14:45<\/td><td class=\"column-3\">Wizja wykraczaj\u0105ca poza ograniczenia<\/td><td class=\"column-4\"><strong>Marco van Beusekom<\/strong><\/td><td class=\"column-5\"><\/td><td class=\"column-6\"><\/td>\n<\/tr>\n<tr class=\"row-11 odd\">\n\t<td class=\"column-1\"><strong><\/strong><\/td><td class=\"column-2\">14:45 - 14:55<\/td><td class=\"column-3\">Dyskusja<\/td><td class=\"column-4\"><strong><\/strong><\/td><td class=\"column-5\"><\/td><td class=\"column-6\"><\/td>\n<\/tr>\n<tr class=\"row-12 even\">\n\t<td class=\"column-1\"><strong><\/strong><\/td><td class=\"column-2\">14.55 - 15:00<\/td><td colspan=\"2\" class=\"column-3\">Przerwa<\/td><td class=\"column-5\"><\/td><td class=\"column-6\"><\/td>\n<\/tr>\n<tr class=\"row-13 odd\">\n\t<td class=\"column-1\"><strong><\/strong><\/td><td colspan=\"3\" class=\"column-2\"><strong>SESJA II <br \/>\n<\/strong><\/td><td class=\"column-5\"><\/td><td class=\"column-6\"><\/td>\n<\/tr>\n<tr class=\"row-14 even\">\n\t<td class=\"column-1\"><strong>5<\/strong><\/td><td class=\"column-2\">15:00 - 15:15<\/td><td class=\"column-3\">Minimonowizja przy u\u017cyciu jedoogniskowych soczewek wewnatrzga\u0142kowych w korekcji presbiopii.<\/td><td class=\"column-4\"><strong>Prof. Maciej Gaw\u0119cki<\/strong><\/td><td class=\"column-5\"><\/td><td class=\"column-6\"><\/td>\n<\/tr>\n<tr class=\"row-15 odd\">\n\t<td class=\"column-1\"><strong>6<\/strong><\/td><td class=\"column-2\">15:15 - 15:20<\/td><td class=\"column-3\">Soczewki Monofokal Plus- Rayner EMV - roczne do\u015bwiadczenia w\u0142asne z micro- i minimonowizj\u0105.<\/td><td class=\"column-4\"><strong>Dr. Agnieszka Kardaszewska<\/strong><\/td><td class=\"column-5\"><\/td><td class=\"column-6\"><\/td>\n<\/tr>\n<tr class=\"row-16 even\">\n\t<td class=\"column-1\"><strong>7<\/strong><\/td><td class=\"column-2\">15:20 - 15.25<\/td><td class=\"column-3\">Cyfrowe innowacje w chirurgii prezbiopii: tera\u017aniejszo\u015b\u0107 i przysz\u0142o\u015b\u0107. <\/td><td class=\"column-4\"><strong>Dr. Eric Rosenberg <\/strong><\/td><td class=\"column-5\"><\/td><td class=\"column-6\"><\/td>\n<\/tr>\n<tr class=\"row-17 odd\">\n\t<td class=\"column-1\"><strong><\/strong><\/td><td class=\"column-2\">15:25 - 15:35<\/td><td class=\"column-3\">Dyskusja<\/td><td class=\"column-4\"><strong><\/strong><\/td><td class=\"column-5\"><\/td><td class=\"column-6\"><\/td>\n<\/tr>\n<tr class=\"row-18 even\">\n\t<td class=\"column-1\"><strong><\/strong><\/td><td class=\"column-2\">15:35  - 15:40<\/td><td colspan=\"2\" class=\"column-3\">Przerwa<\/td><td class=\"column-5\"><\/td><td class=\"column-6\"><\/td>\n<\/tr>\n<tr class=\"row-19 odd\">\n\t<td class=\"column-1\"><strong><\/strong><\/td><td colspan=\"3\" class=\"column-2\"><strong>SESJA III<br \/>\n<\/strong><\/td><td class=\"column-5\"><\/td><td class=\"column-6\"><\/td>\n<\/tr>\n<tr class=\"row-20 even\">\n\t<td class=\"column-1\"><strong>8<\/strong><\/td><td class=\"column-2\">15:40 - 15:55<\/td><td class=\"column-3\">Urz\u0105dzenia chirurgiczne o ma\u0142ej aperturze w korekcji starczowzroczno\u015bci.<\/td><td class=\"column-4\"><strong>Prof. Bartlomiej Kaluzny <\/strong><\/td><td class=\"column-5\"><\/td><td class=\"column-6\"><\/td>\n<\/tr>\n<tr class=\"row-21 odd\">\n\t<td class=\"column-1\"><strong>9<\/strong><\/td><td class=\"column-2\">15:55 - 16:10<\/td><td class=\"column-3\">Zastosowanie ozonowanego oleju ro\u015blinnego w nanosomach w profilaktyce okolooperacyjnej<\/td><td class=\"column-4\"><strong>Prof. Andrzej Grzybowski <\/strong><\/td><td class=\"column-5\"><\/td><td class=\"column-6\"><\/td>\n<\/tr>\n<tr class=\"row-22 even\">\n\t<td class=\"column-1\"><strong>10<\/strong><\/td><td class=\"column-2\">16:10 - 16:25<\/td><td class=\"column-3\">Psychospo\u0142eczne aspekty prezbiopii<\/td><td class=\"column-4\"><strong>Dr med. Wiktor Stopyra <\/strong><\/td><td class=\"column-5\"><\/td><td class=\"column-6\"><\/td>\n<\/tr>\n<tr class=\"row-23 odd\">\n\t<td class=\"column-1\"><strong><\/strong><\/td><td class=\"column-2\">16:25 - 16:35<\/td><td class=\"column-3\">Dyskusja<\/td><td class=\"column-4\"><strong><\/strong><\/td><td class=\"column-5\"><\/td><td class=\"column-6\"><\/td>\n<\/tr>\n<tr class=\"row-24 even\">\n\t<td class=\"column-1\"><strong><\/strong><\/td><td class=\"column-2\">16:35 - 16:40<\/td><td colspan=\"2\" class=\"column-3\">Przerwa<\/td><td class=\"column-5\"><\/td><td class=\"column-6\"><\/td>\n<\/tr>\n<tr class=\"row-25 odd\">\n\t<td class=\"column-1\"><strong><\/strong><\/td><td colspan=\"3\" class=\"column-2\"><strong>SESJA IV <br \/>\n<\/strong><\/td><td class=\"column-5\"><\/td><td class=\"column-6\"><\/td>\n<\/tr>\n<tr class=\"row-26 even\">\n\t<td class=\"column-1\"><strong>11<\/strong><\/td><td class=\"column-2\">16:40 - 16:55<\/td><td class=\"column-3\">DED in the perioperative period of presbyopia patients<\/td><td class=\"column-4\"><strong>Prof. Oksana Vitovska<\/strong><\/td><td class=\"column-5\"><\/td><td class=\"column-6\"><\/td>\n<\/tr>\n<tr class=\"row-27 odd\">\n\t<td class=\"column-1\"><strong>12<\/strong><\/td><td class=\"column-2\">16:55 - 17:10<\/td><td class=\"column-3\">Farmakologiczne leczenie prezbiopi: mit czy realno\u015b\u0107<\/td><td class=\"column-4\"><strong>Prof. Andrzej Grzybowski<\/strong><\/td><td class=\"column-5\"><\/td><td class=\"column-6\"><\/td>\n<\/tr>\n<tr class=\"row-28 even\">\n\t<td class=\"column-1\"><strong>13<\/strong><\/td><td class=\"column-2\">17:10 - 17:25<\/td><td class=\"column-3\">Poszukiwanie kompleksowej klasyfikacji soczewek wewn\u0105trzga\u0142kowych.<\/td><td class=\"column-4\"><strong>Dr med. Maria Muzyka-Wo\u017aniak<\/strong><\/td><td class=\"column-5\"><\/td><td class=\"column-6\"><\/td>\n<\/tr>\n<tr class=\"row-29 odd\">\n\t<td class=\"column-1\"><strong><\/strong><\/td><td class=\"column-2\">17:25 - 17:35<\/td><td class=\"column-3\">Dyskusja<\/td><td class=\"column-4\"><strong><\/strong><\/td><td class=\"column-5\"><\/td><td class=\"column-6\"><\/td>\n<\/tr>\n<tr class=\"row-30 even\">\n\t<td class=\"column-1\"><strong><\/strong><\/td><td class=\"column-2\">17:35 - 17:40<\/td><td class=\"column-3\">Zako\u0144czenie konferencji<\/td><td class=\"column-4\"><strong>Prof. Andrzej Grzybowski<\/strong><\/td><td class=\"column-5\"><\/td><td class=\"column-6\"><\/td>\n<\/tr>\n<\/tbody>\n<\/table>\n<!-- #tablepress-7 from cache --><\/div><\/div><\/div><\/div><\/div><\/div><\/section>\n","protected":false},"excerpt":{"rendered":"Raport Prezbiopia 2024Prelegenci 2024Program konferencji &#8222;PRESBIOPIA 2024&#8221;8 LISTOPADAPrzewi\u0144 tabel\u0119 Prezbiopia 2024 Lp.Czas (CET)Tytu\u0142Prelegent 13:30 - 13:35Otwarcie konferencjiProf. Andrzej Grzybowski Wyk\u0142ad otwierajacy im. Wincentego Fukaly 113.35 - 13:50Za\u0107ma w Chinach - moja podr\u00f3\u017c po chirurgii za\u0107my od Couching do FLACSProf. Yao Ke 13:50 - 14:00Dyskusja SESJA I 214:00 - 14:15Obiektywny pomiar akomodacji u pacjent\u00f3w z akomodacyjn\u0105...","protected":false},"author":1,"featured_media":0,"parent":0,"menu_order":4,"comment_status":"closed","ping_status":"closed","template":"","meta":[],"acf":[],"_links":{"self":[{"href":"https:\/\/prezbiopia.pl\/konferencja\/wp-json\/wp\/v2\/pages\/1342"}],"collection":[{"href":"https:\/\/prezbiopia.pl\/konferencja\/wp-json\/wp\/v2\/pages"}],"about":[{"href":"https:\/\/prezbiopia.pl\/konferencja\/wp-json\/wp\/v2\/types\/page"}],"author":[{"embeddable":true,"href":"https:\/\/prezbiopia.pl\/konferencja\/wp-json\/wp\/v2\/users\/1"}],"replies":[{"embeddable":true,"href":"https:\/\/prezbiopia.pl\/konferencja\/wp-json\/wp\/v2\/comments?post=1342"}],"version-history":[{"count":3,"href":"https:\/\/prezbiopia.pl\/konferencja\/wp-json\/wp\/v2\/pages\/1342\/revisions"}],"predecessor-version":[{"id":1356,"href":"https:\/\/prezbiopia.pl\/konferencja\/wp-json\/wp\/v2\/pages\/1342\/revisions\/1356"}],"wp:attachment":[{"href":"https:\/\/prezbiopia.pl\/konferencja\/wp-json\/wp\/v2\/media?parent=1342"}],"curies":[{"name":"wp","href":"https:\/\/api.w.org\/{rel}","templated":true}]}}