{"id":1348,"date":"2025-05-28T14:56:22","date_gmt":"2025-05-28T12:56:22","guid":{"rendered":"https:\/\/prezbiopia.pl\/konferencja\/?page_id=1348"},"modified":"2025-05-28T15:05:01","modified_gmt":"2025-05-28T13:05:01","slug":"prelegenci-2024","status":"publish","type":"page","link":"https:\/\/prezbiopia.pl\/konferencja\/edycja-2024\/prelegenci-2024\/","title":{"rendered":"Prelegenci 2024"},"content":{"rendered":"<section class=\"l-section wpb_row height_medium\" id=\"preleg-box\"><div class=\"l-section-h i-cf\"><div class=\"g-cols vc_row via_flex valign_top type_default stacking_default\"><div class=\"vc_col-sm-12 wpb_column vc_column_container\"><div class=\"vc_column-inner\"><div class=\"wpb_wrapper\"><div class=\"w-grid type_grid layout_205 cols_4 overflow_hidden\" id=\"us_grid_1\" data-filterable=\"true\"><style>#us_grid_1 .w-grid-item{padding:1.5rem}#us_grid_1 .w-grid-list{margin:-1.5rem}.w-grid + #us_grid_1 .w-grid-list,.w-grid-none + #us_grid_1 .w-grid-list{margin-top:1.5rem}@media (max-width:1199px){#us_grid_1 .w-grid-item{width:33.3333%}}@media (max-width:899px){#us_grid_1 .w-grid-item{width:50%}}@media (max-width:599px){#us_grid_1 .w-grid-list{margin:0}#us_grid_1 .w-grid-item{width:100%;padding:0;margin-bottom:1.5rem}}.layout_205 .w-grid-item-h{background:var(--color-content-bg);color:var(--color-content-text);border-radius:1rem;box-shadow:0 0.15rem 0.3rem rgba(0,0,0,0.1),0 0.5rem 1.5rem rgba(0,0,0,0.1);transition-duration:0.3s}.layout_205 .usg_vwrapper_1{padding:1.5rem 1rem 1.5rem 1rem!important}.layout_205 .usg_post_title_1{font-size:1.25rem!important;font-weight:500!important;font-style:italic!important}<\/style><div class=\"w-grid-list\">\t<article class=\"w-grid-item size_1x1 post-223 us_portfolio type-us_portfolio status-publish has-post-thumbnail hentry us_portfolio_category-15 us_portfolio_tag-17\" data-id=\"223\">\r\n\t\t<div class=\"w-grid-item-h\">\r\n\t\t\t\t\t\t<div class=\"w-post-elm post_image usg_post_image_1 has_ratio\"><div style=\"padding-bottom:100%\"><\/div><a href=\"https:\/\/prezbiopia.pl\/konferencja\/prelegenci\/prof-dr-hab-med-andrzej-grzybowski\/\" aria-label=\"Prof. Andrzej Grzybowski\"><img width=\"333\" height=\"333\" src=\"https:\/\/prezbiopia.pl\/konferencja\/wp-content\/uploads\/2022\/05\/Prof-Andrzej-Grzybowski.jpg\" class=\"attachment-large size-large wp-post-image\" alt=\"\" decoding=\"async\" loading=\"lazy\" srcset=\"https:\/\/prezbiopia.pl\/konferencja\/wp-content\/uploads\/2022\/05\/Prof-Andrzej-Grzybowski.jpg 333w, https:\/\/prezbiopia.pl\/konferencja\/wp-content\/uploads\/2022\/05\/Prof-Andrzej-Grzybowski-300x300.jpg 300w, https:\/\/prezbiopia.pl\/konferencja\/wp-content\/uploads\/2022\/05\/Prof-Andrzej-Grzybowski-150x150.jpg 150w\" sizes=\"(max-width: 333px) 100vw, 333px\" \/><\/a><\/div><div class=\"w-vwrapper usg_vwrapper_1 align_center valign_middle\" style=\"--vwrapper-gap:0px\"><h4 class=\"w-post-elm post_title usg_post_title_1 align_center entry-title color_link_inherit\"><a href=\"https:\/\/prezbiopia.pl\/konferencja\/prelegenci\/prof-dr-hab-med-andrzej-grzybowski\/\">Prof. Andrzej Grzybowski<\/a><\/h4><\/div>\t\t<\/div>\r\n\t<\/article>\r\n\t<article class=\"w-grid-item size_1x1 post-1218 us_portfolio type-us_portfolio status-publish has-post-thumbnail hentry us_portfolio_category-15 us_portfolio_tag-17\" data-id=\"1218\">\r\n\t\t<div class=\"w-grid-item-h\">\r\n\t\t\t\t\t\t<div class=\"w-post-elm post_image usg_post_image_1 has_ratio\"><div style=\"padding-bottom:100%\"><\/div><a href=\"https:\/\/prezbiopia.pl\/konferencja\/prelegenci\/prof-dr-timo-eppig\/\" aria-label=\"Prof. Dr. Timo Eppig\"><img width=\"169\" height=\"225\" src=\"https:\/\/prezbiopia.pl\/konferencja\/wp-content\/uploads\/2024\/10\/pro-dr-timo-eppig.jpg\" class=\"attachment-large size-large wp-post-image\" alt=\"\" decoding=\"async\" loading=\"lazy\" \/><\/a><\/div><div class=\"w-vwrapper usg_vwrapper_1 align_center valign_middle\" style=\"--vwrapper-gap:0px\"><h4 class=\"w-post-elm post_title usg_post_title_1 align_center entry-title color_link_inherit\"><a href=\"https:\/\/prezbiopia.pl\/konferencja\/prelegenci\/prof-dr-timo-eppig\/\">Prof. Dr. Timo Eppig<\/a><\/h4><\/div>\t\t<\/div>\r\n\t<\/article>\r\n\t<article class=\"w-grid-item size_1x1 post-1224 us_portfolio type-us_portfolio status-publish has-post-thumbnail hentry us_portfolio_category-15 us_portfolio_tag-17\" data-id=\"1224\">\r\n\t\t<div class=\"w-grid-item-h\">\r\n\t\t\t\t\t\t<div class=\"w-post-elm post_image usg_post_image_1 has_ratio\"><div style=\"padding-bottom:100%\"><\/div><a href=\"https:\/\/prezbiopia.pl\/konferencja\/prelegenci\/marco-van-beusekom\/\" aria-label=\"Marco van Beusekom\"><img width=\"600\" height=\"800\" src=\"https:\/\/prezbiopia.pl\/konferencja\/wp-content\/uploads\/2024\/10\/marco-van-beusekom.jpg\" class=\"attachment-large size-large wp-post-image\" alt=\"\" decoding=\"async\" loading=\"lazy\" srcset=\"https:\/\/prezbiopia.pl\/konferencja\/wp-content\/uploads\/2024\/10\/marco-van-beusekom.jpg 600w, https:\/\/prezbiopia.pl\/konferencja\/wp-content\/uploads\/2024\/10\/marco-van-beusekom-225x300.jpg 225w, https:\/\/prezbiopia.pl\/konferencja\/wp-content\/uploads\/2024\/10\/marco-van-beusekom-300x400.jpg 300w\" sizes=\"(max-width: 600px) 100vw, 600px\" \/><\/a><\/div><div class=\"w-vwrapper usg_vwrapper_1 align_center valign_middle\" style=\"--vwrapper-gap:0px\"><h4 class=\"w-post-elm post_title usg_post_title_1 align_center entry-title color_link_inherit\"><a href=\"https:\/\/prezbiopia.pl\/konferencja\/prelegenci\/marco-van-beusekom\/\">Marco van Beusekom<\/a><\/h4><\/div>\t\t<\/div>\r\n\t<\/article>\r\n\t<article class=\"w-grid-item size_1x1 post-1230 us_portfolio type-us_portfolio status-publish has-post-thumbnail hentry us_portfolio_category-15 us_portfolio_tag-17\" data-id=\"1230\">\r\n\t\t<div class=\"w-grid-item-h\">\r\n\t\t\t\t\t\t<div class=\"w-post-elm post_image usg_post_image_1 has_ratio\"><div style=\"padding-bottom:100%\"><\/div><a href=\"https:\/\/prezbiopia.pl\/konferencja\/prelegenci\/prof-bartlomiej-kaluzny\/\" aria-label=\"Prof. Bart\u0142omiej Ka\u0142u\u017cny\"><img width=\"668\" height=\"703\" src=\"https:\/\/prezbiopia.pl\/konferencja\/wp-content\/uploads\/2024\/10\/bartlomiej-kaluzny.jpg\" class=\"attachment-large size-large wp-post-image\" alt=\"\" decoding=\"async\" loading=\"lazy\" srcset=\"https:\/\/prezbiopia.pl\/konferencja\/wp-content\/uploads\/2024\/10\/bartlomiej-kaluzny.jpg 668w, https:\/\/prezbiopia.pl\/konferencja\/wp-content\/uploads\/2024\/10\/bartlomiej-kaluzny-285x300.jpg 285w, https:\/\/prezbiopia.pl\/konferencja\/wp-content\/uploads\/2024\/10\/bartlomiej-kaluzny-380x400.jpg 380w\" sizes=\"(max-width: 668px) 100vw, 668px\" \/><\/a><\/div><div class=\"w-vwrapper usg_vwrapper_1 align_center valign_middle\" style=\"--vwrapper-gap:0px\"><h4 class=\"w-post-elm post_title usg_post_title_1 align_center entry-title color_link_inherit\"><a href=\"https:\/\/prezbiopia.pl\/konferencja\/prelegenci\/prof-bartlomiej-kaluzny\/\">Prof. Bart\u0142omiej Ka\u0142u\u017cny<\/a><\/h4><\/div>\t\t<\/div>\r\n\t<\/article>\r\n\t<article class=\"w-grid-item size_1x1 post-1237 us_portfolio type-us_portfolio status-publish has-post-thumbnail hentry us_portfolio_category-15 us_portfolio_tag-17\" data-id=\"1237\">\r\n\t\t<div class=\"w-grid-item-h\">\r\n\t\t\t\t\t\t<div class=\"w-post-elm post_image usg_post_image_1 has_ratio\"><div style=\"padding-bottom:100%\"><\/div><a href=\"https:\/\/prezbiopia.pl\/konferencja\/prelegenci\/dr-agnieszka-kudasiewicz-kardaszewska\/\" aria-label=\"Dr. Agnieszka Kudasiewicz-Kardaszewska\"><img width=\"511\" height=\"452\" src=\"https:\/\/prezbiopia.pl\/konferencja\/wp-content\/uploads\/2024\/10\/agnieszka-kudasiewicz-kordaszewska.jpg\" class=\"attachment-large size-large wp-post-image\" alt=\"\" decoding=\"async\" loading=\"lazy\" srcset=\"https:\/\/prezbiopia.pl\/konferencja\/wp-content\/uploads\/2024\/10\/agnieszka-kudasiewicz-kordaszewska.jpg 511w, https:\/\/prezbiopia.pl\/konferencja\/wp-content\/uploads\/2024\/10\/agnieszka-kudasiewicz-kordaszewska-300x265.jpg 300w, https:\/\/prezbiopia.pl\/konferencja\/wp-content\/uploads\/2024\/10\/agnieszka-kudasiewicz-kordaszewska-452x400.jpg 452w\" sizes=\"(max-width: 511px) 100vw, 511px\" \/><\/a><\/div><div class=\"w-vwrapper usg_vwrapper_1 align_center valign_middle\" style=\"--vwrapper-gap:0px\"><h4 class=\"w-post-elm post_title usg_post_title_1 align_center entry-title color_link_inherit\"><a href=\"https:\/\/prezbiopia.pl\/konferencja\/prelegenci\/dr-agnieszka-kudasiewicz-kardaszewska\/\">Dr. Agnieszka Kudasiewicz-Kardaszewska<\/a><\/h4><\/div>\t\t<\/div>\r\n\t<\/article>\r\n\t<article class=\"w-grid-item size_1x1 post-1243 us_portfolio type-us_portfolio status-publish has-post-thumbnail hentry us_portfolio_category-15 us_portfolio_tag-17\" data-id=\"1243\">\r\n\t\t<div class=\"w-grid-item-h\">\r\n\t\t\t\t\t\t<div class=\"w-post-elm post_image usg_post_image_1 has_ratio\"><div style=\"padding-bottom:100%\"><\/div><a href=\"https:\/\/prezbiopia.pl\/konferencja\/prelegenci\/prof-oksana-vitovska\/\" aria-label=\"Prof. Oksana Vitovska\"><img width=\"600\" height=\"900\" src=\"https:\/\/prezbiopia.pl\/konferencja\/wp-content\/uploads\/2024\/10\/prof-oksana-vitovska.jpg\" class=\"attachment-large size-large wp-post-image\" alt=\"\" decoding=\"async\" loading=\"lazy\" srcset=\"https:\/\/prezbiopia.pl\/konferencja\/wp-content\/uploads\/2024\/10\/prof-oksana-vitovska.jpg 600w, https:\/\/prezbiopia.pl\/konferencja\/wp-content\/uploads\/2024\/10\/prof-oksana-vitovska-200x300.jpg 200w, https:\/\/prezbiopia.pl\/konferencja\/wp-content\/uploads\/2024\/10\/prof-oksana-vitovska-533x800.jpg 533w, https:\/\/prezbiopia.pl\/konferencja\/wp-content\/uploads\/2024\/10\/prof-oksana-vitovska-267x400.jpg 267w\" sizes=\"(max-width: 600px) 100vw, 600px\" \/><\/a><\/div><div class=\"w-vwrapper usg_vwrapper_1 align_center valign_middle\" style=\"--vwrapper-gap:0px\"><h4 class=\"w-post-elm post_title usg_post_title_1 align_center entry-title color_link_inherit\"><a href=\"https:\/\/prezbiopia.pl\/konferencja\/prelegenci\/prof-oksana-vitovska\/\">Prof. Oksana Vitovska<\/a><\/h4><\/div>\t\t<\/div>\r\n\t<\/article>\r\n\t<article class=\"w-grid-item size_1x1 post-1249 us_portfolio type-us_portfolio status-publish has-post-thumbnail hentry us_portfolio_category-15 us_portfolio_tag-17\" data-id=\"1249\">\r\n\t\t<div class=\"w-grid-item-h\">\r\n\t\t\t\t\t\t<div class=\"w-post-elm post_image usg_post_image_1 has_ratio\"><div style=\"padding-bottom:100%\"><\/div><a href=\"https:\/\/prezbiopia.pl\/konferencja\/prelegenci\/dr-med-wiktor-stopyra\/\" aria-label=\"Dr med. Wiktor Stopyra\"><img width=\"600\" height=\"600\" src=\"https:\/\/prezbiopia.pl\/konferencja\/wp-content\/uploads\/2024\/10\/wiktor-stopyra.jpg\" class=\"attachment-large size-large wp-post-image\" alt=\"\" decoding=\"async\" loading=\"lazy\" srcset=\"https:\/\/prezbiopia.pl\/konferencja\/wp-content\/uploads\/2024\/10\/wiktor-stopyra.jpg 600w, https:\/\/prezbiopia.pl\/konferencja\/wp-content\/uploads\/2024\/10\/wiktor-stopyra-300x300.jpg 300w, https:\/\/prezbiopia.pl\/konferencja\/wp-content\/uploads\/2024\/10\/wiktor-stopyra-150x150.jpg 150w, https:\/\/prezbiopia.pl\/konferencja\/wp-content\/uploads\/2024\/10\/wiktor-stopyra-400x400.jpg 400w\" sizes=\"(max-width: 600px) 100vw, 600px\" \/><\/a><\/div><div class=\"w-vwrapper usg_vwrapper_1 align_center valign_middle\" style=\"--vwrapper-gap:0px\"><h4 class=\"w-post-elm post_title usg_post_title_1 align_center entry-title color_link_inherit\"><a href=\"https:\/\/prezbiopia.pl\/konferencja\/prelegenci\/dr-med-wiktor-stopyra\/\">Dr med. Wiktor Stopyra<\/a><\/h4><\/div>\t\t<\/div>\r\n\t<\/article>\r\n\t<article class=\"w-grid-item size_1x1 post-1255 us_portfolio type-us_portfolio status-publish has-post-thumbnail hentry us_portfolio_category-15 us_portfolio_tag-17\" data-id=\"1255\">\r\n\t\t<div class=\"w-grid-item-h\">\r\n\t\t\t\t\t\t<div class=\"w-post-elm post_image usg_post_image_1 has_ratio\"><div style=\"padding-bottom:100%\"><\/div><a href=\"https:\/\/prezbiopia.pl\/konferencja\/prelegenci\/prof-reda-zemaitiene\/\" aria-label=\"Prof. Reda Zemaitiene\"><img width=\"600\" height=\"653\" src=\"https:\/\/prezbiopia.pl\/konferencja\/wp-content\/uploads\/2024\/10\/prof-reda-zemaitiene.jpg\" class=\"attachment-large size-large wp-post-image\" alt=\"\" decoding=\"async\" loading=\"lazy\" srcset=\"https:\/\/prezbiopia.pl\/konferencja\/wp-content\/uploads\/2024\/10\/prof-reda-zemaitiene.jpg 600w, https:\/\/prezbiopia.pl\/konferencja\/wp-content\/uploads\/2024\/10\/prof-reda-zemaitiene-276x300.jpg 276w, https:\/\/prezbiopia.pl\/konferencja\/wp-content\/uploads\/2024\/10\/prof-reda-zemaitiene-368x400.jpg 368w\" sizes=\"(max-width: 600px) 100vw, 600px\" \/><\/a><\/div><div class=\"w-vwrapper usg_vwrapper_1 align_center valign_middle\" style=\"--vwrapper-gap:0px\"><h4 class=\"w-post-elm post_title usg_post_title_1 align_center entry-title color_link_inherit\"><a href=\"https:\/\/prezbiopia.pl\/konferencja\/prelegenci\/prof-reda-zemaitiene\/\">Prof. Reda Zemaitiene<\/a><\/h4><\/div>\t\t<\/div>\r\n\t<\/article>\r\n\t<article class=\"w-grid-item size_1x1 post-1261 us_portfolio type-us_portfolio status-publish has-post-thumbnail hentry us_portfolio_category-15 us_portfolio_tag-17\" data-id=\"1261\">\r\n\t\t<div class=\"w-grid-item-h\">\r\n\t\t\t\t\t\t<div class=\"w-post-elm post_image usg_post_image_1 has_ratio\"><div style=\"padding-bottom:100%\"><\/div><a href=\"https:\/\/prezbiopia.pl\/konferencja\/prelegenci\/dr-yao-ke\/\" aria-label=\"Dr. YAO Ke\"><img width=\"533\" height=\"800\" src=\"https:\/\/prezbiopia.pl\/konferencja\/wp-content\/uploads\/2024\/10\/prof-yao-ke.jpg\" class=\"attachment-large size-large wp-post-image\" alt=\"\" decoding=\"async\" loading=\"lazy\" srcset=\"https:\/\/prezbiopia.pl\/konferencja\/wp-content\/uploads\/2024\/10\/prof-yao-ke.jpg 533w, https:\/\/prezbiopia.pl\/konferencja\/wp-content\/uploads\/2024\/10\/prof-yao-ke-200x300.jpg 200w, https:\/\/prezbiopia.pl\/konferencja\/wp-content\/uploads\/2024\/10\/prof-yao-ke-267x400.jpg 267w\" sizes=\"(max-width: 533px) 100vw, 533px\" \/><\/a><\/div><div class=\"w-vwrapper usg_vwrapper_1 align_center valign_middle\" style=\"--vwrapper-gap:0px\"><h4 class=\"w-post-elm post_title usg_post_title_1 align_center entry-title color_link_inherit\"><a href=\"https:\/\/prezbiopia.pl\/konferencja\/prelegenci\/dr-yao-ke\/\">Dr. YAO Ke<\/a><\/h4><\/div>\t\t<\/div>\r\n\t<\/article>\r\n\t<article class=\"w-grid-item size_1x1 post-1272 us_portfolio type-us_portfolio status-publish has-post-thumbnail hentry us_portfolio_category-15 us_portfolio_tag-17\" data-id=\"1272\">\r\n\t\t<div class=\"w-grid-item-h\">\r\n\t\t\t\t\t\t<div class=\"w-post-elm post_image usg_post_image_1 has_ratio\"><div style=\"padding-bottom:100%\"><\/div><a href=\"https:\/\/prezbiopia.pl\/konferencja\/prelegenci\/dr-hab-n-med-maciej-gawecki\/\" aria-label=\"dr hab. n. med. Maciej Gaw\u0119cki\"><img width=\"533\" height=\"800\" src=\"https:\/\/prezbiopia.pl\/konferencja\/wp-content\/uploads\/2024\/10\/dr-hab-n-med-maciej-gawecki.jpg\" class=\"attachment-large size-large wp-post-image\" alt=\"\" decoding=\"async\" loading=\"lazy\" srcset=\"https:\/\/prezbiopia.pl\/konferencja\/wp-content\/uploads\/2024\/10\/dr-hab-n-med-maciej-gawecki.jpg 533w, https:\/\/prezbiopia.pl\/konferencja\/wp-content\/uploads\/2024\/10\/dr-hab-n-med-maciej-gawecki-200x300.jpg 200w, https:\/\/prezbiopia.pl\/konferencja\/wp-content\/uploads\/2024\/10\/dr-hab-n-med-maciej-gawecki-267x400.jpg 267w\" sizes=\"(max-width: 533px) 100vw, 533px\" \/><\/a><\/div><div class=\"w-vwrapper usg_vwrapper_1 align_center valign_middle\" style=\"--vwrapper-gap:0px\"><h4 class=\"w-post-elm post_title usg_post_title_1 align_center entry-title color_link_inherit\"><a href=\"https:\/\/prezbiopia.pl\/konferencja\/prelegenci\/dr-hab-n-med-maciej-gawecki\/\">dr hab. n. med. Maciej Gaw\u0119cki<\/a><\/h4><\/div>\t\t<\/div>\r\n\t<\/article>\r\n\t<article class=\"w-grid-item size_1x1 post-1325 us_portfolio type-us_portfolio status-publish has-post-thumbnail hentry us_portfolio_tag-17\" data-id=\"1325\">\r\n\t\t<div class=\"w-grid-item-h\">\r\n\t\t\t\t\t\t<div class=\"w-post-elm post_image usg_post_image_1 has_ratio\"><div style=\"padding-bottom:100%\"><\/div><a href=\"https:\/\/prezbiopia.pl\/konferencja\/prelegenci\/dr-n-med-maria-muzyka-wozniak\/\" aria-label=\"Dr n. med. Maria Muzyka-Wo\u017aniak\"><img width=\"574\" height=\"600\" src=\"https:\/\/prezbiopia.pl\/konferencja\/wp-content\/uploads\/2024\/11\/dr-MMuzyka.jpg\" class=\"attachment-large size-large wp-post-image\" alt=\"\" decoding=\"async\" loading=\"lazy\" srcset=\"https:\/\/prezbiopia.pl\/konferencja\/wp-content\/uploads\/2024\/11\/dr-MMuzyka.jpg 574w, https:\/\/prezbiopia.pl\/konferencja\/wp-content\/uploads\/2024\/11\/dr-MMuzyka-287x300.jpg 287w, https:\/\/prezbiopia.pl\/konferencja\/wp-content\/uploads\/2024\/11\/dr-MMuzyka-383x400.jpg 383w\" sizes=\"(max-width: 574px) 100vw, 574px\" \/><\/a><\/div><div class=\"w-vwrapper usg_vwrapper_1 align_center valign_middle\" style=\"--vwrapper-gap:0px\"><h4 class=\"w-post-elm post_title usg_post_title_1 align_center entry-title color_link_inherit\"><a href=\"https:\/\/prezbiopia.pl\/konferencja\/prelegenci\/dr-n-med-maria-muzyka-wozniak\/\">Dr n. med. Maria Muzyka-Wo\u017aniak<\/a><\/h4><\/div>\t\t<\/div>\r\n\t<\/article>\r\n<\/div><div class=\"w-grid-preloader\"><div class=\"g-preloader type_1\">\r\n\t<div><\/div>\r\n<\/div>\r\n<\/div>\t<div class=\"w-grid-json hidden\" onclick='return {&quot;action&quot;:&quot;us_ajax_grid&quot;,&quot;ajax_url&quot;:&quot;https:\\\/\\\/prezbiopia.pl\\\/konferencja\\\/wp-admin\\\/admin-ajax.php&quot;,&quot;infinite_scroll&quot;:0,&quot;max_num_pages&quot;:1,&quot;pagination&quot;:&quot;none&quot;,&quot;permalink_url&quot;:&quot;https:\\\/\\\/prezbiopia.pl\\\/konferencja\\\/wp-json\\\/wp\\\/v2\\\/pages\\\/1348&quot;,&quot;template_vars&quot;:{&quot;columns&quot;:&quot;4&quot;,&quot;exclude_items&quot;:&quot;none&quot;,&quot;img_size&quot;:&quot;default&quot;,&quot;ignore_items_size&quot;:false,&quot;items_layout&quot;:&quot;205&quot;,&quot;items_offset&quot;:&quot;1&quot;,&quot;load_animation&quot;:&quot;none&quot;,&quot;overriding_link&quot;:&quot;none&quot;,&quot;post_id&quot;:1348,&quot;query_args&quot;:{&quot;post_type&quot;:[&quot;us_portfolio&quot;],&quot;tax_query&quot;:[{&quot;taxonomy&quot;:&quot;us_portfolio_tag&quot;,&quot;field&quot;:&quot;slug&quot;,&quot;terms&quot;:[&quot;2024&quot;]}],&quot;post_status&quot;:[&quot;publish&quot;,&quot;acf-disabled&quot;],&quot;posts_per_page&quot;:&quot;99&quot;},&quot;orderby_query_args&quot;:{&quot;orderby&quot;:{&quot;date&quot;:&quot;ASC&quot;}},&quot;type&quot;:&quot;grid&quot;,&quot;us_grid_ajax_index&quot;:1,&quot;us_grid_filter_params&quot;:null,&quot;us_grid_index&quot;:1,&quot;_us_grid_post_type&quot;:&quot;us_portfolio&quot;}}'><\/div>\r\n\t<\/div><\/div><\/div><\/div><\/div><\/div><\/section>\n","protected":false},"excerpt":{"rendered":"W latach 1994-2011 asystent i adiunkt Kliniki Okulistyki Akademii Medycznej we Wroc\u0142awiu. Konsultant, chirurg i wsp\u00f3\u0142w\u0142a\u015bciciel O\u015brodka Okulistyki Klinicznej SPEKTRUM we Wroc\u0142awiu, Kierownik Centrum Badawczo-Rozwojowego CREO. Cz\u0142onek Klubu Prezbyopia 21, Polskiego Towarzystwa Okulistycznego (PTO,) Stowarzyszenia Chirurg\u00f3w Okulist\u00f3w Polskich (SCOP), Europejskiego Towarzystwa Chirurg\u00f3w Za\u0107my i Refrakcyjnych (ESCRS), Ameryka\u0144skiej Akademii Okulistyki (AAO) oraz Niemieckiego Towarzystwa Okulistycznego (DOG)....","protected":false},"author":1,"featured_media":0,"parent":1342,"menu_order":1,"comment_status":"closed","ping_status":"closed","template":"","meta":[],"acf":[],"_links":{"self":[{"href":"https:\/\/prezbiopia.pl\/konferencja\/wp-json\/wp\/v2\/pages\/1348"}],"collection":[{"href":"https:\/\/prezbiopia.pl\/konferencja\/wp-json\/wp\/v2\/pages"}],"about":[{"href":"https:\/\/prezbiopia.pl\/konferencja\/wp-json\/wp\/v2\/types\/page"}],"author":[{"embeddable":true,"href":"https:\/\/prezbiopia.pl\/konferencja\/wp-json\/wp\/v2\/users\/1"}],"replies":[{"embeddable":true,"href":"https:\/\/prezbiopia.pl\/konferencja\/wp-json\/wp\/v2\/comments?post=1348"}],"version-history":[{"count":5,"href":"https:\/\/prezbiopia.pl\/konferencja\/wp-json\/wp\/v2\/pages\/1348\/revisions"}],"predecessor-version":[{"id":1353,"href":"https:\/\/prezbiopia.pl\/konferencja\/wp-json\/wp\/v2\/pages\/1348\/revisions\/1353"}],"up":[{"embeddable":true,"href":"https:\/\/prezbiopia.pl\/konferencja\/wp-json\/wp\/v2\/pages\/1342"}],"wp:attachment":[{"href":"https:\/\/prezbiopia.pl\/konferencja\/wp-json\/wp\/v2\/media?parent=1348"}],"curies":[{"name":"wp","href":"https:\/\/api.w.org\/{rel}","templated":true}]}}