{"id":176,"date":"2022-05-15T21:55:56","date_gmt":"2022-05-15T19:55:56","guid":{"rendered":"https:\/\/prezbiopia.pl\/konferencja\/?page_id=176"},"modified":"2023-08-18T08:54:13","modified_gmt":"2023-08-18T06:54:13","slug":"kontakt-2022","status":"publish","type":"page","link":"https:\/\/prezbiopia.pl\/konferencja\/kontakt-2022\/","title":{"rendered":"Kontakt-2022"},"content":{"rendered":"<section class=\"l-section wpb_row box height_medium\"><div class=\"l-section-h i-cf\"><div class=\"g-cols vc_row via_flex valign_middle type_default stacking_default\"><div class=\"vc_col-sm-8 wpb_column vc_column_container\"><div class=\"vc_column-inner\"><div class=\"wpb_wrapper\"><div class=\"wpb_text_column us_custom_9b1a7cc0\"><div class=\"wpb_wrapper\"><p>Zapraszamy do zadawania nam wszelkich pyta\u0144<\/p>\n<\/div><\/div><\/div><\/div><\/div><div class=\"vc_col-sm-4 wpb_column vc_column_container\"><div class=\"vc_column-inner\"><div class=\"wpb_wrapper\"><div class=\"wpb_text_column\"><div class=\"wpb_wrapper\"><p><strong>Marcin Szyma\u0144ski<\/strong><br \/>\n<a href=\"mailto:m.szymanski@okulistyka21.pl\">m.szymanski@okulistyka21.pl<\/a><\/p>\n<\/div><\/div><\/div><\/div><\/div><div class=\"vc_col-sm-12 wpb_column vc_column_container\"><div class=\"vc_column-inner\"><div class=\"wpb_wrapper\"><div class=\"w-separator size_medium\"><\/div><form class=\"w-form  layout_ver for_cform us_form_1\" autocomplete=\"off\" action=\"https:\/\/prezbiopia.pl\/konferencja\/konferencja\/wp-json\/wp\/v2\/pages\/176\" method=\"post\" style=\"--fields-gap:2rem\"><div class=\"w-form-h\"><div class=\"w-form-row for_text cols_3\">\r\n\t\t<div class=\"w-form-row-field\">\r\n\t\t\t\t\t\t<input aria-label=\"Imi\u0119\" type=\"text\" name=\"us_form_1_text_1\" value placeholder=\"Imi\u0119\"\/>\r\n\t\t\t<\/div>\r\n\t\t<div class=\"w-form-row-state\">Wype\u0142nij to pole<\/div>\r\n<\/div>\r\n<div class=\"w-form-row for_email required cols_3\">\r\n\t\t<div class=\"w-form-row-field\">\r\n\t\t\t\t\t\t<input aria-label=\"E-mail\" type=\"email\" name=\"us_form_1_email_1\" value placeholder=\"E-mail *\" data-required=\"true\" aria-required=\"true\"\/>\r\n\t\t\t<\/div>\r\n\t\t<div class=\"w-form-row-state\">Prosz\u0119 wpisa\u0107 prawid\u0142owy adres e-mail.<\/div>\r\n<\/div>\r\n<div class=\"w-form-row for_text cols_3\">\r\n\t\t<div class=\"w-form-row-field\">\r\n\t\t\t\t\t\t<input aria-label=\"Telefon\" inputmode=\"tel\" type=\"text\" name=\"us_form_1_text_2\" value placeholder=\"Telefon\"\/>\r\n\t\t\t<\/div>\r\n\t\t<div class=\"w-form-row-state\">Wype\u0142nij to pole<\/div>\r\n<\/div>\r\n<div class=\"w-form-row for_textarea required\">\r\n\t\t<div class=\"w-form-row-field\">\r\n\t\t\t\t\t\t<textarea aria-label=\"Wiadomo\u015b\u0107\" name=\"us_form_1_textarea_1\" placeholder=\"Wiadomo\u015b\u0107 *\" data-required=\"true\" aria-required=\"true\"><\/textarea>\r\n\t\t\t<\/div>\r\n\t\t<div class=\"w-form-row-state\">Wype\u0142nij to pole<\/div>\r\n<\/div>\r\n<div class=\"w-form-row for_agreement required\">\r\n\t\t<div class=\"w-form-row-field\">\r\n\t\t\t\t<label>\r\n\t\t\t<input type=\"checkbox\" class=\"screen-reader-text\" value=\"1\" data-required=\"true\" aria-required=\"true\" name=\"us_form_1_agreement_1\"\/>\r\n\t\t\t<span class=\"w-form-checkbox\"><\/span>\r\n\t\t\t<span>Zgodnie z art.6 ust.1 lit. a og\u00f3lnego rozporz\u0105dzenia o ochronie danych osobowych z dnia 27 kwietnia 2016 r. (Dz. Urz. UE L 119 z 04.05.2016) wyra\u017cam zgod\u0119 na przetwarzanie moich danych osobowych do cel\u00f3w przekazania innym podmiotom - w celu realizacji dostarczenia towaru.<\/span>\r\n\t\t<\/label>\r\n\t\t\t<\/div>\r\n\t\t<div class=\"w-form-row-state\">You need to agree with the terms to proceed<\/div>\r\n<\/div>\r\n<input type=\"hidden\" name=\"action\" value=\"us_ajax_cform\" \/>\r\n<input type=\"hidden\" name=\"post_id\" value=\"0\" \/>\r\n<input type=\"hidden\" name=\"form_index\" value=\"1\" \/>\r\n<div class=\"w-form-row for_submit align_center\">\r\n\t<div class=\"w-form-row-field\">\r\n\t\t<button class=\"w-btn  us-btn-style_1\" aria-label=\"Wy\u015blij\" type=\"submit\">\r\n\t\t\t<span class=\"g-preloader type_1\"><\/span>\r\n\t\t\t\t\t\t<span class=\"w-btn-label\">Wy\u015blij<\/span>\r\n\t\t\t\t\t<\/button>\r\n\t<\/div>\r\n<\/div>\r\n<\/div><div class=\"w-form-message\"><\/div><div class=\"w-form-json hidden\" onclick='return {&quot;ajaxurl&quot;:&quot;https:\\\/\\\/prezbiopia.pl\\\/konferencja\\\/wp-admin\\\/admin-ajax.php&quot;}'><\/div><\/form><\/div><\/div><\/div><\/div><\/div><\/section>\n","protected":false},"excerpt":{"rendered":"Zapraszamy do zadawania nam wszelkich pyta\u0144 Marcin Szyma\u0144ski m.szymanski@okulistyka21.pl Wype\u0142nij to pole Prosz\u0119 wpisa\u0107 prawid\u0142owy adres e-mail. Wype\u0142nij to pole Wype\u0142nij to pole Zgodnie z art.6 ust.1 lit. a og\u00f3lnego rozporz\u0105dzenia o ochronie danych osobowych z dnia 27 kwietnia 2016 r. (Dz. Urz. UE L 119 z 04.05.2016) wyra\u017cam zgod\u0119 na przetwarzanie moich danych osobowych...","protected":false},"author":1,"featured_media":0,"parent":0,"menu_order":27,"comment_status":"closed","ping_status":"closed","template":"","meta":[],"acf":[],"_links":{"self":[{"href":"https:\/\/prezbiopia.pl\/konferencja\/wp-json\/wp\/v2\/pages\/176"}],"collection":[{"href":"https:\/\/prezbiopia.pl\/konferencja\/wp-json\/wp\/v2\/pages"}],"about":[{"href":"https:\/\/prezbiopia.pl\/konferencja\/wp-json\/wp\/v2\/types\/page"}],"author":[{"embeddable":true,"href":"https:\/\/prezbiopia.pl\/konferencja\/wp-json\/wp\/v2\/users\/1"}],"replies":[{"embeddable":true,"href":"https:\/\/prezbiopia.pl\/konferencja\/wp-json\/wp\/v2\/comments?post=176"}],"version-history":[{"count":27,"href":"https:\/\/prezbiopia.pl\/konferencja\/wp-json\/wp\/v2\/pages\/176\/revisions"}],"predecessor-version":[{"id":800,"href":"https:\/\/prezbiopia.pl\/konferencja\/wp-json\/wp\/v2\/pages\/176\/revisions\/800"}],"wp:attachment":[{"href":"https:\/\/prezbiopia.pl\/konferencja\/wp-json\/wp\/v2\/media?parent=176"}],"curies":[{"name":"wp","href":"https:\/\/api.w.org\/{rel}","templated":true}]}}