{"id":2,"date":"2021-10-14T13:05:18","date_gmt":"2021-10-14T11:05:18","guid":{"rendered":"https:\/\/prezbiopia.pl\/konferencja\/?page_id=2"},"modified":"2023-08-18T08:53:19","modified_gmt":"2023-08-18T06:53:19","slug":"strona-glowna-2022","status":"publish","type":"page","link":"https:\/\/prezbiopia.pl\/konferencja\/strona-glowna-2022\/","title":{"rendered":"Strona g\u0142\u00f3wna-2022"},"content":{"rendered":"<section class=\"l-section wpb_row height_auto width_full\"><div class=\"l-section-h i-cf\"><div class=\"g-cols vc_row via_flex valign_top type_default stacking_default\"><div class=\"vc_col-sm-12 wpb_column vc_column_container\"><div class=\"vc_column-inner\"><div class=\"wpb_wrapper\"><div class=\"w-image align_left\"><div class=\"w-image-h\"><img width=\"1920\" height=\"1080\" src=\"https:\/\/prezbiopia.pl\/konferencja\/wp-content\/uploads\/2022\/10\/Presbiopia-2022-plansza-strona-glowna.png\" class=\"attachment-full size-full\" alt=\"Presbiopia 2022\" decoding=\"async\" loading=\"lazy\" srcset=\"https:\/\/prezbiopia.pl\/konferencja\/wp-content\/uploads\/2022\/10\/Presbiopia-2022-plansza-strona-glowna.png 1920w, https:\/\/prezbiopia.pl\/konferencja\/wp-content\/uploads\/2022\/10\/Presbiopia-2022-plansza-strona-glowna-300x169.png 300w, https:\/\/prezbiopia.pl\/konferencja\/wp-content\/uploads\/2022\/10\/Presbiopia-2022-plansza-strona-glowna-1024x576.png 1024w, https:\/\/prezbiopia.pl\/konferencja\/wp-content\/uploads\/2022\/10\/Presbiopia-2022-plansza-strona-glowna-800x450.png 800w, https:\/\/prezbiopia.pl\/konferencja\/wp-content\/uploads\/2022\/10\/Presbiopia-2022-plansza-strona-glowna-600x338.png 600w\" sizes=\"(max-width: 1920px) 100vw, 1920px\" \/><\/div><\/div><\/div><\/div><\/div><\/div><\/div><\/section><section class=\"l-section wpb_row us_custom_242268fa height_medium\" id=\"program\"><div class=\"l-section-overlay\" style=\"background:#f0f0f6\"><\/div><div class=\"l-section-h i-cf\"><div class=\"g-cols vc_row via_flex valign_top type_default stacking_default\"><div class=\"vc_col-sm-12 wpb_column vc_column_container\"><div class=\"vc_column-inner\"><div class=\"wpb_wrapper\"><div class=\"w-separator us_custom_dd184a0a size_custom with_line width_default thick_5 style_solid color_secondary align_center\" style=\"height:5px\"><div class=\"w-separator-h\"><\/div><\/div><h2 class=\"w-text us_custom_03b3ee3e\"><span class=\"w-text-h\"><span class=\"w-text-value\">Program konferencji &#8222;PRESBIOPIA 2022&#8221;<\/span><\/span><\/h2><h3 class=\"w-text us_custom_aa271a07\"><span class=\"w-text-h\"><span class=\"w-text-value\">28 PA\u0179DZIERNIKA<\/span><\/span><\/h3><div class=\"w-separator size_custom\" style=\"height:6rem\" id=\"re18\"><style>@media(max-width:1024px){ #re18{height:5rem!important}}@media(max-width:600px){ #re18{height:4rem!important}}<\/style><\/div><div class=\"w-hwrapper align_none valign_top\" style=\"--hwrapper-gap:0\"><div class=\"w-vwrapper align_none valign_top\"><div class=\"wpb_text_column\"><div class=\"wpb_wrapper\"><p><strong>13:30 &#8211; 13:35<\/strong><\/p>\n<\/div><\/div><\/div><div class=\"w-vwrapper align_none valign_top\"><div class=\"wpb_text_column\"><div class=\"wpb_wrapper\"><p><strong>OTWARCIE KONFERENCJI<\/strong><\/p>\n<p><strong>prof. dr hab. n. med. Andrzej Grzybowski<\/strong><\/p>\n<\/div><\/div><\/div><\/div><div class=\"w-hwrapper align_none valign_top\" style=\"--hwrapper-gap:0\"><div class=\"w-vwrapper align_none valign_top\"><div class=\"wpb_text_column\"><div class=\"wpb_wrapper\"><p><strong>13:35 &#8211; 13:50<\/strong><\/p>\n<\/div><\/div><\/div><div class=\"w-vwrapper align_none valign_top\"><div class=\"wpb_text_column\"><div class=\"wpb_wrapper\"><p><strong>WYK\u0141AD IM. WINCENTEGO FUKA\u0141Y<\/strong><\/p>\n<p><strong>prof. dr hab. n. med. Zbigniew Zag\u00f3rski<\/strong><\/p>\n<p>\u201eZnaczenie powierzchni oka w chirurgicznej korekcji prezbiopii\u201d<\/p>\n<\/div><\/div><\/div><\/div><div class=\"w-hwrapper align_none valign_top\" style=\"--hwrapper-gap:0\"><div class=\"w-vwrapper align_none valign_top\"><div class=\"wpb_text_column\"><div class=\"wpb_wrapper\"><p><strong>13:50 &#8211; 14:00<\/strong><\/p>\n<\/div><\/div><\/div><div class=\"w-vwrapper align_none valign_top\"><div class=\"wpb_text_column\"><div class=\"wpb_wrapper\"><p><strong>DYSKUSJA<\/strong><\/p>\n<\/div><\/div><\/div><\/div><div class=\"w-hwrapper align_none valign_top\" style=\"--hwrapper-gap:0\"><div class=\"w-vwrapper align_none valign_top\"><div class=\"wpb_text_column\"><div class=\"wpb_wrapper\"><\/div><\/div><\/div><div class=\"w-vwrapper align_none valign_top\"><div class=\"wpb_text_column\"><div class=\"wpb_wrapper\"><p><strong>SESJA I: NOWOCZESNA KOREKCJA PREZBIOPII<\/strong><\/p>\n<\/div><\/div><\/div><\/div><div class=\"w-hwrapper align_none valign_top\" style=\"--hwrapper-gap:0\"><div class=\"w-vwrapper align_none valign_top\"><div class=\"wpb_text_column\"><div class=\"wpb_wrapper\"><p>14:02 &#8211; 14:22<\/p>\n<\/div><\/div><\/div><div class=\"w-vwrapper align_none valign_top\"><div class=\"wpb_text_column\"><div class=\"wpb_wrapper\"><p><strong>dr n. med. Luiza Krasucka<\/strong><\/p>\n<p>\u201eKto si\u0119 boi multifokalnych soczewek kontaktowych?\u201d preferencje zwi\u0105zane z korekcj\u0105 wzroku soczewkami kontaktowymi u pacjent\u00f3w z presbiopi\u0105<\/p>\n<\/div><\/div><\/div><\/div><div class=\"w-hwrapper align_none valign_top\" style=\"--hwrapper-gap:0\"><div class=\"w-vwrapper align_none valign_top\"><div class=\"wpb_text_column\"><div class=\"wpb_wrapper\"><p>14:22 &#8211; 14:37<\/p>\n<\/div><\/div><\/div><div class=\"w-vwrapper align_none valign_top\"><div class=\"wpb_text_column\"><div class=\"wpb_wrapper\"><p><strong>dr n. med. Zofia Pniakowska<\/strong><\/p>\n<p>\u201eLaserowa korekcja prezbiopii z wykorzystaniem metody Presbyond\u201d<\/p>\n<\/div><\/div><\/div><\/div><div class=\"w-hwrapper align_none valign_top\" style=\"--hwrapper-gap:0\"><div class=\"w-vwrapper align_none valign_top\"><div class=\"wpb_text_column\"><div class=\"wpb_wrapper\"><p>14:37 &#8211; 14:52<\/p>\n<\/div><\/div><\/div><div class=\"w-vwrapper align_none valign_top\"><div class=\"wpb_text_column\"><div class=\"wpb_wrapper\"><p lang=\"pl-PL\" align=\"justify\"><strong>dr Ma\u0142gorzata Lubo\u0144<\/strong><\/p>\n<p lang=\"pl-PL\" align=\"justify\">&#8222;Zasady implantacji i kwalifikacji soczewek zaawansowanych w technologii mix&amp;match&#8221;<\/p>\n<\/div><\/div><\/div><\/div><div class=\"w-hwrapper align_none valign_top\" style=\"--hwrapper-gap:0\"><div class=\"w-vwrapper align_none valign_top\"><div class=\"wpb_text_column\"><div class=\"wpb_wrapper\"><p>14:52 &#8211; 15:07<\/p>\n<\/div><\/div><\/div><div class=\"w-vwrapper align_none valign_top\"><div class=\"wpb_text_column\"><div class=\"wpb_wrapper\"><p lang=\"pl-PL\" align=\"justify\"><strong>dr hab. n. med. Maciej Gaw\u0119cki<\/strong><\/p>\n<p lang=\"pl-PL\" align=\"justify\">\u201eSoczewki wewn\u0105trzga\u0142kowe EDOF na przyk\u0142adzie LuxSmart\u201d<\/p>\n<\/div><\/div><\/div><\/div><div class=\"w-hwrapper align_none valign_top\" style=\"--hwrapper-gap:0\"><div class=\"w-vwrapper align_none valign_top\"><div class=\"wpb_text_column\"><div class=\"wpb_wrapper\"><p lang=\"pl-PL\" align=\"justify\"><strong>15:07 &#8211; 15:17 <\/strong><\/p>\n<\/div><\/div><\/div><div class=\"w-vwrapper align_none valign_top\"><div class=\"wpb_text_column\"><div class=\"wpb_wrapper\"><p><strong>DYSKUSJA<\/strong><\/p>\n<\/div><\/div><\/div><\/div><div class=\"w-hwrapper align_none valign_top\" style=\"--hwrapper-gap:0\"><div class=\"w-vwrapper align_none valign_top\"><div class=\"wpb_text_column\"><div class=\"wpb_wrapper\"><p><strong>15:17 &#8211; 15:20<\/strong><\/p>\n<\/div><\/div><\/div><div class=\"w-vwrapper align_none valign_top\"><div class=\"wpb_text_column\"><div class=\"wpb_wrapper\"><p><strong>PRZERWA<\/strong><\/p>\n<\/div><\/div><\/div><\/div><div class=\"w-hwrapper align_none valign_top\" style=\"--hwrapper-gap:0\"><div class=\"w-vwrapper align_none valign_top\"><div class=\"wpb_text_column\"><div class=\"wpb_wrapper\"><\/div><\/div><\/div><div class=\"w-vwrapper align_none valign_top\"><div class=\"wpb_text_column\"><div class=\"wpb_wrapper\"><p><strong>SESJA II: PREZBIOPIJNE PRZYPADKI KLINICZNE<\/strong><\/p>\n<\/div><\/div><\/div><\/div><div class=\"w-hwrapper align_none valign_top\" style=\"--hwrapper-gap:0\"><div class=\"w-vwrapper align_none valign_top\"><div class=\"wpb_text_column\"><div class=\"wpb_wrapper\"><p>15:22 \u2013 15:29<\/p>\n<\/div><\/div><\/div><div class=\"w-vwrapper align_none valign_top\"><div class=\"wpb_text_column\"><div class=\"wpb_wrapper\"><p><strong>dr n. med. Maria Muzyka-Wo\u017aniak<\/strong><\/p>\n<p>&#8222;Wewn\u0105trzga\u0142kowa korekcja starczowzroczno\u015bci przy pomocy soczewki EDOF: ma\u0142y astygmatyzm &#8211; du\u017cy k\u0142opot&#8221;<\/p>\n<\/div><\/div><\/div><\/div><div class=\"w-hwrapper align_none valign_top\" style=\"--hwrapper-gap:0\"><div class=\"w-vwrapper align_none valign_top\"><div class=\"wpb_text_column\"><div class=\"wpb_wrapper\"><p lang=\"pl-PL\" align=\"justify\">15:29 \u2013 15:36<\/p>\n<\/div><\/div><\/div><div class=\"w-vwrapper align_none valign_top\"><div class=\"wpb_text_column\"><div class=\"wpb_wrapper\"><p><strong>dr n. med. Pawe\u0142 Klonowski<\/strong><\/p>\n<p>\u201ePooperacyjny b\u0142\u0105d refrakcyjny z dyfrakcyjn\u0105 soczewk\u0105 wieloogniskow\u0105 &#8211; opis przypadku\u201d<\/p>\n<\/div><\/div><\/div><\/div><div class=\"w-hwrapper align_none valign_top\" style=\"--hwrapper-gap:0\"><div class=\"w-vwrapper align_none valign_top\"><div class=\"wpb_text_column\"><div class=\"wpb_wrapper\"><p lang=\"pl-PL\" align=\"justify\">15:36 \u2013 15:43<\/p>\n<\/div><\/div><\/div><div class=\"w-vwrapper align_none valign_top\"><div class=\"wpb_text_column\"><div class=\"wpb_wrapper\"><p><strong>dr n. med. Janusz Cie\u015blik<\/strong><\/p>\n<p>\u201eRefrakcyjna wymiana soczewki jako metoda zwalczania presbiopii &#8211; do\u015bwiadczenia w\u0142asne\u201d<\/p>\n<\/div><\/div><\/div><\/div><div class=\"w-hwrapper align_none valign_top\" style=\"--hwrapper-gap:0\"><div class=\"w-vwrapper align_none valign_top\"><div class=\"wpb_text_column\"><div class=\"wpb_wrapper\"><p lang=\"pl-PL\" align=\"justify\">15:43 \u2013 15:50<\/p>\n<\/div><\/div><\/div><div class=\"w-vwrapper align_none valign_top\"><div class=\"wpb_text_column\"><div class=\"wpb_wrapper\"><p><strong>dr n. med. Tomasz Kaza\u0142o<\/strong><\/p>\n<p>&#8222;Zmiany refrakcji u pacjent\u00f3w leczonych w programie lekowym leczenia cukrzycowego obrz\u0119ku plamki \u017c\u00f3\u0142tej (DME)&#8221;<\/p>\n<\/div><\/div><\/div><\/div><div class=\"w-hwrapper align_none valign_top\" style=\"--hwrapper-gap:0\"><div class=\"w-vwrapper align_none valign_top\"><div class=\"wpb_text_column\"><div class=\"wpb_wrapper\"><p lang=\"pl-PL\" align=\"justify\"><strong>15:50 &#8211; 15:59<\/strong><\/p>\n<\/div><\/div><\/div><div class=\"w-vwrapper align_none valign_top\"><div class=\"wpb_text_column\"><div class=\"wpb_wrapper\"><p><strong>DYSKUSJA<\/strong><\/p>\n<\/div><\/div><\/div><\/div><div class=\"w-hwrapper align_none valign_top\" style=\"--hwrapper-gap:0\"><div class=\"w-vwrapper align_none valign_top\"><div class=\"wpb_text_column\"><div class=\"wpb_wrapper\"><p lang=\"pl-PL\"><strong>15:59 &#8211; 16:00<\/strong><\/p>\n<\/div><\/div><\/div><div class=\"w-vwrapper align_none valign_top\"><div class=\"wpb_text_column\"><div class=\"wpb_wrapper\"><p><strong>ZAKO\u0143CZENIE KONFERENCJI<\/strong><\/p>\n<\/div><\/div><\/div><\/div><\/div><\/div><\/div><\/div><\/div><\/section><section class=\"l-section wpb_row height_medium\"><div class=\"l-section-h i-cf\"><div class=\"g-cols vc_row via_flex valign_top type_default stacking_default\"><div class=\"vc_col-sm-12 wpb_column vc_column_container\"><div class=\"vc_column-inner\"><div class=\"wpb_wrapper\"><\/div><\/div><\/div><\/div><\/div><\/section>\n","protected":false},"excerpt":{"rendered":"Program konferencji &#8222;PRESBIOPIA 2022&#8221;28 PA\u0179DZIERNIKA13:30 &#8211; 13:35 OTWARCIE KONFERENCJI prof. dr hab. n. med. Andrzej Grzybowski 13:35 &#8211; 13:50 WYK\u0141AD IM. WINCENTEGO FUKA\u0141Y prof. dr hab. n. med. Zbigniew Zag\u00f3rski \u201eZnaczenie powierzchni oka w chirurgicznej korekcji prezbiopii\u201d 13:50 &#8211; 14:00 DYSKUSJA SESJA I: NOWOCZESNA KOREKCJA PREZBIOPII 14:02 &#8211; 14:22 dr n. med. Luiza Krasucka \u201eKto...","protected":false},"author":1,"featured_media":0,"parent":0,"menu_order":13,"comment_status":"closed","ping_status":"closed","template":"","meta":[],"acf":[],"_links":{"self":[{"href":"https:\/\/prezbiopia.pl\/konferencja\/wp-json\/wp\/v2\/pages\/2"}],"collection":[{"href":"https:\/\/prezbiopia.pl\/konferencja\/wp-json\/wp\/v2\/pages"}],"about":[{"href":"https:\/\/prezbiopia.pl\/konferencja\/wp-json\/wp\/v2\/types\/page"}],"author":[{"embeddable":true,"href":"https:\/\/prezbiopia.pl\/konferencja\/wp-json\/wp\/v2\/users\/1"}],"replies":[{"embeddable":true,"href":"https:\/\/prezbiopia.pl\/konferencja\/wp-json\/wp\/v2\/comments?post=2"}],"version-history":[{"count":100,"href":"https:\/\/prezbiopia.pl\/konferencja\/wp-json\/wp\/v2\/pages\/2\/revisions"}],"predecessor-version":[{"id":798,"href":"https:\/\/prezbiopia.pl\/konferencja\/wp-json\/wp\/v2\/pages\/2\/revisions\/798"}],"wp:attachment":[{"href":"https:\/\/prezbiopia.pl\/konferencja\/wp-json\/wp\/v2\/media?parent=2"}],"curies":[{"name":"wp","href":"https:\/\/api.w.org\/{rel}","templated":true}]}}