{"id":629,"date":"2022-08-22T14:02:26","date_gmt":"2022-08-22T12:02:26","guid":{"rendered":"https:\/\/prezbiopia.pl\/konferencja\/?page_id=629"},"modified":"2023-08-18T08:53:04","modified_gmt":"2023-08-18T06:53:04","slug":"rejestracja-2022","status":"publish","type":"page","link":"https:\/\/prezbiopia.pl\/konferencja\/rejestracja-2022\/","title":{"rendered":"Rejestracja-2022"},"content":{"rendered":"<section class=\"l-section wpb_row height_medium\"><div class=\"l-section-h i-cf\"><div class=\"g-cols vc_row via_flex valign_top type_default stacking_default\"><div class=\"vc_col-sm-12 wpb_column vc_column_container\"><div class=\"vc_column-inner\"><div class=\"wpb_wrapper\"><div class=\"wpb_text_column us_custom_eb849559\"><div class=\"wpb_wrapper\"><h1><strong>Zach\u0119camy Pa\u0144stwa do rejestracji na konferencj\u0119 &#8222;Presbiopia 2022&#8221; poprzez poni\u017cszy formularz<\/strong><\/h1>\n<\/div><\/div><\/div><\/div><\/div><\/div><\/div><\/section><section class=\"l-section wpb_row height_medium\"><div class=\"l-section-h i-cf\"><div class=\"g-cols vc_row via_flex valign_top type_default stacking_default\"><div class=\"vc_col-sm-12 wpb_column vc_column_container\"><div class=\"vc_column-inner\"><div class=\"wpb_wrapper\"><div class=\"w-btn-wrapper align_center\"><a class=\"w-btn us-btn-style_1\" href=\"https:\/\/meeting15.com\/pl\/join-event\/okulistyka-21-presbiopia-2022\/4922\"><span class=\"w-btn-label\">ZAREJESTRUJ SI\u0118<\/span><\/a><\/div><\/div><\/div><\/div><\/div><\/div><\/section>\n","protected":false},"excerpt":{"rendered":"Zach\u0119camy Pa\u0144stwa do rejestracji na konferencj\u0119 &#8222;Presbiopia 2022&#8221; poprzez poni\u017cszy formularz ZAREJESTRUJ SI\u0118","protected":false},"author":1,"featured_media":0,"parent":0,"menu_order":5,"comment_status":"closed","ping_status":"closed","template":"","meta":[],"acf":[],"_links":{"self":[{"href":"https:\/\/prezbiopia.pl\/konferencja\/wp-json\/wp\/v2\/pages\/629"}],"collection":[{"href":"https:\/\/prezbiopia.pl\/konferencja\/wp-json\/wp\/v2\/pages"}],"about":[{"href":"https:\/\/prezbiopia.pl\/konferencja\/wp-json\/wp\/v2\/types\/page"}],"author":[{"embeddable":true,"href":"https:\/\/prezbiopia.pl\/konferencja\/wp-json\/wp\/v2\/users\/1"}],"replies":[{"embeddable":true,"href":"https:\/\/prezbiopia.pl\/konferencja\/wp-json\/wp\/v2\/comments?post=629"}],"version-history":[{"count":9,"href":"https:\/\/prezbiopia.pl\/konferencja\/wp-json\/wp\/v2\/pages\/629\/revisions"}],"predecessor-version":[{"id":797,"href":"https:\/\/prezbiopia.pl\/konferencja\/wp-json\/wp\/v2\/pages\/629\/revisions\/797"}],"wp:attachment":[{"href":"https:\/\/prezbiopia.pl\/konferencja\/wp-json\/wp\/v2\/media?parent=629"}],"curies":[{"name":"wp","href":"https:\/\/api.w.org\/{rel}","templated":true}]}}