{"id":749,"date":"2023-08-17T14:13:12","date_gmt":"2023-08-17T12:13:12","guid":{"rendered":"https:\/\/prezbiopia.pl\/konferencja\/?page_id=749"},"modified":"2025-11-20T08:55:10","modified_gmt":"2025-11-20T07:55:10","slug":"strona-glowna","status":"publish","type":"page","link":"https:\/\/prezbiopia.pl\/konferencja\/","title":{"rendered":"Strona g\u0142\u00f3wna"},"content":{"rendered":"<section class=\"l-section wpb_row height_auto width_full\"><div class=\"l-section-h i-cf\"><div class=\"g-cols vc_row via_flex valign_top type_default stacking_default\"><div class=\"vc_col-sm-12 wpb_column vc_column_container\"><div class=\"vc_column-inner\"><div class=\"wpb_wrapper\"><div class=\"w-image us_custom_55df17ee align_center\"><div class=\"w-image-h\"><img width=\"1600\" height=\"900\" src=\"https:\/\/prezbiopia.pl\/konferencja\/wp-content\/uploads\/2025\/06\/prezbiopia-25-baner-pl-1.jpg\" class=\"attachment-full size-full\" alt=\"\" decoding=\"async\" loading=\"lazy\" srcset=\"https:\/\/prezbiopia.pl\/konferencja\/wp-content\/uploads\/2025\/06\/prezbiopia-25-baner-pl-1.jpg 1600w, https:\/\/prezbiopia.pl\/konferencja\/wp-content\/uploads\/2025\/06\/prezbiopia-25-baner-pl-1-300x169.jpg 300w, https:\/\/prezbiopia.pl\/konferencja\/wp-content\/uploads\/2025\/06\/prezbiopia-25-baner-pl-1-1024x576.jpg 1024w, https:\/\/prezbiopia.pl\/konferencja\/wp-content\/uploads\/2025\/06\/prezbiopia-25-baner-pl-1-800x450.jpg 800w, https:\/\/prezbiopia.pl\/konferencja\/wp-content\/uploads\/2025\/06\/prezbiopia-25-baner-pl-1-600x338.jpg 600w\" sizes=\"(max-width: 1600px) 100vw, 1600px\" \/><\/div><\/div><\/div><\/div><\/div><\/div><\/div><\/section><section class=\"l-section wpb_row us_custom_242268fa height_medium\" id=\"program\"><div class=\"l-section-overlay\" style=\"background:#f0f0f6\"><\/div><div class=\"l-section-h i-cf\"><div class=\"g-cols vc_row via_flex valign_top type_default stacking_default\"><div class=\"vc_col-sm-12 wpb_column vc_column_container\"><div class=\"vc_column-inner\"><div class=\"wpb_wrapper\"><h2 class=\"w-text us_custom_03b3ee3e\"><span class=\"w-text-h\"><span class=\"w-text-value\">Program konferencji &#8222;PRESBIOPIA 2025&#8221;<\/span><\/span><\/h2><h3 class=\"w-text us_custom_d7709b92\"><span class=\"w-text-h\"><span class=\"w-text-value\">21 LISTOPADA<\/span><\/span><\/h3><div class=\"w-html scroll-box\"><svg xmlns=\"http:\/\/www.w3.org\/2000\/svg\" viewBox=\"0 0 448 512\"><!--!Font Awesome Free 6.6.0 by @fontawesome - https:\/\/fontawesome.com License - https:\/\/fontawesome.com\/license\/free Copyright 2024 Fonticons, Inc.--><path d=\"M9.4 233.4c-12.5 12.5-12.5 32.8 0 45.3l160 160c12.5 12.5 32.8 12.5 45.3 0s12.5-32.8 0-45.3L109.2 288 416 288c17.7 0 32-14.3 32-32s-14.3-32-32-32l-306.7 0L214.6 118.6c12.5-12.5 12.5-32.8 0-45.3s-32.8-12.5-45.3 0l-160 160z\"\/><\/svg><span>Przewi\u0144 tabel\u0119<\/span><svg xmlns=\"http:\/\/www.w3.org\/2000\/svg\" viewBox=\"0 0 448 512\"><!--!Font Awesome Free 6.6.0 by @fontawesome - https:\/\/fontawesome.com License - https:\/\/fontawesome.com\/license\/free Copyright 2024 Fonticons, Inc.--><path d=\"M438.6 278.6c12.5-12.5 12.5-32.8 0-45.3l-160-160c-12.5-12.5-32.8-12.5-45.3 0s-12.5 32.8 0 45.3L338.8 224 32 224c-17.7 0-32 14.3-32 32s14.3 32 32 32l306.7 0L233.4 393.4c-12.5 12.5-12.5 32.8 0 45.3s32.8 12.5 45.3 0l160-160z\"\/><\/svg><\/div><div class=\"w-html table-box\"><table id=\"custom-table-2025\" class=\"konf-table-program\">\n  <thead>\n    <tr class=\"row-1 odd\">\n      <th class=\"column-1\"><strong><\/strong><\/th>\n      <th colspan=\"3\" class=\"column-2\"><strong>Prezbiopia 2025<\/strong><\/th>\n    <\/tr>\n  <\/thead>\n  <tbody class=\"row-hover\">\n    <tr class=\"row-2 even\">\n      <td class=\"column-1\" ><strong>Lp.<\/strong><\/td>\n      <td class=\"column-2\"><strong>Czas (CET)<\/strong><\/td>\n      <td class=\"column-3\"><strong>Tytu\u0142<\/strong><\/td>\n      <td class=\"column-4\"><strong>Prelegent<\/strong><\/td>\n    <\/tr>\n    <tr class=\"row-3 odd\">\n      <td class=\"column-1\"><strong>1<\/strong><\/td>\n      <td class=\"column-2\">12:30 \u2013 12:35<\/td>\n      <td class=\"column-3\">Otwarcie konferencji<\/td>\n      <td class=\"column-4\">\n        Prof. Andrzej Grzybowski (Fundacja Okulistyka 21, Polska)\n      <\/td>\n    <\/tr>\n    <tr class=\"row-4 even\">\n      <td class=\"column-1\"><strong><\/strong><\/td>\n      <td colspan=\"3\" class=\"column-2\" style=\"text-align: center;\">\n        <strong> Wyk\u0142ad otwieraj\u0105cy im. Wincentego Fuka\u0142y<\/strong>\n      <\/td>\n    <\/tr>\n    <tr class=\"row-5 odd\">\n      <td class=\"column-1\"><strong>2<\/strong><\/td>\n      <td class=\"column-2\">12:35 \u2013 12:50<\/td>\n      <td class=\"column-3\">\n        Refrakcyjna chirurgia: zrozumienie opcji, unikanie b\u0142\u0119d\u00f3w\n      <\/td>\n      <td class=\"column-4\">\n        Prof. Rafael I. Barraquer (Centre of Ophthalmology Barraquer, Hiszpania) \n      <\/td>\n    <\/tr>\n    <tr class=\"row-7 odd\">\n      <td class=\"column-1\"><strong><\/strong><\/td>\n      <td colspan=\"4\" class=\"column-2\" style=\"text-align: center;\">\n        <strong\n          >SESJA I \u2013 Europejskiej Akademii Okulistycznej (European Academy of\n          Ophthalmology)<\/strong><br \/>\n          <span>Moderator: Prof. Andrzej Grzybowski (Poland), Dr. Maria Muzyka-Wo\u017aniak, Prof. Bart\u0142omiej Ka\u0142u\u017cny<\/span>\n      <\/td>\n    <\/tr>\n    <tr class=\"row-8 even\">\n      <td class=\"column-1\"><strong>3<\/strong><\/td>\n      <td class=\"column-2\">12:50 \u2013 13:02<\/td>\n      <td class=\"column-3\">Operacja za\u0107my z now\u0105 soczewk\u0105 akomodacyjn\u0105<\/td>\n      <td class=\"column-4\">\n        Prof. Jorge Ali\u00f3 (Universidad Miguel Hern\u00e1ndez de Elche, Alicante, Hiszpania) \n      <\/td>\n    <\/tr>\n    <tr class=\"row-9 odd\">\n      <td class=\"column-1\"><strong>4<\/strong><\/td>\n      <td class=\"column-2\">13:02 \u2013 13:20<\/td>\n      <td class=\"column-3\">\n        Jak post\u0119powa\u0107 w przypadku wsp\u00f3\u0142istniej\u0105cej jaskry i za\u0107my?\n      <\/td>\n      <td class=\"column-4\">\n        Prof. Norbert Pfeiffer (Eye Clinic and Polyclinic University Medical Center Mainz, Niemcy)\n      <\/td>\n    <\/tr>\n    <tr class=\"row-10 even\">\n      <td class=\"column-1\"><strong>5<\/strong><\/td>\n      <td class=\"column-2\">13:20 \u2013 13:31<\/td>\n      <td class=\"column-3\">\n        Restoring Dynamic Range of Focus and Binocular Vision: Clinical and Quality of Life Outcomes with Laser Scleral Microporation (LSM) Therapy\n      <\/td>\n      <td class=\"column-4\">\n        Dr Hipsley (Ace Vision Group, Inc., USA) \n      <\/td>\n    <\/tr>\n    <tr class=\"row-11 odd\">\n      <td class=\"column-1\"><strong>6<\/strong><\/td>\n      <td class=\"column-2\">13:31 \u2013 13:41<\/td>\n      <td colspan=\"2\" class=\"column-3\">Dyskusja<\/td>\n    <\/tr>\n    <tr class=\"row-11 odd\">\n      <td class=\"column-1\"><strong><\/strong><\/td>\n      <td class=\"column-2\">13:41 \u2013 13:45<\/td>\n      <td colspan=\"2\" class=\"column-3\">Przerwa<\/td>\n    <\/tr>\n    <tr class=\"row-12 even\">\n      <td class=\"column-1\"><strong><\/strong><\/td>\n      <td colspan=\"4\" class=\"column-2\" style=\"text-align: center;\"><strong>SESJA II \u2013 Praktyczne innowacje<\/strong><br><span>Moderator: Prof. Andrzej Grzybowski (Poland), Dr. Agnieszka Kudasiewicz-Kardaszewska, (Poland), Dr. Pawe\u0142 Klonowski (Poland)<\/span><\/td>\n    <\/tr>\n    <tr class=\"row-13 odd\">\n      <td class=\"column-1\"><strong>7<\/strong><\/td>\n      <td class=\"column-2\">13:45 \u2013 13:58<\/td>\n      <td class=\"column-3\">\n        Pom\u00f3\u017c pacjentom cieszy\u0107 si\u0119 naturalnym widzeniem z soczewk\u0105 LuxLife \u2122 od\n        Bausch + Lomb\n      <\/td>\n      <td class=\"column-4\">\n        Zuzanna Pl\u0105ska (Bausch & Lomb Poland, Polska)\n      <\/td>\n    <\/tr>\n    <tr class=\"row-14 even\">\n      <td class=\"column-1\"><strong>8<\/strong><\/td>\n      <td class=\"column-2\">13:58 \u2013 14:15<\/td>\n      <td class=\"column-3\">Modern Progressive Lenses \u2013 Meeting the Growing Needs of Presbyopes<\/td>\n      <td class=\"column-4\">Meena Puar (Global Medical Advisor \u2013 EssilorLuxottica)<\/td>\n    <\/tr>\n    <tr class=\"row-15 odd\">\n      <td class=\"column-1\"><strong>9<\/strong><\/td>\n      <td class=\"column-2\">14:15 \u2013 14:27<\/td>\n      <td class=\"column-3\">\n        Najcz\u0119stsze problemy i b\u0142\u0119dy przy doborze soczewek z segmentu premium -\n        porady i pu\u0142apki\n      <\/td>\n      <td class=\"column-4\">\n        Dr Agnieszka Kudasiewicz-Kardaszewska (Grupa Medyczna OCHO, Polska)\n      <\/td>\n    <\/tr>\n    <tr class=\"row-16 even\">\n      <td class=\"column-1\"><strong>10<\/strong><\/td>\n      <td class=\"column-2\">14:27 \u2013 14:37<\/td>\n      <td class=\"column-3\">\n        What might my patients ask about presbyopia correction? Modern eyewear\n        solutions worth knowing\n      <\/td>\n      <td class=\"column-4\">Micha\u0142 Szajna (SZAJNA Laboratorium Optyczne, Polska)<\/td>\n    <\/tr>\n    <tr class=\"row-17 odd\">\n      <td class=\"column-1\"><strong>11<\/strong><\/td>\n      <td class=\"column-2\">14:37 \u2013 14:47<\/td>\n      <td colspan=\"2\" class=\"column-3\">Dyskusja<\/td>\n    <\/tr>\n    <tr class=\"row-18 even\">\n      <td class=\"column-1\"><strong>12<\/strong><\/td>\n      <td class=\"column-2\">14:47 \u2013 14:52<\/td>\n      <td colspan=\"2\" class=\"column-3\">Zako\u0144czenie konferencji<\/td>\n    <\/tr>\n  <\/tbody>\n<\/table><\/div><\/div><\/div><\/div><\/div><\/div><\/section><section class=\"l-section wpb_row height_small\"><div class=\"l-section-overlay\" style=\"background:#f0f0f6\"><\/div><div class=\"l-section-h i-cf\"><div class=\"g-cols vc_row via_flex valign_top type_default stacking_default\"><div class=\"vc_col-sm-12 wpb_column vc_column_container\"><div class=\"vc_column-inner\"><div class=\"wpb_wrapper\"><div class=\"wpb_text_column\"><div class=\"wpb_wrapper\"><p data-prosemirror-content-type=\"node\" data-prosemirror-node-name=\"paragraph\" data-prosemirror-node-block=\"true\" data-pm-slice=\"1 1 &#091;&quot;orderedList&quot;,{&quot;order&quot;:1,&quot;localId&quot;:null},&quot;listItem&quot;,{&quot;localId&quot;:null}&#093;\">Bior\u0105c udzia\u0142 w konferencji, uczestnicy maj\u0105 mo\u017cliwo\u015b\u0107 uzyskania <strong data-prosemirror-content-type=\"mark\" data-prosemirror-mark-name=\"strong\">5 punkt\u00f3w edukacyjnych<\/strong>, przyznawanych przez organizator\u00f3w wydarzenia.<\/p>\n<\/div><\/div><\/div><\/div><\/div><\/div><\/div><\/section>\n","protected":false},"excerpt":{"rendered":"Program konferencji &#8222;PRESBIOPIA 2025&#8221;21 LISTOPADAPrzewi\u0144 tabel\u0119 Prezbiopia 2025 Lp. Czas (CET) Tytu\u0142 Prelegent 1 12:30 \u2013 12:35 Otwarcie konferencji Prof. Andrzej Grzybowski (Fundacja Okulistyka 21, Polska) Wyk\u0142ad otwieraj\u0105cy im. Wincentego Fuka\u0142y 2 12:35 \u2013 12:50 Refrakcyjna chirurgia: zrozumienie opcji, unikanie b\u0142\u0119d\u00f3w Prof. Rafael I. Barraquer (Centre of Ophthalmology Barraquer, Hiszpania) SESJA I \u2013 Europejskiej Akademii...","protected":false},"author":1,"featured_media":0,"parent":0,"menu_order":10,"comment_status":"closed","ping_status":"closed","template":"","meta":[],"acf":[],"_links":{"self":[{"href":"https:\/\/prezbiopia.pl\/konferencja\/wp-json\/wp\/v2\/pages\/749"}],"collection":[{"href":"https:\/\/prezbiopia.pl\/konferencja\/wp-json\/wp\/v2\/pages"}],"about":[{"href":"https:\/\/prezbiopia.pl\/konferencja\/wp-json\/wp\/v2\/types\/page"}],"author":[{"embeddable":true,"href":"https:\/\/prezbiopia.pl\/konferencja\/wp-json\/wp\/v2\/users\/1"}],"replies":[{"embeddable":true,"href":"https:\/\/prezbiopia.pl\/konferencja\/wp-json\/wp\/v2\/comments?post=749"}],"version-history":[{"count":84,"href":"https:\/\/prezbiopia.pl\/konferencja\/wp-json\/wp\/v2\/pages\/749\/revisions"}],"predecessor-version":[{"id":1473,"href":"https:\/\/prezbiopia.pl\/konferencja\/wp-json\/wp\/v2\/pages\/749\/revisions\/1473"}],"wp:attachment":[{"href":"https:\/\/prezbiopia.pl\/konferencja\/wp-json\/wp\/v2\/media?parent=749"}],"curies":[{"name":"wp","href":"https:\/\/api.w.org\/{rel}","templated":true}]}}