{"id":750,"date":"2023-08-17T14:13:12","date_gmt":"2023-08-17T12:13:12","guid":{"rendered":"https:\/\/prezbiopia.pl\/konferencja23\/?page_id=750"},"modified":"2024-01-31T14:06:03","modified_gmt":"2024-01-31T13:06:03","slug":"__trashed","status":"publish","type":"page","link":"https:\/\/prezbiopia.pl\/konferencja23\/en\/","title":{"rendered":"Strona g\u0142\u00f3wna"},"content":{"rendered":"<section class=\"l-section wpb_row height_auto width_full\"><div class=\"l-section-overlay\" style=\"background:#d3b5a7\"><\/div><div class=\"l-section-h i-cf\"><div class=\"g-cols vc_row via_flex valign_top type_default stacking_default\"><div class=\"vc_col-sm-12 wpb_column vc_column_container\"><div class=\"vc_column-inner\"><div class=\"wpb_wrapper\"><div class=\"w-image align_center\"><div class=\"w-image-h\"><img loading=\"lazy\" decoding=\"async\" width=\"2000\" height=\"843\" src=\"https:\/\/prezbiopia.pl\/konferencja23\/wp-content\/uploads\/2023\/10\/Presbyopia-2023_3.png\" class=\"attachment-full size-full\" alt=\"\" srcset=\"https:\/\/prezbiopia.pl\/konferencja23\/wp-content\/uploads\/2023\/10\/Presbyopia-2023_3.png 2000w, https:\/\/prezbiopia.pl\/konferencja23\/wp-content\/uploads\/2023\/10\/Presbyopia-2023_3-300x126.png 300w, https:\/\/prezbiopia.pl\/konferencja23\/wp-content\/uploads\/2023\/10\/Presbyopia-2023_3-1024x432.png 1024w\" sizes=\"(max-width: 2000px) 100vw, 2000px\" \/><\/div><\/div><\/div><\/div><\/div><\/div><\/div><\/section><section class=\"l-section wpb_row height_medium\"><div class=\"l-section-h i-cf\"><div class=\"g-cols vc_row via_flex valign_top type_default stacking_default\"><div class=\"vc_col-sm-12 wpb_column vc_column_container\"><div class=\"vc_column-inner\"><div class=\"wpb_wrapper\"><h2 class=\"w-text us_custom_248c551e\"><span class=\"w-text-h\"><span class=\"w-text-value\">Watch the video<\/span><\/span><\/h2><div class=\"w-video align_center ratio_16x9\" onclick=\"return {&quot;player_html&quot;:&quot;&lt;iframe title=\\&quot;Presbiopia 2023  \\\/ Presbyopia 2023 online conference\\&quot; width=\\&quot;640\\&quot; height=\\&quot;360\\&quot; src=\\&quot;https:\\\/\\\/www.youtube.com\\\/embed\\\/A3aDGWZi07E?start=1&amp;feature=oembed\\&quot; frameborder=\\&quot;0\\&quot; allow=\\&quot;accelerometer; autoplay; clipboard-write; encrypted-media; gyroscope; picture-in-picture; web-share\\&quot; allowfullscreen&gt;&lt;\\\/iframe&gt;&quot;}\"><div class=\"w-video-h\"><iframe title=\"Youtube video player\" src=\"\/\/www.youtube.com\/embed\/A3aDGWZi07E?origin=https:\/\/prezbiopia.pl\/konferencja23&controls=1\" allowfullscreen=\"1\" loading=\"lazy\"><\/iframe><\/div><div class=\"w-video-icon\" style=\"font-size:1.5rem;background:rgba(0,0,0,0.5);color:#fff\"><\/div><\/div><\/div><\/div><\/div><\/div><\/div><\/section><section class=\"l-section wpb_row us_custom_242268fa height_medium\" id=\"program\"><div class=\"l-section-overlay\" style=\"background:#f0f0f6\"><\/div><div class=\"l-section-h i-cf\"><div class=\"g-cols vc_row via_flex valign_top type_default stacking_default\"><div class=\"vc_col-sm-12 wpb_column vc_column_container\"><div class=\"vc_column-inner\"><div class=\"wpb_wrapper\"><h2 class=\"w-text us_custom_03b3ee3e\"><span class=\"w-text-h\"><span class=\"w-text-value\">Programme<\/span><\/span><\/h2><h3 class=\"w-text us_custom_aa271a07\"><span class=\"w-text-h\"><span class=\"w-text-value\">PRESBYOPIA 2023<\/span><\/span><\/h3><div class=\"w-separator us_custom_93f78f00 size_custom with_line width_default thick_5 style_solid color_secondary align_center\" style=\"height:5px\"><div class=\"w-separator-h\"><\/div><\/div><div class=\"w-separator size_custom\" style=\"height:6rem\" id=\"n745\"><style>@media(max-width:1024px){ #n745{height:5rem!important}}@media(max-width:600px){ #n745{height:4rem!important}}<\/style><\/div><div class=\"w-hwrapper align_none valign_top\" style=\"--hwrapper-gap:0\"><div class=\"w-vwrapper align_none valign_top\"><div class=\"wpb_text_column\"><div class=\"wpb_wrapper\"><p>01:30 \u2013 01:35 PM CET<\/p>\n<\/div><\/div><\/div><div class=\"w-vwrapper align_none valign_top\"><div class=\"wpb_text_column\"><div class=\"wpb_wrapper\"><p><strong>OPEN<\/strong><br \/>\n<strong>Prof. Andrzej Grzybowski<\/strong><\/p>\n<\/div><\/div><\/div><\/div><div class=\"w-hwrapper align_none valign_top\" style=\"--hwrapper-gap:0\"><div class=\"w-vwrapper align_none valign_top\"><div class=\"wpb_text_column\"><div class=\"wpb_wrapper\"><p>01:35 \u2013 01:50 PM CET<\/p>\n<\/div><\/div><\/div><div class=\"w-vwrapper align_none valign_top\"><div class=\"wpb_text_column\"><div class=\"wpb_wrapper\"><p><strong><span class=\"OYPEnA text-decoration-none text-strikethrough-none\">OPENING LECTURE &#8211;<\/span> <span class=\"OYPEnA text-decoration-none text-strikethrough-none\">Wincenty Fukala Lecture<\/span> <\/strong><\/p>\n<\/div><\/div><div class=\"wpb_text_column\"><div class=\"wpb_wrapper\"><p><em>Current understanding of accommodation and its different treatment modalities<\/em><\/p>\n<\/div><\/div><div class=\"wpb_text_column\"><div class=\"wpb_wrapper\"><p><strong>Prof. George Beiko (Canada)<\/strong><\/p>\n<\/div><\/div><\/div><\/div><div class=\"w-hwrapper align_none valign_top\" style=\"--hwrapper-gap:0\"><div class=\"w-vwrapper align_none valign_top\"><div class=\"wpb_text_column\"><div class=\"wpb_wrapper\"><p>01:50 \u2013 02:00 PM CET<\/p>\n<\/div><\/div><\/div><div class=\"w-vwrapper align_none valign_top\"><div class=\"wpb_text_column\"><div class=\"wpb_wrapper\"><p><b>Discussion<\/b><\/p>\n<\/div><\/div><\/div><\/div><div class=\"w-separator us_custom_dd184a0a size_medium with_line width_default thick_5 style_solid color_secondary align_center\"><div class=\"w-separator-h\"><\/div><\/div><div class=\"w-hwrapper align_none valign_top\" style=\"--hwrapper-gap:0\"><div class=\"w-vwrapper align_none valign_top\"><div class=\"wpb_text_column\"><div class=\"wpb_wrapper\"><\/div><\/div><\/div><div class=\"w-vwrapper align_none valign_top\"><div class=\"wpb_text_column\"><div class=\"wpb_wrapper\"><p><strong><span class=\"OYPEnA text-decoration-none text-strikethrough-none\">SESSION I &#8211;<\/span> <span class=\"OYPEnA text-decoration-none text-strikethrough-none\">RECENT DEVELOPMENTS IN PRESBYOPIA<\/span><\/strong><\/p>\n<\/div><\/div><div class=\"wpb_text_column\"><div class=\"wpb_wrapper\"><p><strong>Moderator: Prof. Andrzej Grzybowski (Poland)<\/strong><\/p>\n<\/div><\/div><\/div><\/div><div class=\"w-hwrapper align_none valign_top\" style=\"--hwrapper-gap:0\"><div class=\"w-vwrapper align_none valign_top\"><div class=\"wpb_text_column\"><div class=\"wpb_wrapper\"><p>02:02 \u2013 02:17 PM CET<\/p>\n<\/div><\/div><\/div><div class=\"w-vwrapper align_none valign_top\"><div class=\"wpb_text_column\"><div class=\"wpb_wrapper\"><p><em>Treatment of neuroadaptation failure following multifocal IOL implantation<\/em><\/p>\n<\/div><\/div><div class=\"wpb_text_column\"><div class=\"wpb_wrapper\"><p><strong>Prof. Jorge Alio (Spain)<\/strong><\/p>\n<\/div><\/div><\/div><\/div><div class=\"w-hwrapper align_none valign_top\" style=\"--hwrapper-gap:0\"><div class=\"w-vwrapper align_none valign_top\"><div class=\"wpb_text_column\"><div class=\"wpb_wrapper\"><p>02:17 \u2013 02:32 PM CET<\/p>\n<\/div><\/div><\/div><div class=\"w-vwrapper align_none valign_top\"><div class=\"wpb_text_column\"><div class=\"wpb_wrapper\"><p><em>Factors leading to pseudoaccommodation: ESCRS MEROV study<\/em><\/p>\n<\/div><\/div><div class=\"wpb_text_column\"><div class=\"wpb_wrapper\"><p><strong>Prof. Mayank A. Nanavaty (UK)<\/strong><\/p>\n<\/div><\/div><\/div><\/div><div class=\"w-hwrapper align_none valign_top\" style=\"--hwrapper-gap:0\"><div class=\"w-vwrapper align_none valign_top\"><div class=\"wpb_text_column\"><div class=\"wpb_wrapper\"><p>02:32 \u2013 02:47 PM CET<\/p>\n<\/div><\/div><\/div><div class=\"w-vwrapper align_none valign_top\"><div class=\"wpb_text_column\"><div class=\"wpb_wrapper\"><p><em>ESCRS IOL Calculator: Multi New-Generation Formulas for IOL power calculation<\/em><\/p>\n<\/div><\/div><div class=\"wpb_text_column\"><div class=\"wpb_wrapper\"><p><strong>Prof. Filomena Ribeiro (Portugal)<\/strong><\/p>\n<\/div><\/div><\/div><\/div><div class=\"w-hwrapper align_none valign_top\" style=\"--hwrapper-gap:0\"><div class=\"w-vwrapper align_none valign_top\"><div class=\"wpb_text_column\"><div class=\"wpb_wrapper\"><p>02:47 \u2013 03:02 PM CET<\/p>\n<\/div><\/div><\/div><div class=\"w-vwrapper align_none valign_top\"><div class=\"wpb_text_column\"><div class=\"wpb_wrapper\"><p><em>Presbyopia Correction with Contact Lenses<\/em><\/p>\n<\/div><\/div><div class=\"wpb_text_column\"><div class=\"wpb_wrapper\"><p><strong>Dr Banu Arslan (Turkey)<\/strong><\/p>\n<\/div><\/div><div class=\"wpb_text_column\"><div class=\"wpb_wrapper\"><h5>Satellite session sponsored by Johnson&amp;Johnson<\/h5>\n<\/div><\/div><\/div><\/div><div class=\"w-hwrapper align_none valign_top\" style=\"--hwrapper-gap:0\"><div class=\"w-vwrapper align_none valign_top\"><div class=\"wpb_text_column\"><div class=\"wpb_wrapper\"><p>03:02 \u2013 03:17 PM CET<\/p>\n<\/div><\/div><\/div><div class=\"w-vwrapper align_none valign_top\"><div class=\"wpb_text_column\"><div class=\"wpb_wrapper\"><p><em>Presbyopic phakic IOL \u2013 5 years data<\/em><\/p>\n<\/div><\/div><div class=\"wpb_text_column\"><div class=\"wpb_wrapper\"><p><strong>Dr Pavel Stod\u016flka (Czech Republic)<\/strong><\/p>\n<\/div><\/div><\/div><\/div><div class=\"w-hwrapper align_none valign_top\" style=\"--hwrapper-gap:0\"><div class=\"w-vwrapper align_none valign_top\"><div class=\"wpb_text_column\"><div class=\"wpb_wrapper\"><p>03:17 \u2013 03:27 PM CET<\/p>\n<\/div><\/div><\/div><div class=\"w-vwrapper align_none valign_top\"><div class=\"wpb_text_column\"><div class=\"wpb_wrapper\"><p><strong>Discussion<\/strong><\/p>\n<\/div><\/div><div class=\"wpb_text_column\"><div class=\"wpb_wrapper\"><\/div><\/div><\/div><\/div><div class=\"w-separator us_custom_dd184a0a size_medium with_line width_default thick_5 style_solid color_secondary align_center\"><div class=\"w-separator-h\"><\/div><\/div><div class=\"w-hwrapper align_none valign_top\" style=\"--hwrapper-gap:0\"><div class=\"w-vwrapper align_none valign_top\"><div class=\"wpb_text_column\"><div class=\"wpb_wrapper\"><\/div><\/div><\/div><div class=\"w-vwrapper align_none valign_top\"><div class=\"wpb_text_column\"><div class=\"wpb_wrapper\"><p><strong><span class=\"OYPEnA text-decoration-none text-strikethrough-none\">SESSION II &#8211;<\/span> <span class=\"OYPEnA text-decoration-none text-strikethrough-none\">CASE REPORTS IN PRESBYOPIA<\/span><\/strong><\/p>\n<\/div><\/div><div class=\"wpb_text_column\"><div class=\"wpb_wrapper\"><p><strong>Moderators: Prof. Andrzej Grzybowski (Poland), Prof. Mayank A. Nanavaty (UK)<\/strong><\/p>\n<\/div><\/div><\/div><\/div><div class=\"w-hwrapper align_none valign_top\" style=\"--hwrapper-gap:0\"><div class=\"w-vwrapper align_none valign_top\"><div class=\"wpb_text_column\"><div class=\"wpb_wrapper\"><p>03:28 &#8211; 03:35 PM CET<\/p>\n<\/div><\/div><\/div><div class=\"w-vwrapper align_none valign_top\"><div class=\"wpb_text_column\"><div class=\"wpb_wrapper\"><p><em>Case Report I<\/em><\/p>\n<\/div><\/div><div class=\"wpb_text_column\"><div class=\"wpb_wrapper\"><p><strong>Prof. Koray G\u00fcm\u00fc\u015f (Turkey)<\/strong><\/p>\n<\/div><\/div><div class=\"wpb_text_column\"><div class=\"wpb_wrapper\"><h5>Satellite session sponsored by Johnson&amp;Johnson<\/h5>\n<\/div><\/div><\/div><\/div><div class=\"w-hwrapper align_none valign_top\" style=\"--hwrapper-gap:0\"><div class=\"w-vwrapper align_none valign_top\"><div class=\"wpb_text_column\"><div class=\"wpb_wrapper\"><p>03:35 &#8211; 03:42 PM CET<\/p>\n<\/div><\/div><\/div><div class=\"w-vwrapper align_none valign_top\"><div class=\"wpb_text_column\"><div class=\"wpb_wrapper\"><p><em>Case Report II<\/em><\/p>\n<\/div><\/div><div class=\"wpb_text_column\"><div class=\"wpb_wrapper\"><p><strong>Prof. Hongsheng Bi (China)<\/strong><\/p>\n<\/div><\/div><\/div><\/div><div class=\"w-hwrapper align_none valign_top\" style=\"--hwrapper-gap:0\"><div class=\"w-vwrapper align_none valign_top\"><div class=\"wpb_text_column\"><div class=\"wpb_wrapper\"><p>03:42 &#8211; 03:49 PM CET<\/p>\n<\/div><\/div><\/div><div class=\"w-vwrapper align_none valign_top\"><div class=\"wpb_text_column\"><div class=\"wpb_wrapper\"><p><em>Case Report III<\/em><\/p>\n<\/div><\/div><div class=\"wpb_text_column\"><div class=\"wpb_wrapper\"><p><strong>Jiaqi Meng, MD (China)<\/strong><\/p>\n<\/div><\/div><\/div><\/div><div class=\"w-hwrapper align_none valign_top\" style=\"--hwrapper-gap:0\"><div class=\"w-vwrapper align_none valign_top\"><div class=\"wpb_text_column\"><div class=\"wpb_wrapper\"><p>03:49 &#8211; 03:56 PM CET<\/p>\n<\/div><\/div><\/div><div class=\"w-vwrapper align_none valign_top\"><div class=\"wpb_text_column\"><div class=\"wpb_wrapper\"><p><em>Case Report IV<\/em><\/p>\n<\/div><\/div><div class=\"wpb_text_column\"><div class=\"wpb_wrapper\"><p><strong>Prof. Hongsheng Bi (China)<\/strong><\/p>\n<\/div><\/div><\/div><\/div><div class=\"w-hwrapper align_none valign_top\" style=\"--hwrapper-gap:0\"><div class=\"w-vwrapper align_none valign_top\"><div class=\"wpb_text_column\"><div class=\"wpb_wrapper\"><p>03:56 &#8211; 04:03 PM CET<\/p>\n<\/div><\/div><\/div><div class=\"w-vwrapper align_none valign_top\"><div class=\"wpb_text_column\"><div class=\"wpb_wrapper\"><p><em>Case Report V<\/em><\/p>\n<\/div><\/div><div class=\"wpb_text_column\"><div class=\"wpb_wrapper\"><p><strong>Prof. Hongsheng Bi (China)<\/strong><\/p>\n<\/div><\/div><\/div><\/div><div class=\"w-hwrapper align_none valign_top\" style=\"--hwrapper-gap:0\"><div class=\"w-vwrapper align_none valign_top\"><div class=\"wpb_text_column\"><div class=\"wpb_wrapper\"><p>04:03 &#8211; 04:15 PM CET<\/p>\n<\/div><\/div><\/div><div class=\"w-vwrapper align_none valign_top\"><div class=\"wpb_text_column\"><div class=\"wpb_wrapper\"><p><em>Case Report VI<\/em><\/p>\n<\/div><\/div><div class=\"wpb_text_column\"><div class=\"wpb_wrapper\"><p><strong>Assoc. Prof. Maciej Gaw\u0119cki (Poland)<\/strong><\/p>\n<\/div><\/div><div class=\"wpb_text_column\"><div class=\"wpb_wrapper\"><h5>Lecture sponsored by Bausch &amp; Lomb<\/h5>\n<\/div><\/div><\/div><\/div><div class=\"w-hwrapper align_none valign_top\" style=\"--hwrapper-gap:0\"><div class=\"w-vwrapper align_none valign_top\"><div class=\"wpb_text_column\"><div class=\"wpb_wrapper\"><p>04:15 &#8211; 04:25 PM CET<\/p>\n<\/div><\/div><\/div><div class=\"w-vwrapper align_none valign_top\"><div class=\"wpb_text_column\"><div class=\"wpb_wrapper\"><p><strong>Discussion<\/strong><\/p>\n<\/div><\/div><\/div><\/div><div class=\"w-separator us_custom_dd184a0a size_medium with_line width_default thick_5 style_solid color_secondary align_center\"><div class=\"w-separator-h\"><\/div><\/div><div class=\"w-hwrapper align_none valign_top\" style=\"--hwrapper-gap:0\"><div class=\"w-vwrapper align_none valign_top\"><div class=\"wpb_text_column\"><div class=\"wpb_wrapper\"><p>04:25 &#8211; 04:30 PM CET<\/p>\n<\/div><\/div><\/div><div class=\"w-vwrapper align_none valign_top\"><div class=\"wpb_text_column\"><div class=\"wpb_wrapper\"><p><strong>THE END OF THE CONFERENCE<\/strong><\/p>\n<\/div><\/div><\/div><\/div><\/div><\/div><\/div><\/div><\/div><\/section><section class=\"l-section wpb_row height_medium\"><div class=\"l-section-h i-cf\"><div class=\"g-cols vc_row via_flex valign_top type_default stacking_default\"><div class=\"vc_col-sm-12 wpb_column vc_column_container\"><div class=\"vc_column-inner\"><div class=\"wpb_wrapper\"><div class=\"wpb_text_column\"><div class=\"wpb_wrapper\"><h1><strong>Important dates<\/strong><\/h1>\n<ul>\n<li><strong>Deadline for case reports submission\u2013 15.10.2023<\/strong>\n<ul>\n<li>Use the form below to submit your proposed case report<\/li>\n<\/ul>\n<\/li>\n<li><strong>Case reports selection \u2013 20.10.2023<\/strong>\n<ul>\n<li>Even if your case report is not selected, we will inform you by email.<\/li>\n<\/ul>\n<\/li>\n<li><strong>Final program \u2013 27.10.2023<\/strong><\/li>\n<\/ul>\n<\/div><\/div><\/div><\/div><\/div><\/div><\/div><\/section>\n","protected":false},"excerpt":{"rendered":"Watch the videoProgrammePRESBYOPIA 202301:30 \u2013 01:35 PM CET OPEN Prof. Andrzej Grzybowski 01:35 \u2013 01:50 PM CET OPENING LECTURE &#8211; Wincenty Fukala Lecture Current understanding of accommodation and its different treatment modalities Prof. George Beiko (Canada) 01:50 \u2013 02:00 PM CET Discussion SESSION I &#8211; RECENT DEVELOPMENTS IN PRESBYOPIA Moderator: Prof. Andrzej Grzybowski (Poland) 02:02...","protected":false},"author":1,"featured_media":0,"parent":0,"menu_order":6,"comment_status":"closed","ping_status":"closed","template":"","meta":{"footnotes":""},"acf":[],"_links":{"self":[{"href":"https:\/\/prezbiopia.pl\/konferencja23\/en\/wp-json\/wp\/v2\/pages\/750"}],"collection":[{"href":"https:\/\/prezbiopia.pl\/konferencja23\/en\/wp-json\/wp\/v2\/pages"}],"about":[{"href":"https:\/\/prezbiopia.pl\/konferencja23\/en\/wp-json\/wp\/v2\/types\/page"}],"author":[{"embeddable":true,"href":"https:\/\/prezbiopia.pl\/konferencja23\/en\/wp-json\/wp\/v2\/users\/1"}],"replies":[{"embeddable":true,"href":"https:\/\/prezbiopia.pl\/konferencja23\/en\/wp-json\/wp\/v2\/comments?post=750"}],"version-history":[{"count":41,"href":"https:\/\/prezbiopia.pl\/konferencja23\/en\/wp-json\/wp\/v2\/pages\/750\/revisions"}],"predecessor-version":[{"id":1121,"href":"https:\/\/prezbiopia.pl\/konferencja23\/en\/wp-json\/wp\/v2\/pages\/750\/revisions\/1121"}],"wp:attachment":[{"href":"https:\/\/prezbiopia.pl\/konferencja23\/en\/wp-json\/wp\/v2\/media?parent=750"}],"curies":[{"name":"wp","href":"https:\/\/api.w.org\/{rel}","templated":true}]}}