{"id":749,"date":"2023-08-17T14:13:12","date_gmt":"2023-08-17T12:13:12","guid":{"rendered":"https:\/\/prezbiopia.pl\/konferencja23\/?page_id=749"},"modified":"2024-01-31T14:05:04","modified_gmt":"2024-01-31T13:05:04","slug":"strona-glowna","status":"publish","type":"page","link":"https:\/\/prezbiopia.pl\/konferencja23\/","title":{"rendered":"Strona g\u0142\u00f3wna"},"content":{"rendered":"<section class=\"l-section wpb_row height_auto width_full\"><div class=\"l-section-h i-cf\"><div class=\"g-cols vc_row via_flex valign_top type_default stacking_default\"><div class=\"vc_col-sm-12 wpb_column vc_column_container\"><div class=\"vc_column-inner\"><div class=\"wpb_wrapper\"><div class=\"w-image align_left\"><div class=\"w-image-h\"><img loading=\"lazy\" decoding=\"async\" width=\"2000\" height=\"843\" src=\"https:\/\/prezbiopia.pl\/konferencja23\/wp-content\/uploads\/2023\/10\/Prezbiopia-2023_3.png\" class=\"attachment-full size-full\" alt=\"\" srcset=\"https:\/\/prezbiopia.pl\/konferencja23\/wp-content\/uploads\/2023\/10\/Prezbiopia-2023_3.png 2000w, https:\/\/prezbiopia.pl\/konferencja23\/wp-content\/uploads\/2023\/10\/Prezbiopia-2023_3-300x126.png 300w, https:\/\/prezbiopia.pl\/konferencja23\/wp-content\/uploads\/2023\/10\/Prezbiopia-2023_3-1024x432.png 1024w\" sizes=\"(max-width: 2000px) 100vw, 2000px\" \/><\/div><\/div><div class=\"w-separator size_medium\"><\/div><\/div><\/div><\/div><\/div><\/div><\/section><section class=\"l-section wpb_row height_medium\"><div class=\"l-section-h i-cf\"><div class=\"g-cols vc_row via_flex valign_top type_default stacking_default\"><div class=\"vc_col-sm-12 wpb_column vc_column_container\"><div class=\"vc_column-inner\"><div class=\"wpb_wrapper\"><h2 class=\"w-text us_custom_248c551e\"><span class=\"w-text-h\"><span class=\"w-text-value\">Obejrzyj nagranie<\/span><\/span><\/h2><div class=\"w-video align_center ratio_16x9\" onclick=\"return {&quot;player_html&quot;:&quot;&lt;iframe title=\\&quot;Presbiopia 2023  \\\/ Presbyopia 2023 online conference\\&quot; width=\\&quot;640\\&quot; height=\\&quot;360\\&quot; src=\\&quot;https:\\\/\\\/www.youtube.com\\\/embed\\\/A3aDGWZi07E?start=1&amp;feature=oembed\\&quot; frameborder=\\&quot;0\\&quot; allow=\\&quot;accelerometer; autoplay; clipboard-write; encrypted-media; gyroscope; picture-in-picture; web-share\\&quot; allowfullscreen&gt;&lt;\\\/iframe&gt;&quot;}\"><div class=\"w-video-h\"><iframe title=\"Youtube video player\" src=\"\/\/www.youtube.com\/embed\/A3aDGWZi07E?origin=https:\/\/prezbiopia.pl\/konferencja23&controls=1\" allowfullscreen=\"1\" loading=\"lazy\"><\/iframe><\/div><div class=\"w-video-icon\" style=\"font-size:1.5rem;background:rgba(0,0,0,0.5);color:#fff\"><\/div><\/div><\/div><\/div><\/div><\/div><\/div><\/section><section class=\"l-section wpb_row us_custom_242268fa height_medium\" id=\"program\"><div class=\"l-section-overlay\" style=\"background:#f0f0f6\"><\/div><div class=\"l-section-h i-cf\"><div class=\"g-cols vc_row via_flex valign_top type_default stacking_default\"><div class=\"vc_col-sm-12 wpb_column vc_column_container\"><div class=\"vc_column-inner\"><div class=\"wpb_wrapper\"><h2 class=\"w-text us_custom_03b3ee3e\"><span class=\"w-text-h\"><span class=\"w-text-value\">Program konferencji &#8222;PRESBIOPIA 2023&#8221;<\/span><\/span><\/h2><h3 class=\"w-text us_custom_aa271a07\"><span class=\"w-text-h\"><span class=\"w-text-value\">10 LISTOPADA<\/span><\/span><\/h3><div class=\"w-separator us_custom_dd184a0a size_custom with_line width_default thick_5 style_solid color_secondary align_center\" style=\"height:5px\"><div class=\"w-separator-h\"><\/div><\/div><div class=\"w-separator size_custom\" style=\"height:6rem\" id=\"a949\"><style>@media(max-width:1024px){ #a949{height:5rem!important}}@media(max-width:600px){ #a949{height:4rem!important}}<\/style><\/div><div class=\"w-hwrapper align_none valign_top\" style=\"--hwrapper-gap:0\"><div class=\"w-vwrapper align_none valign_top\"><div class=\"wpb_text_column\"><div class=\"wpb_wrapper\"><p><strong>13:30 &#8211; 13:35<\/strong><\/p>\n<\/div><\/div><\/div><div class=\"w-vwrapper align_none valign_top\"><div class=\"wpb_text_column\"><div class=\"wpb_wrapper\"><p><strong>OTWARCIE KONFERENCJI<\/strong><\/p>\n<p><strong>Prof. Andrzej Grzybowski<\/strong><\/p>\n<\/div><\/div><\/div><\/div><div class=\"w-hwrapper align_none valign_top\" style=\"--hwrapper-gap:0\"><div class=\"w-vwrapper align_none valign_top\"><div class=\"wpb_text_column\"><div class=\"wpb_wrapper\"><p><strong>13:35 &#8211; 13:50<\/strong><\/p>\n<\/div><\/div><\/div><div class=\"w-vwrapper align_none valign_top\"><div class=\"wpb_text_column\"><div class=\"wpb_wrapper\"><p><strong>WYK\u0141AD IM. WINCENTEGO FUKA\u0141Y<\/strong><\/p>\n<\/div><\/div><div class=\"wpb_text_column\"><div class=\"wpb_wrapper\"><p><em>Current understanding of accommodation and its different treatment modalities<\/em><\/p>\n<\/div><\/div><div class=\"wpb_text_column\"><div class=\"wpb_wrapper\"><p><strong>Prof. George Beiko (Kanada)<\/strong><\/p>\n<\/div><\/div><\/div><\/div><div class=\"w-hwrapper align_none valign_top\" style=\"--hwrapper-gap:0\"><div class=\"w-vwrapper align_none valign_top\"><div class=\"wpb_text_column\"><div class=\"wpb_wrapper\"><p><strong>13:50 &#8211; 14:00<\/strong><\/p>\n<\/div><\/div><\/div><div class=\"w-vwrapper align_none valign_top\"><div class=\"wpb_text_column\"><div class=\"wpb_wrapper\"><p><strong>Dyskusja<\/strong><\/p>\n<\/div><\/div><\/div><\/div><div class=\"w-separator us_custom_395574ee size_medium with_line width_default thick_5 style_solid color_secondary align_center\" id=\"q8c5\"><style>@media(max-width:1024px){ #q8c5{height:5rem!important}}@media(max-width:600px){ #q8c5{height:4rem!important}}<\/style><div class=\"w-separator-h\"><\/div><\/div><div class=\"w-hwrapper align_none valign_top\" style=\"--hwrapper-gap:0\"><div class=\"w-vwrapper align_none valign_top\"><div class=\"wpb_text_column\"><div class=\"wpb_wrapper\"><\/div><\/div><\/div><div class=\"w-vwrapper align_none valign_top\"><div class=\"wpb_text_column\"><div class=\"wpb_wrapper\"><p><strong><span class=\"OYPEnA text-decoration-none text-strikethrough-none\">SESJA I &#8211; NAJNOWSZE OSI\u0104GNI\u0118CIA W KOREKCJI PREZBIOPII<\/span><\/strong><\/p>\n<\/div><\/div><div class=\"wpb_text_column\"><div class=\"wpb_wrapper\"><p><strong>Moderator: Prof. Andrzej Grzybowski (Polska)<\/strong><\/p>\n<\/div><\/div><\/div><\/div><div class=\"w-hwrapper align_none valign_top\" style=\"--hwrapper-gap:0\"><div class=\"w-vwrapper align_none valign_top\"><div class=\"wpb_text_column\"><div class=\"wpb_wrapper\"><p>14:02 &#8211; 14:17<\/p>\n<\/div><\/div><\/div><div class=\"w-vwrapper align_none valign_top\"><div class=\"wpb_text_column\"><div class=\"wpb_wrapper\"><p><em>Treatment of neuroadaptation failure following multifocal IOL implantation<\/em><\/p>\n<\/div><\/div><div class=\"wpb_text_column\"><div class=\"wpb_wrapper\"><p><strong>Prof. Jorge Alio (Hiszpania)<\/strong><\/p>\n<\/div><\/div><\/div><\/div><div class=\"w-hwrapper align_none valign_top\" style=\"--hwrapper-gap:0\"><div class=\"w-vwrapper align_none valign_top\"><div class=\"wpb_text_column\"><div class=\"wpb_wrapper\"><p>14:17 &#8211; 14:32<\/p>\n<\/div><\/div><\/div><div class=\"w-vwrapper align_none valign_top\"><div class=\"wpb_text_column\"><div class=\"wpb_wrapper\"><p><em>Factors leading to pseudoaccommodation: ESCRS MEROV study<\/em><\/p>\n<\/div><\/div><div class=\"wpb_text_column\"><div class=\"wpb_wrapper\"><p><strong>Prof. Mayank A. Nanavaty (Wlk. Brytania)<\/strong><\/p>\n<\/div><\/div><\/div><\/div><div class=\"w-hwrapper align_none valign_top\" style=\"--hwrapper-gap:0\"><div class=\"w-vwrapper align_none valign_top\"><div class=\"wpb_text_column\"><div class=\"wpb_wrapper\"><p>14:32 &#8211; 14:47<\/p>\n<\/div><\/div><\/div><div class=\"w-vwrapper align_none valign_top\"><div class=\"wpb_text_column\"><div class=\"wpb_wrapper\"><p lang=\"pl-PL\" align=\"justify\"><em>ESCRS IOL Calculator: Multi New-Generation Formulas for IOL power calculation<\/em><\/p>\n<\/div><\/div><div class=\"wpb_text_column\"><div class=\"wpb_wrapper\"><p><strong>Prof. Filomena Ribeiro (Portugalia)<\/strong><\/p>\n<\/div><\/div><\/div><\/div><div class=\"w-hwrapper align_none valign_top\" style=\"--hwrapper-gap:0\"><div class=\"w-vwrapper align_none valign_top\"><div class=\"wpb_text_column\"><div class=\"wpb_wrapper\"><p>14:47 &#8211; 15:02<\/p>\n<\/div><\/div><\/div><div class=\"w-vwrapper align_none valign_top\"><div class=\"wpb_text_column\"><div class=\"wpb_wrapper\"><p lang=\"pl-PL\" align=\"justify\"><em>Presbyopia Correction with Contact Lenses<\/em><\/p>\n<\/div><\/div><div class=\"wpb_text_column\"><div class=\"wpb_wrapper\"><p lang=\"pl-PL\" align=\"justify\"><strong>Dr Banu Arslan (Turcja)<\/strong><\/p>\n<\/div><\/div><div class=\"wpb_text_column\"><div class=\"wpb_wrapper\"><h5>Sesja satelitarna sponsorowana przez Johnson&amp;Johnson<\/h5>\n<\/div><\/div><\/div><\/div><div class=\"w-hwrapper align_none valign_top\" style=\"--hwrapper-gap:0\"><div class=\"w-vwrapper align_none valign_top\"><div class=\"wpb_text_column\"><div class=\"wpb_wrapper\"><p>15:02 &#8211; 15:17<\/p>\n<\/div><\/div><\/div><div class=\"w-vwrapper align_none valign_top\"><div class=\"wpb_text_column\"><div class=\"wpb_wrapper\"><p lang=\"pl-PL\" align=\"justify\"><em>Presbyopic phakic IOL \u2013 5 years data<\/em><\/p>\n<\/div><\/div><div class=\"wpb_text_column\"><div class=\"wpb_wrapper\"><p><strong>Dr Pavel Stod\u016flka (Czechy)<\/strong><\/p>\n<\/div><\/div><\/div><\/div><div class=\"w-hwrapper align_none valign_top\" style=\"--hwrapper-gap:0\"><div class=\"w-vwrapper align_none valign_top\"><div class=\"wpb_text_column\"><div class=\"wpb_wrapper\"><p lang=\"pl-PL\" align=\"justify\"><strong>15:17 &#8211; 15:27<\/strong><\/p>\n<\/div><\/div><\/div><div class=\"w-vwrapper align_none valign_top\"><div class=\"wpb_text_column\"><div class=\"wpb_wrapper\"><p><strong>Dyskusja<\/strong><\/p>\n<\/div><\/div><\/div><\/div><div class=\"w-separator us_custom_dd184a0a size_medium with_line width_default thick_5 style_solid color_secondary align_center\" id=\"n290\"><style>@media(max-width:1024px){ #n290{height:5rem!important}}@media(max-width:600px){ #n290{height:4rem!important}}<\/style><div class=\"w-separator-h\"><\/div><\/div><div class=\"w-hwrapper align_none valign_top\" style=\"--hwrapper-gap:0\"><div class=\"w-vwrapper align_none valign_top\"><div class=\"wpb_text_column\"><div class=\"wpb_wrapper\"><\/div><\/div><\/div><div class=\"w-vwrapper align_none valign_top\"><div class=\"wpb_text_column\"><div class=\"wpb_wrapper\"><p><strong><span class=\"OYPEnA text-decoration-none text-strikethrough-none\">SESJA II &#8211; PRZYPADKI KLINICZNE W KOREKCJI PREZBIOPII<\/span><\/strong><\/p>\n<\/div><\/div><div class=\"wpb_text_column\"><div class=\"wpb_wrapper\"><p><strong>Moderatorzy: Prof. Andrzej Grzybowski (Polska), Mayank A. Nanavaty (Wlk. Brytania)<\/strong><\/p>\n<\/div><\/div><\/div><\/div><div class=\"w-hwrapper align_none valign_top\" style=\"--hwrapper-gap:0\"><div class=\"w-vwrapper align_none valign_top\"><div class=\"wpb_text_column\"><div class=\"wpb_wrapper\"><p>15:28 \u2013 15:35<\/p>\n<\/div><\/div><\/div><div class=\"w-vwrapper align_none valign_top\"><div class=\"wpb_text_column\"><div class=\"wpb_wrapper\"><p><em>Przypadek kliniczny I\u00a0<\/em><\/p>\n<\/div><\/div><div class=\"wpb_text_column\"><div class=\"wpb_wrapper\"><p><strong>Prof. <\/strong><strong>Koray G\u00fcm\u00fc\u015f (Turkey)<\/strong><\/p>\n<\/div><\/div><div class=\"wpb_text_column\"><div class=\"wpb_wrapper\"><h5>Sesja satelitarna sponsorowana przez Johnson&amp;Johnson<\/h5>\n<\/div><\/div><\/div><\/div><div class=\"w-hwrapper align_none valign_top\" style=\"--hwrapper-gap:0\"><div class=\"w-vwrapper align_none valign_top\"><div class=\"wpb_text_column\"><div class=\"wpb_wrapper\"><p lang=\"pl-PL\" align=\"justify\">15:35 \u2013 15:42<\/p>\n<\/div><\/div><\/div><div class=\"w-vwrapper align_none valign_top\"><div class=\"wpb_text_column\"><div class=\"wpb_wrapper\"><p><em>Przypadek kliniczny II\u00a0<\/em><\/p>\n<\/div><\/div><div class=\"wpb_text_column\"><div class=\"wpb_wrapper\"><p><strong>Prof. Hongsheng Bi (Chiny)<\/strong><\/p>\n<\/div><\/div><\/div><\/div><div class=\"w-hwrapper align_none valign_top\" style=\"--hwrapper-gap:0\"><div class=\"w-vwrapper align_none valign_top\"><div class=\"wpb_text_column\"><div class=\"wpb_wrapper\"><p lang=\"pl-PL\" align=\"justify\">15:42 \u2013 15:49<\/p>\n<\/div><\/div><\/div><div class=\"w-vwrapper align_none valign_top\"><div class=\"wpb_text_column\"><div class=\"wpb_wrapper\"><p><em>Przypadek kliniczny III<\/em><\/p>\n<\/div><\/div><div class=\"wpb_text_column\"><div class=\"wpb_wrapper\"><p><strong>Dr Jiaqi Meng (Chiny)<\/strong><\/p>\n<\/div><\/div><\/div><\/div><div class=\"w-hwrapper align_none valign_top\" style=\"--hwrapper-gap:0\"><div class=\"w-vwrapper align_none valign_top\"><div class=\"wpb_text_column\"><div class=\"wpb_wrapper\"><p lang=\"pl-PL\" align=\"justify\">15:49 \u2013 15:56<\/p>\n<\/div><\/div><\/div><div class=\"w-vwrapper align_none valign_top\"><div class=\"wpb_text_column\"><div class=\"wpb_wrapper\"><p><em>Przypadek kliniczny IV<\/em><\/p>\n<\/div><\/div><div class=\"wpb_text_column\"><div class=\"wpb_wrapper\"><p><strong>Prof. Hongsheng Bi (Chiny)<\/strong><\/p>\n<\/div><\/div><\/div><\/div><div class=\"w-hwrapper align_none valign_top\" style=\"--hwrapper-gap:0\"><div class=\"w-vwrapper align_none valign_top\"><div class=\"wpb_text_column\"><div class=\"wpb_wrapper\"><p lang=\"pl-PL\" align=\"justify\">15:56 \u2013 16:03<\/p>\n<\/div><\/div><\/div><div class=\"w-vwrapper align_none valign_top\"><div class=\"wpb_text_column\"><div class=\"wpb_wrapper\"><p><em>Przypadek kliniczny V<\/em><\/p>\n<\/div><\/div><div class=\"wpb_text_column\"><div class=\"wpb_wrapper\"><p><strong>Prof. Hongsheng Bi (Chiny)<\/strong><\/p>\n<\/div><\/div><\/div><\/div><div class=\"w-hwrapper align_none valign_top\" style=\"--hwrapper-gap:0\"><div class=\"w-vwrapper align_none valign_top\"><div class=\"wpb_text_column\"><div class=\"wpb_wrapper\"><p lang=\"pl-PL\" align=\"justify\">16:03 \u2013 16:15<\/p>\n<\/div><\/div><\/div><div class=\"w-vwrapper align_none valign_top\"><div class=\"wpb_text_column\"><div class=\"wpb_wrapper\"><p><em>Przypadek kliniczny VI<\/em><\/p>\n<\/div><\/div><div class=\"wpb_text_column\"><div class=\"wpb_wrapper\"><p><strong>Dr Maciej Gaw\u0119cki (Polska)<\/strong><\/p>\n<\/div><\/div><div class=\"wpb_text_column\"><div class=\"wpb_wrapper\"><h5>Wyk\u0142ad sponsorowany przez Bausch &amp; Lomb<\/h5>\n<\/div><\/div><\/div><\/div><div class=\"w-hwrapper align_none valign_top\" style=\"--hwrapper-gap:0\"><div class=\"w-vwrapper align_none valign_top\"><div class=\"wpb_text_column\"><div class=\"wpb_wrapper\"><p lang=\"pl-PL\" align=\"justify\"><strong>16:15 &#8211; 16:25<\/strong><\/p>\n<\/div><\/div><\/div><div class=\"w-vwrapper align_none valign_top\"><div class=\"wpb_text_column\"><div class=\"wpb_wrapper\"><p><strong>Dyskusja<\/strong><\/p>\n<\/div><\/div><\/div><\/div><div class=\"w-separator us_custom_dd184a0a size_medium with_line width_default thick_5 style_solid color_secondary align_center\" id=\"r09b\"><style>@media(max-width:1024px){ #r09b{height:5rem!important}}@media(max-width:600px){ #r09b{height:4rem!important}}<\/style><div class=\"w-separator-h\"><\/div><\/div><div class=\"w-hwrapper align_none valign_top\" style=\"--hwrapper-gap:0\"><div class=\"w-vwrapper align_none valign_top\"><div class=\"wpb_text_column\"><div class=\"wpb_wrapper\"><p lang=\"pl-PL\"><strong>16:25 &#8211; 16:30<\/strong><\/p>\n<\/div><\/div><\/div><div class=\"w-vwrapper align_none valign_top\"><div class=\"wpb_text_column\"><div class=\"wpb_wrapper\"><p><strong>ZAKO\u0143CZENIE KONFERENCJI<\/strong><\/p>\n<\/div><\/div><\/div><\/div><\/div><\/div><\/div><\/div><\/div><\/section><section class=\"l-section wpb_row height_medium\"><div class=\"l-section-h i-cf\"><div class=\"g-cols vc_row via_flex valign_top type_default stacking_default\"><div class=\"vc_col-sm-12 wpb_column vc_column_container\"><div class=\"vc_column-inner\"><div class=\"wpb_wrapper\"><div class=\"w-separator size_medium\"><\/div><div class=\"wpb_text_column\"><div class=\"wpb_wrapper\"><h1><strong>Wa\u017cne daty <\/strong><\/h1>\n<ul>\n<li><strong>Rekrutacja przypadk\u00f3w do 15.10.2023 r.<\/strong>\n<ul>\n<li>Skorzystaj z poni\u017cszego formularza.<\/li>\n<\/ul>\n<\/li>\n<li><strong>Wyb\u00f3r najciekawszych przypadk\u00f3w do 20.10.2023<\/strong>\n<ul>\n<li>Informacje zostan\u0105 przekazane e-mailem.<\/li>\n<\/ul>\n<\/li>\n<li><strong>Ostateczny program konferencji do 27.10.2023<\/strong><\/li>\n<\/ul>\n<\/div><\/div><\/div><\/div><\/div><\/div><\/div><\/section>\n","protected":false},"excerpt":{"rendered":"Obejrzyj nagranieProgram konferencji &#8222;PRESBIOPIA 2023&#8221;10 LISTOPADA13:30 &#8211; 13:35 OTWARCIE KONFERENCJI Prof. Andrzej Grzybowski 13:35 &#8211; 13:50 WYK\u0141AD IM. WINCENTEGO FUKA\u0141Y Current understanding of accommodation and its different treatment modalities Prof. George Beiko (Kanada) 13:50 &#8211; 14:00 Dyskusja SESJA I &#8211; NAJNOWSZE OSI\u0104GNI\u0118CIA W KOREKCJI PREZBIOPII Moderator: Prof. Andrzej Grzybowski (Polska) 14:02 &#8211; 14:17 Treatment of...","protected":false},"author":1,"featured_media":0,"parent":0,"menu_order":6,"comment_status":"closed","ping_status":"closed","template":"","meta":{"footnotes":""},"acf":[],"_links":{"self":[{"href":"https:\/\/prezbiopia.pl\/konferencja23\/wp-json\/wp\/v2\/pages\/749"}],"collection":[{"href":"https:\/\/prezbiopia.pl\/konferencja23\/wp-json\/wp\/v2\/pages"}],"about":[{"href":"https:\/\/prezbiopia.pl\/konferencja23\/wp-json\/wp\/v2\/types\/page"}],"author":[{"embeddable":true,"href":"https:\/\/prezbiopia.pl\/konferencja23\/wp-json\/wp\/v2\/users\/1"}],"replies":[{"embeddable":true,"href":"https:\/\/prezbiopia.pl\/konferencja23\/wp-json\/wp\/v2\/comments?post=749"}],"version-history":[{"count":49,"href":"https:\/\/prezbiopia.pl\/konferencja23\/wp-json\/wp\/v2\/pages\/749\/revisions"}],"predecessor-version":[{"id":1120,"href":"https:\/\/prezbiopia.pl\/konferencja23\/wp-json\/wp\/v2\/pages\/749\/revisions\/1120"}],"wp:attachment":[{"href":"https:\/\/prezbiopia.pl\/konferencja23\/wp-json\/wp\/v2\/media?parent=749"}],"curies":[{"name":"wp","href":"https:\/\/api.w.org\/{rel}","templated":true}]}}