{"id":913,"date":"2023-09-01T11:49:40","date_gmt":"2023-09-01T09:49:40","guid":{"rendered":"https:\/\/prezbiopia.pl\/konferencja23\/?page_id=913"},"modified":"2023-10-04T12:53:12","modified_gmt":"2023-10-04T10:53:12","slug":"wyklad-im-w-fukaly","status":"publish","type":"page","link":"https:\/\/prezbiopia.pl\/konferencja23\/wyklad-im-w-fukaly\/","title":{"rendered":"Wyk\u0142ad im. W. Fuka\u0142y"},"content":{"rendered":"<section class=\"l-section wpb_row height_medium\"><div class=\"l-section-h i-cf\"><div class=\"g-cols vc_row via_flex valign_top type_default stacking_default\"><div class=\"vc_col-sm-12 wpb_column vc_column_container\"><div class=\"vc_column-inner\"><div class=\"wpb_wrapper\"><h1 class=\"w-text us_custom_58b1af09\"><span class=\"w-text-h\"><span class=\"w-text-value\">Wincenty Fuka\u0142a (1847-1895)<\/span><\/span><\/h1><h1 class=\"w-text us_custom_58b1af09\"><span class=\"w-text-h\"><span class=\"w-text-value\">Pionier chirurgii refrakcyjnej<\/span><\/span><\/h1><div class=\"g-cols wpb_row via_flex valign_top type_default stacking_default\"><div class=\"vc_col-sm-12 wpb_column vc_column_container\"><div class=\"vc_column-inner\"><div class=\"wpb_wrapper\"><div class=\"w-separator size_medium\"><\/div><div class=\"w-iconbox us_custom_0f088a09 has_text_color iconpos_left style_default color_primary align_none no_text\"><div class=\"w-iconbox-icon\" style=\"font-size:1rem;\"><i class=\"fas fa-square\"><\/i><\/div><div class=\"w-iconbox-meta\"><h4 class=\"w-iconbox-title\">Urodzi\u0142 si\u0119 w polskiej rodzinie w miejscowo\u015bci \u017b\u00f3\u0142kiew w Galicji (dzisiejsza Ukraina)<\/h4><\/div><\/div><div class=\"w-separator size_small\"><\/div><div class=\"w-iconbox us_custom_0f088a09 has_text_color iconpos_left style_default color_primary align_none no_text\"><div class=\"w-iconbox-icon\" style=\"font-size:1rem;\"><i class=\"fas fa-square\"><\/i><\/div><div class=\"w-iconbox-meta\"><h4 class=\"w-iconbox-title\">Studiowa\u0142 w Wiedniu gdzie uzyska\u0142 specjalizacj\u0119 z okulistyki u prof. von Arlt\u2019a<\/h4><\/div><\/div><div class=\"w-separator size_small\"><\/div><div class=\"w-iconbox us_custom_0f088a09 has_text_color iconpos_left style_default color_primary align_none no_text\"><div class=\"w-iconbox-icon\" style=\"font-size:1rem;\"><i class=\"fas fa-square\"><\/i><\/div><div class=\"w-iconbox-meta\"><h4 class=\"w-iconbox-title\">Przeprowadzi\u0142 pierwsz\u0105 operacj\u0119 refrakcyjn\u0105 (usuni\u0119cie przejrzystej soczewki w wysokiej kr\u00f3tkowzroczno\u015bci) w historii okulistyki (operacja Fuka\u0142y) w 1887 r., a do ko\u0144ca 1889 r. wyleczy\u0142 w ten spos\u00f3b 16 pacjent\u00f3w.<\/h4><\/div><\/div><div class=\"w-separator size_small\"><\/div><\/div><\/div><\/div><\/div><div class=\"w-separator size_medium\"><\/div><div class=\"g-cols wpb_row via_flex valign_top type_default stacking_default\"><div class=\"vc_col-sm-6 wpb_column vc_column_container\"><div class=\"vc_column-inner\"><div class=\"wpb_wrapper\"><div class=\"w-image align_center\"><div class=\"w-image-h\"><img loading=\"lazy\" decoding=\"async\" width=\"390\" height=\"271\" src=\"https:\/\/prezbiopia.pl\/konferencja23\/wp-content\/uploads\/2023\/09\/Fukala2.png\" class=\"attachment-large size-large\" alt=\"\" srcset=\"https:\/\/prezbiopia.pl\/konferencja23\/wp-content\/uploads\/2023\/09\/Fukala2.png 390w, https:\/\/prezbiopia.pl\/konferencja23\/wp-content\/uploads\/2023\/09\/Fukala2-300x208.png 300w\" sizes=\"(max-width: 390px) 100vw, 390px\" \/><\/div><\/div><\/div><\/div><\/div><div class=\"vc_col-sm-6 wpb_column vc_column_container\"><div class=\"vc_column-inner\"><div class=\"wpb_wrapper\"><div class=\"w-image align_center\"><div class=\"w-image-h\"><img loading=\"lazy\" decoding=\"async\" width=\"390\" height=\"259\" src=\"https:\/\/prezbiopia.pl\/konferencja23\/wp-content\/uploads\/2023\/09\/Fukala.png\" class=\"attachment-large size-large\" alt=\"\" srcset=\"https:\/\/prezbiopia.pl\/konferencja23\/wp-content\/uploads\/2023\/09\/Fukala.png 390w, https:\/\/prezbiopia.pl\/konferencja23\/wp-content\/uploads\/2023\/09\/Fukala-300x199.png 300w\" sizes=\"(max-width: 390px) 100vw, 390px\" \/><\/div><\/div><\/div><\/div><\/div><\/div><div class=\"w-separator size_medium\"><\/div><div class=\"g-cols wpb_row via_flex valign_top type_default stacking_default\"><div class=\"vc_col-sm-12 wpb_column vc_column_container\"><div class=\"vc_column-inner\"><div class=\"wpb_wrapper\"><div class=\"w-text us_custom_134d267e has_text_color\"><span class=\"w-text-h\"><span class=\"w-text-value\">\u0179r\u00f3d\u0142a:<\/span><\/span><\/div><div class=\"w-separator size_small\"><\/div><div class=\"wpb_text_column\"><div class=\"wpb_wrapper\"><ol>\n<li>Schmidt D, Grzybowski A. Vincenz Fukala (1847-1911) and the early history of clear-lens operations in high myopia. Saudi J Ophthalmol. 2013 Jan;27(1):41-6.<\/li>\n<li>Schmidt D, Grzybowski A. Vincenz Fukala (1847-1911): versatile surgeon and early historian of ophthalmology. Surv Ophthalmol. 2011 Nov-Dec;56(6):550-6.<\/li>\n<li>Schmidt D, Grzybowski A. Vincenz Fukala (1847-1911) and the early history of clear-lens surgery in high myopia. J Refract Surg. 2011 Sep;27(9):636-7.<\/li>\n<\/ol>\n<\/div><\/div><\/div><\/div><\/div><\/div><div class=\"w-separator size_medium\"><\/div><div class=\"w-separator us_custom_dd184a0a size_medium with_line width_default thick_5 style_solid color_secondary align_center\" id=\"ne16\"><style>@media(max-width:1024px){ #ne16{height:5rem!important}}@media(max-width:600px){ #ne16{height:4rem!important}}<\/style><div class=\"w-separator-h\"><\/div><\/div><div class=\"g-cols wpb_row via_flex valign_top type_default stacking_default\"><div class=\"vc_col-sm-12 wpb_column vc_column_container\"><div class=\"vc_column-inner\"><div class=\"wpb_wrapper\"><h1 class=\"w-text us_custom_58b1af09\"><span class=\"w-text-h\"><span class=\"w-text-value\">Wyk\u0142ady im. Wincentego Fuka\u0142y<\/span><\/span><\/h1><div class=\"w-separator size_medium\"><\/div><h1 class=\"w-text us_custom_538bf124 has_text_color\"><span class=\"w-text-h\"><span class=\"w-text-value\">Rok 2023<\/span><\/span><\/h1><div class=\"w-separator size_small\"><\/div><h3 class=\"w-text us_custom_538bf124 has_text_color\"><span class=\"w-text-h\"><span class=\"w-text-value\">Profesor George Beiko<\/span><\/span><\/h3><div class=\"w-separator size_small\"><\/div><h3 class=\"w-text us_custom_c8cb90df has_text_color\"><span class=\"w-text-h\"><span class=\"w-text-value\">&#8222;Current understanding of accommodation and its different treatment modalities&#8221;<\/span><\/span><\/h3><\/div><\/div><\/div><\/div><div class=\"g-cols wpb_row via_flex valign_top type_default stacking_default\"><div class=\"vc_col-sm-4 wpb_column vc_column_container\"><div class=\"vc_column-inner\"><div class=\"wpb_wrapper\"><div class=\"w-image us_custom_e846fb14 align_center\"><div class=\"w-image-h\"><img loading=\"lazy\" decoding=\"async\" width=\"300\" height=\"300\" src=\"https:\/\/prezbiopia.pl\/konferencja23\/wp-content\/uploads\/2023\/08\/G.Beiko_-300x300.jpg\" class=\"attachment-medium size-medium\" alt=\"\" srcset=\"https:\/\/prezbiopia.pl\/konferencja23\/wp-content\/uploads\/2023\/08\/G.Beiko_-300x300.jpg 300w, https:\/\/prezbiopia.pl\/konferencja23\/wp-content\/uploads\/2023\/08\/G.Beiko_-1024x1024.jpg 1024w, https:\/\/prezbiopia.pl\/konferencja23\/wp-content\/uploads\/2023\/08\/G.Beiko_-150x150.jpg 150w, https:\/\/prezbiopia.pl\/konferencja23\/wp-content\/uploads\/2023\/08\/G.Beiko_.jpg 1313w\" sizes=\"(max-width: 300px) 100vw, 300px\" \/><\/div><\/div><\/div><\/div><\/div><div class=\"vc_col-sm-8 wpb_column vc_column_container\"><div class=\"vc_column-inner\"><div class=\"wpb_wrapper\"><div class=\"w-separator size_medium\"><\/div><div class=\"w-separator size_small\"><\/div><div class=\"w-iconbox us_custom_0f088a09 has_text_color iconpos_left style_default color_primary align_none no_text\"><div class=\"w-iconbox-icon\" style=\"font-size:1rem;\"><i class=\"fas fa-square\"><\/i><\/div><div class=\"w-iconbox-meta\"><h4 class=\"w-iconbox-title\">Profesor na McMaster University i Toronto University w Kanadzie<\/h4><\/div><\/div><div class=\"w-separator size_small\"><\/div><div class=\"w-iconbox us_custom_0f088a09 has_text_color iconpos_left style_default color_primary align_none no_text\"><div class=\"w-iconbox-icon\" style=\"font-size:1rem;\"><i class=\"fas fa-square\"><\/i><\/div><div class=\"w-iconbox-meta\"><h4 class=\"w-iconbox-title\">Opublikowa\u0142 ponad 30 recenzowanych artyku\u0142\u00f3w i jest autorem 13 rozdzia\u0142\u00f3w ksi\u0105\u017cek. Wyg\u0142osi\u0142 ponad 700 prezentacji naukowych na spotkaniach na ca\u0142ym \u015bwiecie.<\/h4><\/div><\/div><div class=\"w-separator size_small\"><\/div><div class=\"w-iconbox us_custom_0f088a09 has_text_color iconpos_left style_default color_primary align_none no_text\"><div class=\"w-iconbox-icon\" style=\"font-size:1rem;\"><i class=\"fas fa-square\"><\/i><\/div><div class=\"w-iconbox-meta\"><h4 class=\"w-iconbox-title\">Cz\u0142onek panelu recenzent\u00f3w lub rady redakcyjnej ponad 30 czasopism okulistycznych.<\/h4><\/div><\/div><div class=\"w-separator size_small\"><\/div><div class=\"w-iconbox us_custom_0f088a09 has_text_color iconpos_left style_default color_primary align_none no_text\"><div class=\"w-iconbox-icon\" style=\"font-size:1rem;\"><i class=\"fas fa-square\"><\/i><\/div><div class=\"w-iconbox-meta\"><h4 class=\"w-iconbox-title\">Uznany za jednego z &#8222;Premier Surgeons&#8221; w Ameryce P\u00f3\u0142nocnej (zrzesza 250 chirurg\u00f3w)<\/h4><\/div><\/div><div class=\"w-separator size_small\"><\/div><div class=\"w-iconbox us_custom_0f088a09 has_text_color iconpos_left style_default color_primary align_none no_text\"><div class=\"w-iconbox-icon\" style=\"font-size:1rem;\"><i class=\"fas fa-square\"><\/i><\/div><div class=\"w-iconbox-meta\"><h4 class=\"w-iconbox-title\">Otrzyma\u0142 wiele nagr\u00f3d w tym Z\u0142oty Medal przyznawany przez Indyjskie Towarzystwo Za\u0107my i Chirurgii Refrakcyjnej, nagrod\u0105 za osi\u0105gni\u0119cia Ameryka\u0144skiej Akademii Okulistyki, czy nagrod\u0119 Boberg-Ans przyznawan\u0105 przez Du\u0144skie Towarzystwo Okulistyczne.<\/h4><\/div><\/div><\/div><\/div><\/div><\/div><div class=\"w-separator us_custom_dd184a0a size_medium with_line width_default thick_5 style_solid color_secondary align_center\" id=\"o0b2\"><style>@media(max-width:1024px){ #o0b2{height:5rem!important}}@media(max-width:600px){ #o0b2{height:4rem!important}}<\/style><div class=\"w-separator-h\"><\/div><\/div><div class=\"g-cols wpb_row via_flex valign_top type_default stacking_default\"><div class=\"vc_col-sm-12 wpb_column vc_column_container\"><div class=\"vc_column-inner\"><div class=\"wpb_wrapper\"><h1 class=\"w-text us_custom_538bf124 has_text_color\"><span class=\"w-text-h\"><span class=\"w-text-value\">Rok 2022<\/span><\/span><\/h1><div class=\"w-separator size_small\"><\/div><h3 class=\"w-text us_custom_538bf124 has_text_color\"><span class=\"w-text-h\"><span class=\"w-text-value\">Profesor Zbigniew Zag\u00f3rski<\/span><\/span><\/h3><div class=\"w-separator size_small\"><\/div><h3 class=\"w-text us_custom_c8cb90df has_text_color\"><span class=\"w-text-h\"><span class=\"w-text-value\">&#8222;Znaczenie powierzchni oka w chirurgicznej korekcji prezbiopii&#8221;<\/span><\/span><\/h3><\/div><\/div><\/div><\/div><div class=\"g-cols wpb_row via_flex valign_top type_default stacking_default\"><div class=\"vc_col-sm-8 wpb_column vc_column_container\"><div class=\"vc_column-inner\"><div class=\"wpb_wrapper\"><div class=\"w-separator size_small\"><\/div><div class=\"w-separator size_medium\"><\/div><div class=\"w-iconbox us_custom_0f088a09 has_text_color iconpos_left style_default color_primary align_none no_text\"><div class=\"w-iconbox-icon\" style=\"font-size:1rem;\"><i class=\"fas fa-square\"><\/i><\/div><div class=\"w-iconbox-meta\"><h4 class=\"w-iconbox-title\">Wybitny chirurg &#8211; przeprowadzi\u0142 ponad 20 000 operacji z r\u00f3\u017cnych dziedzin okulistyki<\/h4><\/div><\/div><div class=\"w-separator size_small\"><\/div><div class=\"w-iconbox us_custom_0f088a09 has_text_color iconpos_left style_default color_primary align_none no_text\"><div class=\"w-iconbox-icon\" style=\"font-size:1rem;\"><i class=\"fas fa-square\"><\/i><\/div><div class=\"w-iconbox-meta\"><h4 class=\"w-iconbox-title\">Kierownik Katedry Okulistyki im. Profesora Krwawicza UM w Lublinie w latach 1991 \u2013 2006<\/h4><\/div><\/div><div class=\"w-separator size_small\"><\/div><div class=\"w-iconbox us_custom_0f088a09 has_text_color iconpos_left style_default color_primary align_none no_text\"><div class=\"w-iconbox-icon\" style=\"font-size:1rem;\"><i class=\"fas fa-square\"><\/i><\/div><div class=\"w-iconbox-meta\"><h4 class=\"w-iconbox-title\">Jest autorem ok. 200 publikacji naukowych, a tak\u017ce redaktorem 5 ksi\u0105\u017cek o tematyce okulistycznej<\/h4><\/div><\/div><div class=\"w-separator size_small\"><\/div><div class=\"w-iconbox us_custom_0f088a09 has_text_color iconpos_left style_default color_primary align_none no_text\"><div class=\"w-iconbox-icon\" style=\"font-size:1rem;\"><i class=\"fas fa-square\"><\/i><\/div><div class=\"w-iconbox-meta\"><h4 class=\"w-iconbox-title\">W 1998 r. otworzy\u0142 pierwszy O\u015brodek Chirurgii Oka w Na\u0142\u0119czowie, a nast\u0119pnie podobne o\u015brodki w Rzeszowie, Krakowie, \u0141ucku (Ukraina) i Nowym S\u0105czu<\/h4><\/div><\/div><div class=\"w-separator size_small\"><\/div><div class=\"w-iconbox us_custom_0f088a09 has_text_color iconpos_left style_default color_primary align_none no_text\"><div class=\"w-iconbox-icon\" style=\"font-size:1rem;\"><i class=\"fas fa-square\"><\/i><\/div><div class=\"w-iconbox-meta\"><h4 class=\"w-iconbox-title\">Obecnie Grupa Medyczna OCHO posiada plac\u00f3wki w Krakowie, Na\u0142\u0119czowie, Nowym S\u0105czu, Rzeszowie, Lublinie, Lubartowie i Zwoleniu<\/h4><\/div><\/div><\/div><\/div><\/div><div class=\"vc_col-sm-4 wpb_column vc_column_container\"><div class=\"vc_column-inner\"><div class=\"wpb_wrapper\"><div class=\"w-image us_custom_e846fb14 align_center\"><div class=\"w-image-h\"><img loading=\"lazy\" decoding=\"async\" width=\"300\" height=\"300\" src=\"https:\/\/prezbiopia.pl\/konferencja23\/wp-content\/uploads\/2022\/10\/zbigniew-zagorski-300x300.jpg\" class=\"attachment-medium size-medium\" alt=\"zbigniew zag\u00f3rski\" srcset=\"https:\/\/prezbiopia.pl\/konferencja23\/wp-content\/uploads\/2022\/10\/zbigniew-zagorski-300x300.jpg 300w, https:\/\/prezbiopia.pl\/konferencja23\/wp-content\/uploads\/2022\/10\/zbigniew-zagorski-150x150.jpg 150w, https:\/\/prezbiopia.pl\/konferencja23\/wp-content\/uploads\/2022\/10\/zbigniew-zagorski.jpg 800w\" sizes=\"(max-width: 300px) 100vw, 300px\" \/><\/div><\/div><\/div><\/div><\/div><\/div><div class=\"w-separator us_custom_dd184a0a size_medium with_line width_default thick_5 style_solid color_secondary align_center\" id=\"w0f2\"><style>@media(max-width:1024px){ #w0f2{height:5rem!important}}@media(max-width:600px){ #w0f2{height:4rem!important}}<\/style><div class=\"w-separator-h\"><\/div><\/div><div class=\"g-cols wpb_row via_flex valign_top type_default stacking_default\"><div class=\"vc_col-sm-12 wpb_column vc_column_container\"><div class=\"vc_column-inner\"><div class=\"wpb_wrapper\"><h1 class=\"w-text us_custom_538bf124 has_text_color\"><span class=\"w-text-h\"><span class=\"w-text-value\">Rok 2021<\/span><\/span><\/h1><div class=\"w-separator size_small\"><\/div><h3 class=\"w-text us_custom_538bf124 has_text_color\"><span class=\"w-text-h\"><span class=\"w-text-value\">Profesor Jorge Ali\u00f3<\/span><\/span><\/h3><div class=\"w-separator size_small\"><\/div><h3 class=\"w-text us_custom_c8cb90df has_text_color\"><span class=\"w-text-h\"><span class=\"w-text-value\">&#8222;Multifocal Intraocular Lenses: how to solve neuroadaptation problems&#8221;<\/span><\/span><\/h3><\/div><\/div><\/div><\/div><div class=\"g-cols wpb_row via_flex valign_top type_default stacking_default\"><div class=\"vc_col-sm-4 wpb_column vc_column_container\"><div class=\"vc_column-inner\"><div class=\"wpb_wrapper\"><div class=\"w-separator size_medium\"><\/div><div class=\"w-separator size_small\"><\/div><div class=\"w-image align_none\"><div class=\"w-image-h\"><img loading=\"lazy\" decoding=\"async\" width=\"255\" height=\"255\" src=\"https:\/\/prezbiopia.pl\/konferencja23\/wp-content\/uploads\/2023\/08\/csm_Aliox850_dfd74b4a46.webp\" class=\"attachment-large size-large\" alt=\"\" srcset=\"https:\/\/prezbiopia.pl\/konferencja23\/wp-content\/uploads\/2023\/08\/csm_Aliox850_dfd74b4a46.webp 255w, https:\/\/prezbiopia.pl\/konferencja23\/wp-content\/uploads\/2023\/08\/csm_Aliox850_dfd74b4a46-150x150.webp 150w\" sizes=\"(max-width: 255px) 100vw, 255px\" \/><\/div><\/div><\/div><\/div><\/div><div class=\"vc_col-sm-8 wpb_column vc_column_container\"><div class=\"vc_column-inner\"><div class=\"wpb_wrapper\"><div class=\"w-separator size_small\"><\/div><div class=\"w-separator size_medium\"><\/div><div class=\"w-iconbox us_custom_0f088a09 has_text_color iconpos_left style_default color_primary align_none no_text\"><div class=\"w-iconbox-icon\" style=\"font-size:1rem;\"><i class=\"fas fa-square\"><\/i><\/div><div class=\"w-iconbox-meta\"><h4 class=\"w-iconbox-title\">Kierownik Katedry Okulistyki od 1987 roku na Uniwersytecie w Alicante a od 2002 na Uniwersytecie Miguela Hern\u00e1ndeza w Elche<\/h4><\/div><\/div><div class=\"w-separator size_small\"><\/div><div class=\"w-iconbox us_custom_0f088a09 has_text_color iconpos_left style_default color_primary align_none no_text\"><div class=\"w-iconbox-icon\" style=\"font-size:1rem;\"><i class=\"fas fa-square\"><\/i><\/div><div class=\"w-iconbox-meta\"><h4 class=\"w-iconbox-title\">Wybitny chirurg &#8211; przeprowadzi\u0142 ponad 55 000 operacji z r\u00f3\u017cnych dziedzin okulistyki<\/h4><\/div><\/div><div class=\"w-separator size_small\"><\/div><div class=\"w-iconbox us_custom_0f088a09 has_text_color iconpos_left style_default color_primary align_none no_text\"><div class=\"w-iconbox-icon\" style=\"font-size:1rem;\"><i class=\"fas fa-square\"><\/i><\/div><div class=\"w-iconbox-meta\"><h4 class=\"w-iconbox-title\">Jest autorem lub wsp\u00f3\u0142autorem 669 recenzowanych artyku\u0142\u00f3w naukowych oraz 99 ksi\u0105\u017cek<\/h4><\/div><\/div><div class=\"w-separator size_small\"><\/div><div class=\"w-iconbox us_custom_0f088a09 has_text_color iconpos_left style_default color_primary align_none no_text\"><div class=\"w-iconbox-icon\" style=\"font-size:1rem;\"><i class=\"fas fa-square\"><\/i><\/div><div class=\"w-iconbox-meta\"><h4 class=\"w-iconbox-title\">G\u0142\u00f3wne obszary zainteresowa\u0144 naukowych Profesora to chirurgia za\u0107my, rog\u00f3wki i chirurgia refrakcyjna<\/h4><\/div><\/div><div class=\"w-separator size_small\"><\/div><div class=\"w-iconbox us_custom_0f088a09 has_text_color iconpos_left style_default color_primary align_none no_text\"><div class=\"w-iconbox-icon\" style=\"font-size:1rem;\"><i class=\"fas fa-square\"><\/i><\/div><div class=\"w-iconbox-meta\"><h4 class=\"w-iconbox-title\">Jest cz\u0142onkiem 26 Towarzystw Naukowych na ca\u0142ym \u015bwiecie<\/h4><\/div><\/div><div class=\"w-separator size_small\"><\/div><\/div><\/div><\/div><\/div><\/div><\/div><\/div><\/div><\/div><\/section>\n","protected":false},"excerpt":{"rendered":"Wincenty Fuka\u0142a (1847-1895)Pionier chirurgii refrakcyjnejUrodzi\u0142 si\u0119 w polskiej rodzinie w miejscowo\u015bci \u017b\u00f3\u0142kiew w Galicji (dzisiejsza Ukraina)Studiowa\u0142 w Wiedniu gdzie uzyska\u0142 specjalizacj\u0119 z okulistyki u prof. von Arlt\u2019aPrzeprowadzi\u0142 pierwsz\u0105 operacj\u0119 refrakcyjn\u0105 (usuni\u0119cie przejrzystej soczewki w wysokiej kr\u00f3tkowzroczno\u015bci) w historii okulistyki (operacja Fuka\u0142y) w 1887 r., a do ko\u0144ca 1889 r. wyleczy\u0142 w ten spos\u00f3b 16 pacjent\u00f3w.\u0179r\u00f3d\u0142a:...","protected":false},"author":5,"featured_media":0,"parent":0,"menu_order":20,"comment_status":"closed","ping_status":"closed","template":"","meta":{"footnotes":""},"acf":[],"_links":{"self":[{"href":"https:\/\/prezbiopia.pl\/konferencja23\/wp-json\/wp\/v2\/pages\/913"}],"collection":[{"href":"https:\/\/prezbiopia.pl\/konferencja23\/wp-json\/wp\/v2\/pages"}],"about":[{"href":"https:\/\/prezbiopia.pl\/konferencja23\/wp-json\/wp\/v2\/types\/page"}],"author":[{"embeddable":true,"href":"https:\/\/prezbiopia.pl\/konferencja23\/wp-json\/wp\/v2\/users\/5"}],"replies":[{"embeddable":true,"href":"https:\/\/prezbiopia.pl\/konferencja23\/wp-json\/wp\/v2\/comments?post=913"}],"version-history":[{"count":73,"href":"https:\/\/prezbiopia.pl\/konferencja23\/wp-json\/wp\/v2\/pages\/913\/revisions"}],"predecessor-version":[{"id":1052,"href":"https:\/\/prezbiopia.pl\/konferencja23\/wp-json\/wp\/v2\/pages\/913\/revisions\/1052"}],"wp:attachment":[{"href":"https:\/\/prezbiopia.pl\/konferencja23\/wp-json\/wp\/v2\/media?parent=913"}],"curies":[{"name":"wp","href":"https:\/\/api.w.org\/{rel}","templated":true}]}}